{"id":23116,"date":"2026-02-23T13:59:53","date_gmt":"2026-02-23T12:59:53","guid":{"rendered":"http:\/\/lynxproaudio.loading.net\/?page_id=23116"},"modified":"2026-03-16T10:34:16","modified_gmt":"2026-03-16T09:34:16","slug":"otras-aplicaciones","status":"publish","type":"page","link":"https:\/\/pre.lynxproaudio.com\/es\/referencias\/otras-aplicaciones\/","title":{"rendered":"Otras aplicaciones"},"content":{"rendered":"\t\t<div data-elementor-type=\"wp-page\" data-elementor-id=\"23116\" class=\"elementor elementor-23116 elementor-23115\" data-elementor-post-type=\"page\">\n\t\t\t\t<div class=\"elementor-element elementor-element-082553a e-con-full cabecera-serie e-flex wcf-starter-animations-none e-con e-parent\" data-id=\"082553a\" data-element_type=\"container\" data-e-type=\"container\" data-settings=\"{&quot;wcf_enable_cursor_hover_effect_text&quot;:&quot;View&quot;,&quot;background_background&quot;:&quot;video&quot;,&quot;background_video_link&quot;:&quot;https:\\\/\\\/youtu.be\\\/tmFm1xCjmBs&quot;,&quot;background_play_on_mobile&quot;:&quot;yes&quot;,&quot;background_video_start&quot;:55,&quot;background_video_end&quot;:70,&quot;wcf-animation&quot;:&quot;none&quot;,&quot;wcf_enable_horizontal_scroll&quot;:&quot;no&quot;}\">\n\t\t<div class=\"elementor-background-video-container\">\n\t\t\t\t\t\t\t<div class=\"elementor-background-video-embed\" role=\"presentation\"><\/div>\n\t\t\t\t\t\t<\/div>\t\t<\/div>\n\t\t<div class=\"elementor-element elementor-element-95df945 e-flex e-con-boxed wcf-starter-animations-none e-con e-parent\" data-id=\"95df945\" data-element_type=\"container\" data-e-type=\"container\" data-settings=\"{&quot;wcf_enable_cursor_hover_effect_text&quot;:&quot;View&quot;,&quot;wcf-animation&quot;:&quot;none&quot;,&quot;wcf_enable_horizontal_scroll&quot;:&quot;no&quot;}\">\n\t\t\t\t\t<div class=\"e-con-inner\">\n\t\t<div class=\"elementor-element elementor-element-1005176 e-con-full e-flex wcf-starter-animations-none e-con e-child\" data-id=\"1005176\" data-element_type=\"container\" data-e-type=\"container\" data-settings=\"{&quot;wcf_enable_cursor_hover_effect_text&quot;:&quot;View&quot;,&quot;wcf-animation&quot;:&quot;none&quot;,&quot;wcf_enable_horizontal_scroll&quot;:&quot;no&quot;}\">\n\t\t\t\t<div class=\"elementor-element elementor-element-58f8664 elementor-widget-mobile__width-inherit wcf-t-animation-text_move wcf-starter-animations-none elementor-widget elementor-widget-wcf--title\" data-id=\"58f8664\" data-element_type=\"widget\" data-e-type=\"widget\" data-settings=\"{&quot;text_transform_origin&quot;:&quot;top center -50&quot;,&quot;wcf_text_animation&quot;:&quot;text_move&quot;,&quot;wcf_starter_animations&quot;:&quot;none&quot;,&quot;wcf_anim_duration&quot;:1000,&quot;wcf_anim_delay&quot;:0,&quot;wcf_anim_ease&quot;:&quot;ease&quot;,&quot;aae_text_trigger&quot;:&quot;on_scroll&quot;,&quot;text_delay&quot;:0.15,&quot;text_duration&quot;:1,&quot;text_stagger&quot;:0.02,&quot;text_rotation_di&quot;:&quot;x&quot;,&quot;text_rotation&quot;:&quot;-80&quot;,&quot;wcf-animation&quot;:&quot;none&quot;}\" data-widget_type=\"wcf--title.default\">\n\t\t\t\t<div class=\"elementor-widget-container\">\n\t\t\t\t\t<h1 class=\"wcf--title\">Otras aplicaciones<\/h1>\t\t\t\t<\/div>\n\t\t\t\t<\/div>\n\t\t\t\t<\/div>\n\t\t\t\t\t<\/div>\n\t\t\t\t<\/div>\n\t\t<div class=\"elementor-element elementor-element-289ae7e3 e-flex e-con-boxed wcf-starter-animations-none e-con e-parent\" data-id=\"289ae7e3\" data-element_type=\"container\" data-e-type=\"container\" data-settings=\"{&quot;wcf_enable_cursor_hover_effect_text&quot;:&quot;View&quot;,&quot;wcf-animation&quot;:&quot;none&quot;,&quot;wcf_enable_horizontal_scroll&quot;:&quot;no&quot;}\">\n\t\t\t\t\t<div class=\"e-con-inner\">\n\t\t\t\t\t<\/div>\n\t\t\t\t<\/div>\n\t\t<div class=\"aae-disable-transition elementor-element elementor-element-ece5bdd e-flex e-con-boxed wcf-starter-animations-none e-con e-parent\" data-id=\"ece5bdd\" data-element_type=\"container\" data-e-type=\"container\" data-settings=\"{&quot;wcf_enable_cursor_hover_effect_text&quot;:&quot;View&quot;,&quot;wcf-animation&quot;:&quot;fade&quot;,&quot;data-duration&quot;:0.75,&quot;fade-offset&quot;:40,&quot;delay&quot;:0.5,&quot;wcf_enable_animation_editor&quot;:&quot;yes&quot;,&quot;aae_method&quot;:&quot;from&quot;,&quot;aae_trigger&quot;:&quot;on_scroll&quot;,&quot;fade-from&quot;:&quot;bottom&quot;,&quot;ease&quot;:&quot;power2.out&quot;,&quot;wcf_enable_horizontal_scroll&quot;:&quot;no&quot;}\">\n\t\t\t\t\t<div class=\"e-con-inner\">\n\t\t\t\t<div class=\"elementor-element elementor-element-853732e wcf--title-underline wcf--image-effect-zoom-in elementor-widget elementor-widget-wcf--posts-pro\" data-id=\"853732e\" data-element_type=\"widget\" data-e-type=\"widget\" data-settings=\"{&quot;show_title_highlight&quot;:&quot;yes&quot;,&quot;highlight_title_length&quot;:5,&quot;wcf-animation&quot;:&quot;none&quot;}\" data-widget_type=\"wcf--posts-pro.default\">\n\t\t\t\t<div class=\"elementor-widget-container\">\n\t\t\t\t\t        <div class=\"wcf__posts-pro layout-normal\">        <div class=\"wcf-posts\">\r\n\t\t        <article class=\"wcf-post post-18008 post type-post status-publish format-standard has-post-thumbnail hentry category-instalaciones category-nuestros-clientes category-otras-aplicaciones tag-restaurantes\">\r\n\r\n\t\t\t\t\t<div class=\"thumb wcf--format-\">\r\n\t\t\t<a href=\"https:\/\/pre.lynxproaudio.com\/es\/slvj-restaurante-exotico-hotel-5-estrellas-only-you\/\">\r\n\t\t\t\t<img fetchpriority=\"high\" decoding=\"async\" width=\"768\" height=\"512\" src=\"https:\/\/pre.lynxproaudio.com\/wp-content\/uploads\/2023\/04\/LynxPro-Audio-SLVJ-redes-03-768x512.jpg\" class=\"attachment-medium_large size-medium_large wp-image-17765\" alt=\"LynxPro Audio-SLVJ installation\" srcset=\"https:\/\/pre.lynxproaudio.com\/wp-content\/uploads\/2023\/04\/LynxPro-Audio-SLVJ-redes-03-768x512.jpg 768w, https:\/\/pre.lynxproaudio.com\/wp-content\/uploads\/2023\/04\/LynxPro-Audio-SLVJ-redes-03-300x200.jpg 300w, https:\/\/pre.lynxproaudio.com\/wp-content\/uploads\/2023\/04\/LynxPro-Audio-SLVJ-redes-03-1024x683.jpg 1024w, https:\/\/pre.lynxproaudio.com\/wp-content\/uploads\/2023\/04\/LynxPro-Audio-SLVJ-redes-03-1536x1025.jpg 1536w, https:\/\/pre.lynxproaudio.com\/wp-content\/uploads\/2023\/04\/LynxPro-Audio-SLVJ-redes-03.jpg 2048w\" sizes=\"(max-width: 768px) 100vw, 768px\" \/>\t\t\t<\/a>\r\n\t\t\t\t\t<\/div>\r\n\t\t\t<h3 class=\"wcf-post-title\">\r\n\t\t\t<a href=\"https:\/\/pre.lynxproaudio.com\/es\/slvj-restaurante-exotico-hotel-5-estrellas-only-you\/\">\r\n\t\t\t\t<span class=\"highlight\">SLVJ, un restaurante ex\u00f3tico dentro<\/span> del hotel de 5 estrellas \u00abOnly You\u00bb\t\t\t<\/a>\r\n\t\t<\/h3>\r\n\t\t\t<div class=\"wcf-post-excerpt\">\r\n\t\t\t<p>El restaurante SLVJ (Salvaje) es un restaurante de moda, situado en el lobby del hotel cinco estrellas \u00abOnly You\u00bb, en pleno centro de Valencia. Este local cuenta con dos plantas,\t\t<\/div>\r\n\t        <\/article>\r\n\t\t        <article class=\"wcf-post post-18002 post type-post status-publish format-standard has-post-thumbnail hentry category-instalaciones category-otras-aplicaciones\">\r\n\r\n\t\t\t\t\t<div class=\"thumb wcf--format-\">\r\n\t\t\t<a href=\"https:\/\/pre.lynxproaudio.com\/es\/exhibicion-inmersiva-ron-arad-720o-en-la-marina\/\">\r\n\t\t\t\t<img decoding=\"async\" width=\"768\" height=\"512\" src=\"https:\/\/pre.lynxproaudio.com\/wp-content\/uploads\/2022\/09\/ron-arad-vista-noche-768x512.jpg\" class=\"attachment-medium_large size-medium_large wp-image-17753\" alt=\"\" srcset=\"https:\/\/pre.lynxproaudio.com\/wp-content\/uploads\/2022\/09\/ron-arad-vista-noche-768x512.jpg 768w, https:\/\/pre.lynxproaudio.com\/wp-content\/uploads\/2022\/09\/ron-arad-vista-noche-300x200.jpg 300w, https:\/\/pre.lynxproaudio.com\/wp-content\/uploads\/2022\/09\/ron-arad-vista-noche.jpg 1024w\" sizes=\"(max-width: 768px) 100vw, 768px\" \/>\t\t\t<\/a>\r\n\t\t\t\t\t<\/div>\r\n\t\t\t<h3 class=\"wcf-post-title\">\r\n\t\t\t<a href=\"https:\/\/pre.lynxproaudio.com\/es\/exhibicion-inmersiva-ron-arad-720o-en-la-marina\/\">\r\n\t\t\t\t<span class=\"highlight\">Exhibici\u00f3n inmersiva \u00abRon Arad 720\u00ba\u00bb<\/span> en La Marina\t\t\t<\/a>\r\n\t\t<\/h3>\r\n\t\t\t<div class=\"wcf-post-excerpt\">\r\n\t\t\t<p>Este verano hemos podido disfrutar de la experiencia art\u00edstica inmersiva llamada\u00a0\u00abCurtain Call\u00bb, una cortina de ocho metros de altura compuesta por m\u00e1s de 5.000 varillas de silicona, y sobre cuya\t\t<\/div>\r\n\t        <\/article>\r\n\t\t        <article class=\"wcf-post post-17999 post type-post status-publish format-standard has-post-thumbnail hentry category-instalaciones category-nacional-es category-noticias category-otras-aplicaciones\">\r\n\r\n\t\t\t\t\t<div class=\"thumb wcf--format-\">\r\n\t\t\t<a href=\"https:\/\/pre.lynxproaudio.com\/es\/sistemas-juno-resistentes-intemperie-sundays-beach-club\/\">\r\n\t\t\t\t<img decoding=\"async\" width=\"768\" height=\"767\" src=\"https:\/\/pre.lynxproaudio.com\/wp-content\/uploads\/2022\/07\/Sundays-beach-club-portada-768x767.jpg\" class=\"attachment-medium_large size-medium_large wp-image-17747\" alt=\"\" srcset=\"https:\/\/pre.lynxproaudio.com\/wp-content\/uploads\/2022\/07\/Sundays-beach-club-portada-768x767.jpg 768w, https:\/\/pre.lynxproaudio.com\/wp-content\/uploads\/2022\/07\/Sundays-beach-club-portada-300x300.jpg 300w, https:\/\/pre.lynxproaudio.com\/wp-content\/uploads\/2022\/07\/Sundays-beach-club-portada-1024x1024.jpg 1024w, https:\/\/pre.lynxproaudio.com\/wp-content\/uploads\/2022\/07\/Sundays-beach-club-portada-150x150.jpg 150w, https:\/\/pre.lynxproaudio.com\/wp-content\/uploads\/2022\/07\/Sundays-beach-club-portada.jpg 1039w\" sizes=\"(max-width: 768px) 100vw, 768px\" \/>\t\t\t<\/a>\r\n\t\t\t\t\t<\/div>\r\n\t\t\t<h3 class=\"wcf-post-title\">\r\n\t\t\t<a href=\"https:\/\/pre.lynxproaudio.com\/es\/sistemas-juno-resistentes-intemperie-sundays-beach-club\/\">\r\n\t\t\t\t<span class=\"highlight\">Sistemas Juno resistentes a la<\/span> intemperie en el Sundays Beach Club\t\t\t<\/a>\r\n\t\t<\/h3>\r\n\t\t\t<div class=\"wcf-post-excerpt\">\r\n\t\t\t<p>Sundays Beach Club es un lugar para relajarse y disfrutar de uno de los rincones m\u00e1s bonitos de Bali. En este lugar puedes disfrutar de playas con agua cristalina, de\t\t<\/div>\r\n\t        <\/article>\r\n\t\t        <article class=\"wcf-post post-17997 post type-post status-publish format-standard has-post-thumbnail hentry category-instalaciones category-nuestros-clientes category-otras-aplicaciones\">\r\n\r\n\t\t\t\t\t<div class=\"thumb wcf--format-\">\r\n\t\t\t<a href=\"https:\/\/pre.lynxproaudio.com\/es\/jp-1886-restaurante-antigua-fabrica-verkade-amsterdam\/\">\r\n\t\t\t\t<img loading=\"lazy\" decoding=\"async\" width=\"768\" height=\"576\" src=\"https:\/\/pre.lynxproaudio.com\/wp-content\/uploads\/2022\/06\/Lynx-Pro-Audio-Amsterdam-Jp1886-05-min-768x576.jpg\" class=\"attachment-medium_large size-medium_large wp-image-17745\" alt=\"\" srcset=\"https:\/\/pre.lynxproaudio.com\/wp-content\/uploads\/2022\/06\/Lynx-Pro-Audio-Amsterdam-Jp1886-05-min-768x576.jpg 768w, https:\/\/pre.lynxproaudio.com\/wp-content\/uploads\/2022\/06\/Lynx-Pro-Audio-Amsterdam-Jp1886-05-min-300x225.jpg 300w, https:\/\/pre.lynxproaudio.com\/wp-content\/uploads\/2022\/06\/Lynx-Pro-Audio-Amsterdam-Jp1886-05-min-1024x768.jpg 1024w, https:\/\/pre.lynxproaudio.com\/wp-content\/uploads\/2022\/06\/Lynx-Pro-Audio-Amsterdam-Jp1886-05-min-1536x1152.jpg 1536w, https:\/\/pre.lynxproaudio.com\/wp-content\/uploads\/2022\/06\/Lynx-Pro-Audio-Amsterdam-Jp1886-05-min.jpg 2048w\" sizes=\"(max-width: 768px) 100vw, 768px\" \/>\t\t\t<\/a>\r\n\t\t\t\t\t<\/div>\r\n\t\t\t<h3 class=\"wcf-post-title\">\r\n\t\t\t<a href=\"https:\/\/pre.lynxproaudio.com\/es\/jp-1886-restaurante-antigua-fabrica-verkade-amsterdam\/\">\r\n\t\t\t\t<span class=\"highlight\">Abre \u00abJP 1886\u00bb, un restaurante<\/span> situado en la antigua f\u00e1brica Verkade de\t\t\t<\/a>\r\n\t\t<\/h3>\r\n\t\t\t<div class=\"wcf-post-excerpt\">\r\n\t\t\t<p>JP 1886, es un restaurante y lugar de eventos en un lugar \u00fanico. Est\u00e1 ubicado en un edificio monumental, la antigua f\u00e1brica Verkade, situada en el r\u00edo Zaan. Construido en\t\t<\/div>\r\n\t        <\/article>\r\n\t\t        <article class=\"wcf-post post-17995 post type-post status-publish format-standard has-post-thumbnail hentry category-instalaciones category-nuestros-clientes category-otras-aplicaciones tag-instalacion tag-restaurantes tag-serie-qb\">\r\n\r\n\t\t\t\t\t<div class=\"thumb wcf--format-\">\r\n\t\t\t<a href=\"https:\/\/pre.lynxproaudio.com\/es\/altavoces-viajan-tiempo-qb5-voltereta-kioto\/\">\r\n\t\t\t\t<img loading=\"lazy\" decoding=\"async\" width=\"768\" height=\"419\" src=\"https:\/\/pre.lynxproaudio.com\/wp-content\/uploads\/2022\/06\/Portada-voltereta-768x419.jpg\" class=\"attachment-medium_large size-medium_large wp-image-23790\" alt=\"\" srcset=\"https:\/\/pre.lynxproaudio.com\/wp-content\/uploads\/2022\/06\/Portada-voltereta-768x419.jpg 768w, https:\/\/pre.lynxproaudio.com\/wp-content\/uploads\/2022\/06\/Portada-voltereta-300x164.jpg 300w, https:\/\/pre.lynxproaudio.com\/wp-content\/uploads\/2022\/06\/Portada-voltereta-1024x559.jpg 1024w, https:\/\/pre.lynxproaudio.com\/wp-content\/uploads\/2022\/06\/Portada-voltereta.jpg 1282w\" sizes=\"(max-width: 768px) 100vw, 768px\" \/>\t\t\t<\/a>\r\n\t\t\t\t\t<\/div>\r\n\t\t\t<h3 class=\"wcf-post-title\">\r\n\t\t\t<a href=\"https:\/\/pre.lynxproaudio.com\/es\/altavoces-viajan-tiempo-qb5-voltereta-kioto\/\">\r\n\t\t\t\t<span class=\"highlight\">Viaje en el tiempo en<\/span> Voltereta Kioto: altavoces QB-5 desde el siglo\t\t\t<\/a>\r\n\t\t<\/h3>\r\n\t\t\t<div class=\"wcf-post-excerpt\">\r\n\t\t\t<p>Voltereta Kioto es un restaurante inspirado en la ciudad japonesa de Kioto que ofrece un concepto distinto a los otros restaurantes. Cruzar las puertas de cualquier Voltereta significa entrar en\t\t<\/div>\r\n\t        <\/article>\r\n\t\t        <article class=\"wcf-post post-17994 post type-post status-publish format-standard has-post-thumbnail hentry category-instalaciones category-otras-aplicaciones tag-altavoces-de-techo tag-serie-ixp\">\r\n\r\n\t\t\t\t\t<div class=\"thumb wcf--format-\">\r\n\t\t\t<a href=\"https:\/\/pre.lynxproaudio.com\/es\/classic-fit-gym-gimnasio-mejor-sonido-valencia\/\">\r\n\t\t\t\t<img loading=\"lazy\" decoding=\"async\" width=\"768\" height=\"1020\" src=\"https:\/\/pre.lynxproaudio.com\/wp-content\/uploads\/2022\/03\/Lynx-Pro-Audio-Classic-Fit-Gym-mejor-sonido-Valencia-02-768x1020.jpg\" class=\"attachment-medium_large size-medium_large wp-image-17737\" alt=\"\" srcset=\"https:\/\/pre.lynxproaudio.com\/wp-content\/uploads\/2022\/03\/Lynx-Pro-Audio-Classic-Fit-Gym-mejor-sonido-Valencia-02-768x1020.jpg 768w, https:\/\/pre.lynxproaudio.com\/wp-content\/uploads\/2022\/03\/Lynx-Pro-Audio-Classic-Fit-Gym-mejor-sonido-Valencia-02-226x300.jpg 226w, https:\/\/pre.lynxproaudio.com\/wp-content\/uploads\/2022\/03\/Lynx-Pro-Audio-Classic-Fit-Gym-mejor-sonido-Valencia-02-771x1024.jpg 771w, https:\/\/pre.lynxproaudio.com\/wp-content\/uploads\/2022\/03\/Lynx-Pro-Audio-Classic-Fit-Gym-mejor-sonido-Valencia-02.jpg 964w\" sizes=\"(max-width: 768px) 100vw, 768px\" \/>\t\t\t<\/a>\r\n\t\t\t\t\t<\/div>\r\n\t\t\t<h3 class=\"wcf-post-title\">\r\n\t\t\t<a href=\"https:\/\/pre.lynxproaudio.com\/es\/classic-fit-gym-gimnasio-mejor-sonido-valencia\/\">\r\n\t\t\t\t<span class=\"highlight\">Classic Fit Gym, el gimnasio<\/span> con el mejor sonido de Valencia\t\t\t<\/a>\r\n\t\t<\/h3>\r\n\t\t\t<div class=\"wcf-post-excerpt\">\r\n\t\t\t<p>Classic Fit Gym es un gimnasio 24 horas de Valencia que cuida hasta el m\u00e1s m\u00ednimo detalle para que todos sus socios puedan tener una experiencia premium.\u00a0 Este gimnasio rebosa\t\t<\/div>\r\n\t        <\/article>\r\n\t\t        <article class=\"wcf-post post-17990 post type-post status-publish format-standard has-post-thumbnail hentry category-instalaciones category-noticias category-otras-aplicaciones\">\r\n\r\n\t\t\t\t\t<div class=\"thumb wcf--format-\">\r\n\t\t\t<a href=\"https:\/\/pre.lynxproaudio.com\/es\/bienvenido-a-los-anos-20-voltereta-manhattan\/\">\r\n\t\t\t\t<img loading=\"lazy\" decoding=\"async\" width=\"768\" height=\"1152\" src=\"https:\/\/pre.lynxproaudio.com\/wp-content\/uploads\/2022\/01\/Voltereta-club-01-768x1152.jpg\" class=\"attachment-medium_large size-medium_large wp-image-17731\" alt=\"\" srcset=\"https:\/\/pre.lynxproaudio.com\/wp-content\/uploads\/2022\/01\/Voltereta-club-01-768x1152.jpg 768w, https:\/\/pre.lynxproaudio.com\/wp-content\/uploads\/2022\/01\/Voltereta-club-01-200x300.jpg 200w, https:\/\/pre.lynxproaudio.com\/wp-content\/uploads\/2022\/01\/Voltereta-club-01-683x1024.jpg 683w, https:\/\/pre.lynxproaudio.com\/wp-content\/uploads\/2022\/01\/Voltereta-club-01-1024x1536.jpg 1024w, https:\/\/pre.lynxproaudio.com\/wp-content\/uploads\/2022\/01\/Voltereta-club-01.jpg 1067w\" sizes=\"(max-width: 768px) 100vw, 768px\" \/>\t\t\t<\/a>\r\n\t\t\t\t\t<\/div>\r\n\t\t\t<h3 class=\"wcf-post-title\">\r\n\t\t\t<a href=\"https:\/\/pre.lynxproaudio.com\/es\/bienvenido-a-los-anos-20-voltereta-manhattan\/\">\r\n\t\t\t\t<span class=\"highlight\">Bienvenido a los a\u00f1os 20:<\/span> Voltereta Manhattan\t\t\t<\/a>\r\n\t\t<\/h3>\r\n\t\t\t<div class=\"wcf-post-excerpt\">\r\n\t\t\t<p>Si quieres comer en Voltereta Manhattan, mejor que reserves con mucha antelaci\u00f3n. Este restaurante en pleno coraz\u00f3n de Valencia se ha convertido en una de las opciones m\u00e1s populares para\t\t<\/div>\r\n\t        <\/article>\r\n\t\t        <article class=\"wcf-post post-17989 post type-post status-publish format-standard has-post-thumbnail hentry category-instalaciones category-nuestros-clientes category-otras-aplicaciones\">\r\n\r\n\t\t\t\t\t<div class=\"thumb wcf--format-\">\r\n\t\t\t<a href=\"https:\/\/pre.lynxproaudio.com\/es\/el-restaurante-villa-westend-de-haarlem-holanda-se-renueva-con-sonido-profesional\/\">\r\n\t\t\t\t<img loading=\"lazy\" decoding=\"async\" width=\"768\" height=\"512\" src=\"https:\/\/pre.lynxproaudio.com\/wp-content\/uploads\/2021\/11\/Lynx-Pro-Audio-Villa-Westend-14-768x512.jpg\" class=\"attachment-medium_large size-medium_large wp-image-17729\" alt=\"\" srcset=\"https:\/\/pre.lynxproaudio.com\/wp-content\/uploads\/2021\/11\/Lynx-Pro-Audio-Villa-Westend-14-768x512.jpg 768w, https:\/\/pre.lynxproaudio.com\/wp-content\/uploads\/2021\/11\/Lynx-Pro-Audio-Villa-Westend-14-300x200.jpg 300w, https:\/\/pre.lynxproaudio.com\/wp-content\/uploads\/2021\/11\/Lynx-Pro-Audio-Villa-Westend-14-1024x683.jpg 1024w, https:\/\/pre.lynxproaudio.com\/wp-content\/uploads\/2021\/11\/Lynx-Pro-Audio-Villa-Westend-14.jpg 1280w\" sizes=\"(max-width: 768px) 100vw, 768px\" \/>\t\t\t<\/a>\r\n\t\t\t\t\t<\/div>\r\n\t\t\t<h3 class=\"wcf-post-title\">\r\n\t\t\t<a href=\"https:\/\/pre.lynxproaudio.com\/es\/el-restaurante-villa-westend-de-haarlem-holanda-se-renueva-con-sonido-profesional\/\">\r\n\t\t\t\t<span class=\"highlight\">El restaurante Villa Westend de<\/span> Haarlem (Holanda) se renueva con sonido profesional\t\t\t<\/a>\r\n\t\t<\/h3>\r\n\t\t\t<div class=\"wcf-post-excerpt\">\r\n\t\t\t<p>Con una playa privada a tan s\u00f3lo unos kil\u00f3metros del centro de Amsterdam y mirando hacia Harleem, el Villa Westend es un complejo \u00fanico. Es el lugar ideal tanto para\t\t<\/div>\r\n\t        <\/article>\r\n\t\t        <article class=\"wcf-post post-17979 post type-post status-publish format-standard has-post-thumbnail hentry category-instalaciones category-noticias category-nuestros-clientes category-otras-aplicaciones\">\r\n\r\n\t\t\t\t\t<div class=\"thumb wcf--format-\">\r\n\t\t\t<a href=\"https:\/\/pre.lynxproaudio.com\/es\/instalacion-de-la-serie-juno-en-el-hotel-mamaka-bali\/\">\r\n\t\t\t\t<img loading=\"lazy\" decoding=\"async\" width=\"768\" height=\"512\" src=\"https:\/\/pre.lynxproaudio.com\/wp-content\/uploads\/2020\/11\/LynxProAudio-Mamaka-Hotel-Bali-JUNO-HD-03-768x512.jpg\" class=\"attachment-medium_large size-medium_large wp-image-17980\" alt=\"LynxProAudio-Mamaka-Hotel-Bali-JUNO-HD-03\" srcset=\"https:\/\/pre.lynxproaudio.com\/wp-content\/uploads\/2020\/11\/LynxProAudio-Mamaka-Hotel-Bali-JUNO-HD-03-768x512.jpg 768w, https:\/\/pre.lynxproaudio.com\/wp-content\/uploads\/2020\/11\/LynxProAudio-Mamaka-Hotel-Bali-JUNO-HD-03-300x200.jpg 300w, https:\/\/pre.lynxproaudio.com\/wp-content\/uploads\/2020\/11\/LynxProAudio-Mamaka-Hotel-Bali-JUNO-HD-03-1024x683.jpg 1024w, https:\/\/pre.lynxproaudio.com\/wp-content\/uploads\/2020\/11\/LynxProAudio-Mamaka-Hotel-Bali-JUNO-HD-03-1536x1025.jpg 1536w, https:\/\/pre.lynxproaudio.com\/wp-content\/uploads\/2020\/11\/LynxProAudio-Mamaka-Hotel-Bali-JUNO-HD-03-2048x1366.jpg 2048w\" sizes=\"(max-width: 768px) 100vw, 768px\" \/>\t\t\t<\/a>\r\n\t\t\t\t\t<\/div>\r\n\t\t\t<h3 class=\"wcf-post-title\">\r\n\t\t\t<a href=\"https:\/\/pre.lynxproaudio.com\/es\/instalacion-de-la-serie-juno-en-el-hotel-mamaka-bali\/\">\r\n\t\t\t\t<span class=\"highlight\">Instalaci\u00f3n de la serie Juno<\/span> en el Hotel Mamaka, Bali\t\t\t<\/a>\r\n\t\t<\/h3>\r\n\t\t\t<div class=\"wcf-post-excerpt\">\r\n\t\t\t<p>La isla de Bali es la meca del turismo tropical y parece el lugar perfecto para nuestra serie de altavoces Juno, compuesta por 2 peque\u00f1os recintos resistentes a las inclemencias\t\t<\/div>\r\n\t        <\/article>\r\n\t\t<\/div>\t\t\t\t<div class=\"load-more-anchor\" data-page=\"1\" data-max-page=\"3\" data-next-page=\"https:\/\/pre.lynxproaudio.com\/es\/wp-json\/wp\/v2\/pages\/23116\/page\/2\/\"><\/div>\r\n\r\n\t\t\t\t\r\n\t\t\t\t<button class=\"wcf-post-load-more\" data-type=\"load_on_click\">\r\n\t\t\t\t\t\t\t\t\t\t\t<span class=\"load-more-spinner eicon-animation-spin\">\r\n\t\t\t\t\t\t\t<svg aria-hidden=\"true\" class=\"e-font-icon-svg e-fas-spinner\" viewBox=\"0 0 512 512\" xmlns=\"http:\/\/www.w3.org\/2000\/svg\"><path d=\"M304 48c0 26.51-21.49 48-48 48s-48-21.49-48-48 21.49-48 48-48 48 21.49 48 48zm-48 368c-26.51 0-48 21.49-48 48s21.49 48 48 48 48-21.49 48-48-21.49-48-48-48zm208-208c-26.51 0-48 21.49-48 48s21.49 48 48 48 48-21.49 48-48-21.49-48-48-48zM96 256c0-26.51-21.49-48-48-48S0 229.49 0 256s21.49 48 48 48 48-21.49 48-48zm12.922 99.078c-26.51 0-48 21.49-48 48s21.49 48 48 48 48-21.49 48-48c0-26.509-21.491-48-48-48zm294.156 0c-26.51 0-48 21.49-48 48s21.49 48 48 48 48-21.49 48-48c0-26.509-21.49-48-48-48zM108.922 60.922c-26.51 0-48 21.49-48 48s21.49 48 48 48 48-21.49 48-48-21.491-48-48-48z\"><\/path><\/svg>\t\t\t\t\t\t<\/span>\r\n\t\t\t\t\t\t\t\t\t\t<span class=\"load-more-text\">\r\n\t\t\t\t\t\tCargar m\u00e1s\t\t\t\t\t\t\t\t\t\t\t<\/span>\r\n\t\t\t\t<\/button>\r\n\t\t\t<\/div>\t\t\t\t<\/div>\n\t\t\t\t<\/div>\n\t\t\t\t\t<\/div>\n\t\t\t\t<\/div>\n\t\t\t\t<\/div>\n\t\t","protected":false},"excerpt":{"rendered":"","protected":false},"author":10,"featured_media":23120,"parent":22882,"menu_order":0,"comment_status":"closed","ping_status":"closed","template":"elementor_header_footer","meta":{"_acf_changed":false,"footnotes":""},"categoria-pagina":[],"class_list":["post-23116","page","type-page","status-publish","has-post-thumbnail","hentry"],"acf":[],"_links":{"self":[{"href":"https:\/\/pre.lynxproaudio.com\/es\/wp-json\/wp\/v2\/pages\/23116","targetHints":{"allow":["GET"]}}],"collection":[{"href":"https:\/\/pre.lynxproaudio.com\/es\/wp-json\/wp\/v2\/pages"}],"about":[{"href":"https:\/\/pre.lynxproaudio.com\/es\/wp-json\/wp\/v2\/types\/page"}],"author":[{"embeddable":true,"href":"https:\/\/pre.lynxproaudio.com\/es\/wp-json\/wp\/v2\/users\/10"}],"replies":[{"embeddable":true,"href":"https:\/\/pre.lynxproaudio.com\/es\/wp-json\/wp\/v2\/comments?post=23116"}],"version-history":[{"count":0,"href":"https:\/\/pre.lynxproaudio.com\/es\/wp-json\/wp\/v2\/pages\/23116\/revisions"}],"up":[{"embeddable":true,"href":"https:\/\/pre.lynxproaudio.com\/es\/wp-json\/wp\/v2\/pages\/22882"}],"wp:featuredmedia":[{"embeddable":true,"href":"https:\/\/pre.lynxproaudio.com\/es\/wp-json\/wp\/v2\/media\/23120"}],"wp:attachment":[{"href":"https:\/\/pre.lynxproaudio.com\/es\/wp-json\/wp\/v2\/media?parent=23116"}],"wp:term":[{"taxonomy":"categoria-pagina","embeddable":true,"href":"https:\/\/pre.lynxproaudio.com\/es\/wp-json\/wp\/v2\/categoria-pagina?post=23116"}],"curies":[{"name":"wp","href":"https:\/\/api.w.org\/{rel}","templated":true}]}}