{"id":23086,"date":"2026-02-23T13:33:16","date_gmt":"2026-02-23T12:33:16","guid":{"rendered":"http:\/\/lynxproaudio.loading.net\/?page_id=23086"},"modified":"2026-03-16T10:43:30","modified_gmt":"2026-03-16T09:43:30","slug":"lugares-de-culto","status":"publish","type":"page","link":"https:\/\/pre.lynxproaudio.com\/es\/referencias\/lugares-de-culto\/","title":{"rendered":"Lugares de culto"},"content":{"rendered":"\t\t<div data-elementor-type=\"wp-page\" data-elementor-id=\"23086\" class=\"elementor elementor-23086 elementor-23085\" data-elementor-post-type=\"page\">\n\t\t\t\t<div class=\"aae-disable-transition elementor-element elementor-element-082553a e-con-full cabecera-serie e-flex wcf-starter-animations-none elementor-invisible e-con e-parent\" data-id=\"082553a\" data-element_type=\"container\" data-e-type=\"container\" data-settings=\"{&quot;wcf_enable_cursor_hover_effect_text&quot;:&quot;View&quot;,&quot;background_background&quot;:&quot;classic&quot;,&quot;wcf-animation&quot;:&quot;fade&quot;,&quot;wcf_enable_animation_editor&quot;:&quot;yes&quot;,&quot;animation&quot;:&quot;fadeIn&quot;,&quot;aae_method&quot;:&quot;from&quot;,&quot;aae_trigger&quot;:&quot;on_scroll&quot;,&quot;delay&quot;:0.15,&quot;fade-from&quot;:&quot;bottom&quot;,&quot;data-duration&quot;:1.5,&quot;ease&quot;:&quot;power2.out&quot;,&quot;fade-offset&quot;:50,&quot;wcf_enable_horizontal_scroll&quot;:&quot;no&quot;}\">\n\t\t\t\t<\/div>\n\t\t<div class=\"elementor-element elementor-element-95df945 e-flex e-con-boxed wcf-starter-animations-none e-con e-parent\" data-id=\"95df945\" data-element_type=\"container\" data-e-type=\"container\" data-settings=\"{&quot;wcf_enable_cursor_hover_effect_text&quot;:&quot;View&quot;,&quot;wcf-animation&quot;:&quot;none&quot;,&quot;wcf_enable_horizontal_scroll&quot;:&quot;no&quot;}\">\n\t\t\t\t\t<div class=\"e-con-inner\">\n\t\t<div class=\"elementor-element elementor-element-1005176 e-con-full e-flex wcf-starter-animations-none e-con e-child\" data-id=\"1005176\" data-element_type=\"container\" data-e-type=\"container\" data-settings=\"{&quot;wcf_enable_cursor_hover_effect_text&quot;:&quot;View&quot;,&quot;wcf-animation&quot;:&quot;none&quot;,&quot;wcf_enable_horizontal_scroll&quot;:&quot;no&quot;}\">\n\t\t\t\t<div class=\"elementor-element elementor-element-58f8664 elementor-widget-mobile__width-inherit wcf-t-animation-text_move wcf-starter-animations-none elementor-widget elementor-widget-wcf--title\" data-id=\"58f8664\" data-element_type=\"widget\" data-e-type=\"widget\" data-settings=\"{&quot;text_transform_origin&quot;:&quot;top center -50&quot;,&quot;wcf_text_animation&quot;:&quot;text_move&quot;,&quot;wcf_starter_animations&quot;:&quot;none&quot;,&quot;wcf_anim_duration&quot;:1000,&quot;wcf_anim_delay&quot;:0,&quot;wcf_anim_ease&quot;:&quot;ease&quot;,&quot;aae_text_trigger&quot;:&quot;on_scroll&quot;,&quot;text_delay&quot;:0.15,&quot;text_duration&quot;:1,&quot;text_stagger&quot;:0.02,&quot;text_rotation_di&quot;:&quot;x&quot;,&quot;text_rotation&quot;:&quot;-80&quot;,&quot;wcf-animation&quot;:&quot;none&quot;}\" data-widget_type=\"wcf--title.default\">\n\t\t\t\t<div class=\"elementor-widget-container\">\n\t\t\t\t\t<h1 class=\"wcf--title\">Lugares de culto<\/h1>\t\t\t\t<\/div>\n\t\t\t\t<\/div>\n\t\t\t\t<\/div>\n\t\t\t\t\t<\/div>\n\t\t\t\t<\/div>\n\t\t<div class=\"elementor-element elementor-element-289ae7e3 e-flex e-con-boxed wcf-starter-animations-none e-con e-parent\" data-id=\"289ae7e3\" data-element_type=\"container\" data-e-type=\"container\" data-settings=\"{&quot;wcf_enable_cursor_hover_effect_text&quot;:&quot;View&quot;,&quot;wcf-animation&quot;:&quot;none&quot;,&quot;wcf_enable_horizontal_scroll&quot;:&quot;no&quot;}\">\n\t\t\t\t\t<div class=\"e-con-inner\">\n\t\t\t\t\t<\/div>\n\t\t\t\t<\/div>\n\t\t<div class=\"aae-disable-transition elementor-element elementor-element-ece5bdd e-flex e-con-boxed wcf-starter-animations-none e-con e-parent\" data-id=\"ece5bdd\" data-element_type=\"container\" data-e-type=\"container\" data-settings=\"{&quot;wcf_enable_cursor_hover_effect_text&quot;:&quot;View&quot;,&quot;wcf-animation&quot;:&quot;fade&quot;,&quot;data-duration&quot;:0.75,&quot;fade-offset&quot;:40,&quot;delay&quot;:0.5,&quot;wcf_enable_animation_editor&quot;:&quot;yes&quot;,&quot;aae_method&quot;:&quot;from&quot;,&quot;aae_trigger&quot;:&quot;on_scroll&quot;,&quot;fade-from&quot;:&quot;bottom&quot;,&quot;ease&quot;:&quot;power2.out&quot;,&quot;wcf_enable_horizontal_scroll&quot;:&quot;no&quot;}\">\n\t\t\t\t\t<div class=\"e-con-inner\">\n\t\t\t\t<div class=\"elementor-element elementor-element-853732e wcf--title-underline wcf--image-effect-zoom-in elementor-widget elementor-widget-wcf--posts-pro\" data-id=\"853732e\" data-element_type=\"widget\" data-e-type=\"widget\" data-settings=\"{&quot;show_title_highlight&quot;:&quot;yes&quot;,&quot;highlight_title_length&quot;:5,&quot;wcf-animation&quot;:&quot;none&quot;}\" data-widget_type=\"wcf--posts-pro.default\">\n\t\t\t\t<div class=\"elementor-widget-container\">\n\t\t\t\t\t        <div class=\"wcf__posts-pro layout-normal\">        <div class=\"wcf-posts\">\r\n\t\t        <article class=\"wcf-post post-18029 post type-post status-publish format-standard has-post-thumbnail hentry category-instalaciones category-lugares-de-culto\">\r\n\r\n\t\t\t\t\t<div class=\"thumb wcf--format-\">\r\n\t\t\t<a href=\"https:\/\/pre.lynxproaudio.com\/es\/iglesia-lady-of-joy-en-zahle\/\">\r\n\t\t\t\t<img fetchpriority=\"high\" decoding=\"async\" width=\"768\" height=\"1024\" src=\"https:\/\/pre.lynxproaudio.com\/wp-content\/uploads\/2025\/05\/20241108_121646-scaled-1-768x1024.webp\" class=\"attachment-medium_large size-medium_large wp-image-23748\" alt=\"Lady of Joy Worship by Lynx Pro Audio\" srcset=\"https:\/\/pre.lynxproaudio.com\/wp-content\/uploads\/2025\/05\/20241108_121646-scaled-1-768x1024.webp 768w, https:\/\/pre.lynxproaudio.com\/wp-content\/uploads\/2025\/05\/20241108_121646-scaled-1-225x300.webp 225w, https:\/\/pre.lynxproaudio.com\/wp-content\/uploads\/2025\/05\/20241108_121646-scaled-1-1152x1536.webp 1152w, https:\/\/pre.lynxproaudio.com\/wp-content\/uploads\/2025\/05\/20241108_121646-scaled-1-1536x2048.webp 1536w, https:\/\/pre.lynxproaudio.com\/wp-content\/uploads\/2025\/05\/20241108_121646-scaled-1.webp 1920w\" sizes=\"(max-width: 768px) 100vw, 768px\" \/>\t\t\t<\/a>\r\n\t\t\t\t\t<\/div>\r\n\t\t\t<h3 class=\"wcf-post-title\">\r\n\t\t\t<a href=\"https:\/\/pre.lynxproaudio.com\/es\/iglesia-lady-of-joy-en-zahle\/\">\r\n\t\t\t\t<span class=\"highlight\">Audio para la iglesia Lady<\/span> of Joy en Zahle\t\t\t<\/a>\r\n\t\t<\/h3>\r\n\t\t\t<div class=\"wcf-post-excerpt\">\r\n\t\t\t<p>La iglesia \u00abThe Lady of Joy\u00bb en la ciudad de Zahle ha sido equipada con un sistema de sonido de Lynx Pro Audio.<\/p>\n\t\t<\/div>\r\n\t        <\/article>\r\n\t\t        <article class=\"wcf-post post-18023 post type-post status-publish format-standard has-post-thumbnail hentry category-instalaciones category-lugares-de-culto\">\r\n\r\n\t\t\t\t\t<div class=\"thumb wcf--format-\">\r\n\t\t\t<a href=\"https:\/\/pre.lynxproaudio.com\/es\/baps-hindu-mandir-en-abu-dhabi-instalacion-de-audio-de-lynx-pro-audio\/\">\r\n\t\t\t\t<img decoding=\"async\" width=\"768\" height=\"505\" src=\"https:\/\/pre.lynxproaudio.com\/wp-content\/uploads\/2024\/10\/Baps-templo-768x505.png\" class=\"attachment-medium_large size-medium_large wp-image-23096\" alt=\"Baps Hindu Mandir instalaci\u00f3n de sonido Lynx Pro Audio templo\" srcset=\"https:\/\/pre.lynxproaudio.com\/wp-content\/uploads\/2024\/10\/Baps-templo-768x505.png 768w, https:\/\/pre.lynxproaudio.com\/wp-content\/uploads\/2024\/10\/Baps-templo-300x197.png 300w, https:\/\/pre.lynxproaudio.com\/wp-content\/uploads\/2024\/10\/Baps-templo-1024x674.png 1024w, https:\/\/pre.lynxproaudio.com\/wp-content\/uploads\/2024\/10\/Baps-templo-1536x1011.png 1536w, https:\/\/pre.lynxproaudio.com\/wp-content\/uploads\/2024\/10\/Baps-templo.png 1600w\" sizes=\"(max-width: 768px) 100vw, 768px\" \/>\t\t\t<\/a>\r\n\t\t\t\t\t<\/div>\r\n\t\t\t<h3 class=\"wcf-post-title\">\r\n\t\t\t<a href=\"https:\/\/pre.lynxproaudio.com\/es\/baps-hindu-mandir-en-abu-dhabi-instalacion-de-audio-de-lynx-pro-audio\/\">\r\n\t\t\t\t<span class=\"highlight\">BAPS Hindu Mandir en Abu<\/span> Dhabi: Instalaci\u00f3n de audio de Lynx Pro\t\t\t<\/a>\r\n\t\t<\/h3>\r\n\t\t\t<div class=\"wcf-post-excerpt\">\r\n\t\t\t<p>El BAPS Hindu Mandir est\u00e1 equipado con una amplia variedad de nuestros productos brindando una calidad de sonido excepcional.<\/p>\n\t\t<\/div>\r\n\t        <\/article>\r\n\t\t        <article class=\"wcf-post post-18012 post type-post status-publish format-standard has-post-thumbnail hentry category-instalaciones category-lugares-de-culto category-nuestros-clientes tag-amplificadores tag-serie-ionic\">\r\n\r\n\t\t\t\t\t<div class=\"thumb wcf--format-\">\r\n\t\t\t<a href=\"https:\/\/pre.lynxproaudio.com\/es\/refuerzo-sonido-iglesia-bautista-nordhorn-alemania\/\">\r\n\t\t\t\t<img decoding=\"async\" width=\"768\" height=\"576\" src=\"https:\/\/pre.lynxproaudio.com\/wp-content\/uploads\/2023\/06\/Babtistenkirche-Nordhorn-850px-04-768x576.jpg\" class=\"attachment-medium_large size-medium_large wp-image-17773\" alt=\"Babtistenkirche Nordhorn House of Worship\" srcset=\"https:\/\/pre.lynxproaudio.com\/wp-content\/uploads\/2023\/06\/Babtistenkirche-Nordhorn-850px-04-768x576.jpg 768w, https:\/\/pre.lynxproaudio.com\/wp-content\/uploads\/2023\/06\/Babtistenkirche-Nordhorn-850px-04-300x225.jpg 300w, https:\/\/pre.lynxproaudio.com\/wp-content\/uploads\/2023\/06\/Babtistenkirche-Nordhorn-850px-04.jpg 850w\" sizes=\"(max-width: 768px) 100vw, 768px\" \/>\t\t\t<\/a>\r\n\t\t\t\t\t<\/div>\r\n\t\t\t<h3 class=\"wcf-post-title\">\r\n\t\t\t<a href=\"https:\/\/pre.lynxproaudio.com\/es\/refuerzo-sonido-iglesia-bautista-nordhorn-alemania\/\">\r\n\t\t\t\t<span class=\"highlight\">Refuerzo de sonido de la<\/span> iglesia bautista Baptistenkirche en Nordhorn, Alemania\t\t\t<\/a>\r\n\t\t<\/h3>\r\n\t\t\t<div class=\"wcf-post-excerpt\">\r\n\t\t\t<p>Baptistenkirche Nordhorn, tal como su nombre en alem\u00e1n sugiere, es una iglesia bautista ubicada en Nordhorn, Alemania. Tom Fuhrmann, consultor de Pro Audio en la empresa Pan-pro GmbH, ha estado\t\t<\/div>\r\n\t        <\/article>\r\n\t\t        <article class=\"wcf-post post-17932 post type-post status-publish format-standard has-post-thumbnail hentry category-instalaciones category-lugares-de-culto category-noticias tag-serie-ionic\">\r\n\r\n\t\t\t\t\t<div class=\"thumb wcf--format-\">\r\n\t\t\t<a href=\"https:\/\/pre.lynxproaudio.com\/es\/sonido-profesional-iglesia-sevilla\/\">\r\n\t\t\t\t<img loading=\"lazy\" decoding=\"async\" width=\"768\" height=\"562\" src=\"https:\/\/pre.lynxproaudio.com\/wp-content\/uploads\/2019\/05\/Church_SanJacinto_Triana-768x562.jpg\" class=\"attachment-medium_large size-medium_large wp-image-17671\" alt=\"\" srcset=\"https:\/\/pre.lynxproaudio.com\/wp-content\/uploads\/2019\/05\/Church_SanJacinto_Triana-768x562.jpg 768w, https:\/\/pre.lynxproaudio.com\/wp-content\/uploads\/2019\/05\/Church_SanJacinto_Triana-300x220.jpg 300w, https:\/\/pre.lynxproaudio.com\/wp-content\/uploads\/2019\/05\/Church_SanJacinto_Triana.jpg 1000w\" sizes=\"(max-width: 768px) 100vw, 768px\" \/>\t\t\t<\/a>\r\n\t\t\t\t\t<\/div>\r\n\t\t\t<h3 class=\"wcf-post-title\">\r\n\t\t\t<a href=\"https:\/\/pre.lynxproaudio.com\/es\/sonido-profesional-iglesia-sevilla\/\">\r\n\t\t\t\t<span class=\"highlight\">El sonido de Lynx Pro<\/span> Audio en la Iglesia de San Jacinto\t\t\t<\/a>\r\n\t\t<\/h3>\r\n\t\t\t<div class=\"wcf-post-excerpt\">\r\n\t\t\t<p>La\u00a0iglesia de San Jacinto de Sevilla (Andaluc\u00eda, Espa\u00f1a) es el templo de un convento dominico fundado en el siglo XVII. Se encuentra en la esquina de las calles San Jacinto\t\t<\/div>\r\n\t        <\/article>\r\n\t\t        <article class=\"wcf-post post-17966 post type-post status-publish format-standard has-post-thumbnail hentry category-instalaciones category-internacional-es category-lugares-de-culto category-noticias category-nuestros-clientes tag-serie-lx\">\r\n\r\n\t\t\t\t\t<div class=\"thumb wcf--format-\">\r\n\t\t\t<a href=\"https:\/\/pre.lynxproaudio.com\/es\/capilla-fort-polk-para-el-ejercito-de-eeuu\/\">\r\n\t\t\t\t<img loading=\"lazy\" decoding=\"async\" width=\"640\" height=\"400\" src=\"https:\/\/pre.lynxproaudio.com\/wp-content\/uploads\/2013\/07\/LynxProAudio-fortfolk-chapel-sound-systems.jpg\" class=\"attachment-medium_large size-medium_large wp-image-17696\" alt=\"\" srcset=\"https:\/\/pre.lynxproaudio.com\/wp-content\/uploads\/2013\/07\/LynxProAudio-fortfolk-chapel-sound-systems.jpg 640w, https:\/\/pre.lynxproaudio.com\/wp-content\/uploads\/2013\/07\/LynxProAudio-fortfolk-chapel-sound-systems-300x188.jpg 300w\" sizes=\"(max-width: 640px) 100vw, 640px\" \/>\t\t\t<\/a>\r\n\t\t\t\t\t<\/div>\r\n\t\t\t<h3 class=\"wcf-post-title\">\r\n\t\t\t<a href=\"https:\/\/pre.lynxproaudio.com\/es\/capilla-fort-polk-para-el-ejercito-de-eeuu\/\">\r\n\t\t\t\t<span class=\"highlight\">Capilla Fort Polk para el<\/span> Ej\u00e9rcito de EEUU\t\t\t<\/a>\r\n\t\t<\/h3>\r\n\t\t\t<div class=\"wcf-post-excerpt\">\r\n\t\t\t<p>El Ej\u00e9rcito de los Estados Unidos tiene la Capilla Principal de Fort Polk ubicada en Louisiana.\u00a0Necesitaban sonido de buena calidad para sus actividades y el proyecto fue otorgado a Lynx\t\t<\/div>\r\n\t        <\/article>\r\n\t\t        <article class=\"wcf-post post-17971 post type-post status-publish format-standard has-post-thumbnail hentry category-instalaciones category-lugares-de-culto category-noticias category-nuestros-clientes\">\r\n\r\n\t\t\t\t\t<div class=\"thumb wcf--format-\">\r\n\t\t\t<a href=\"https:\/\/pre.lynxproaudio.com\/es\/lx-f6-instalado-en-una-iglesia-del-caribe\/\">\r\n\t\t\t\t<img loading=\"lazy\" decoding=\"async\" width=\"596\" height=\"383\" src=\"https:\/\/pre.lynxproaudio.com\/wp-content\/uploads\/2011\/12\/lynx-caribbean-church.jpg\" class=\"attachment-medium_large size-medium_large wp-image-17513\" alt=\"\" srcset=\"https:\/\/pre.lynxproaudio.com\/wp-content\/uploads\/2011\/12\/lynx-caribbean-church.jpg 596w, https:\/\/pre.lynxproaudio.com\/wp-content\/uploads\/2011\/12\/lynx-caribbean-church-300x193.jpg 300w\" sizes=\"(max-width: 596px) 100vw, 596px\" \/>\t\t\t<\/a>\r\n\t\t\t\t\t<\/div>\r\n\t\t\t<h3 class=\"wcf-post-title\">\r\n\t\t\t<a href=\"https:\/\/pre.lynxproaudio.com\/es\/lx-f6-instalado-en-una-iglesia-del-caribe\/\">\r\n\t\t\t\t<span class=\"highlight\">LX-F6 instalado en una iglesia<\/span> del Caribe\t\t\t<\/a>\r\n\t\t<\/h3>\r\n\t\t\t<div class=\"wcf-post-excerpt\">\r\n\t\t\t<p>Premier Entertainment Services (PES), el distribuidor caribe\u00f1o de Lynx Pro Audio, adquiri\u00f3 un equipo de sonido profesional LX-F6 para la instalaci\u00f3n de la Iglesia Adventista del S\u00e9ptimo D\u00eda de Portmore,\t\t<\/div>\r\n\t        <\/article>\r\n\t\t        <article class=\"wcf-post post-23773 post type-post status-publish format-standard has-post-thumbnail hentry category-instalaciones category-lugares-de-culto category-nuestros-clientes\">\r\n\r\n\t\t\t\t\t<div class=\"thumb wcf--format-\">\r\n\t\t\t<a href=\"https:\/\/pre.lynxproaudio.com\/es\/iglesia-busan-corea-sur\/\">\r\n\t\t\t\t<img loading=\"lazy\" decoding=\"async\" width=\"600\" height=\"400\" src=\"https:\/\/pre.lynxproaudio.com\/wp-content\/uploads\/2011\/07\/busan-church.jpg\" class=\"attachment-medium_large size-medium_large wp-image-23753\" alt=\"\" srcset=\"https:\/\/pre.lynxproaudio.com\/wp-content\/uploads\/2011\/07\/busan-church.jpg 600w, https:\/\/pre.lynxproaudio.com\/wp-content\/uploads\/2011\/07\/busan-church-300x200.jpg 300w\" sizes=\"(max-width: 600px) 100vw, 600px\" \/>\t\t\t<\/a>\r\n\t\t\t\t\t<\/div>\r\n\t\t\t<h3 class=\"wcf-post-title\">\r\n\t\t\t<a href=\"https:\/\/pre.lynxproaudio.com\/es\/iglesia-busan-corea-sur\/\">\r\n\t\t\t\t<span class=\"highlight\">Iglesia en Busan, Corea del<\/span> Sur\t\t\t<\/a>\r\n\t\t<\/h3>\r\n\t\t\t<div class=\"wcf-post-excerpt\">\r\n\t\t\t<p>Los recintos autoamplificados de la Serie ADP fueron seleccionados para instalar una nueva Iglesia en Busan, Corea del Sur. Busan Soo Young Church ahora tiene cuatro monitores de escenario ADP-15M,\t\t<\/div>\r\n\t        <\/article>\r\n\t\t<\/div>\t\t\t\t<div class=\"load-more-anchor\" data-page=\"1\" data-max-page=\"1\" data-next-page=\"https:\/\/pre.lynxproaudio.com\/es\/wp-json\/wp\/v2\/pages\/23086\/page\/2\/\"><\/div>\r\n\r\n\t\t\t\t\r\n\t\t\t\t<button class=\"wcf-post-load-more\" data-type=\"load_on_click\">\r\n\t\t\t\t\t\t\t\t\t\t\t<span class=\"load-more-spinner eicon-animation-spin\">\r\n\t\t\t\t\t\t\t<svg aria-hidden=\"true\" class=\"e-font-icon-svg e-fas-spinner\" viewBox=\"0 0 512 512\" xmlns=\"http:\/\/www.w3.org\/2000\/svg\"><path d=\"M304 48c0 26.51-21.49 48-48 48s-48-21.49-48-48 21.49-48 48-48 48 21.49 48 48zm-48 368c-26.51 0-48 21.49-48 48s21.49 48 48 48 48-21.49 48-48-21.49-48-48-48zm208-208c-26.51 0-48 21.49-48 48s21.49 48 48 48 48-21.49 48-48-21.49-48-48-48zM96 256c0-26.51-21.49-48-48-48S0 229.49 0 256s21.49 48 48 48 48-21.49 48-48zm12.922 99.078c-26.51 0-48 21.49-48 48s21.49 48 48 48 48-21.49 48-48c0-26.509-21.491-48-48-48zm294.156 0c-26.51 0-48 21.49-48 48s21.49 48 48 48 48-21.49 48-48c0-26.509-21.49-48-48-48zM108.922 60.922c-26.51 0-48 21.49-48 48s21.49 48 48 48 48-21.49 48-48-21.491-48-48-48z\"><\/path><\/svg>\t\t\t\t\t\t<\/span>\r\n\t\t\t\t\t\t\t\t\t\t<span class=\"load-more-text\">\r\n\t\t\t\t\t\tCargar m\u00e1s\t\t\t\t\t\t\t\t\t\t\t<\/span>\r\n\t\t\t\t<\/button>\r\n\t\t\t<\/div>\t\t\t\t<\/div>\n\t\t\t\t<\/div>\n\t\t\t\t\t<\/div>\n\t\t\t\t<\/div>\n\t\t\t\t<\/div>\n\t\t","protected":false},"excerpt":{"rendered":"","protected":false},"author":10,"featured_media":23096,"parent":22882,"menu_order":0,"comment_status":"closed","ping_status":"closed","template":"elementor_header_footer","meta":{"_acf_changed":false,"footnotes":""},"categoria-pagina":[],"class_list":["post-23086","page","type-page","status-publish","has-post-thumbnail","hentry"],"acf":[],"_links":{"self":[{"href":"https:\/\/pre.lynxproaudio.com\/es\/wp-json\/wp\/v2\/pages\/23086","targetHints":{"allow":["GET"]}}],"collection":[{"href":"https:\/\/pre.lynxproaudio.com\/es\/wp-json\/wp\/v2\/pages"}],"about":[{"href":"https:\/\/pre.lynxproaudio.com\/es\/wp-json\/wp\/v2\/types\/page"}],"author":[{"embeddable":true,"href":"https:\/\/pre.lynxproaudio.com\/es\/wp-json\/wp\/v2\/users\/10"}],"replies":[{"embeddable":true,"href":"https:\/\/pre.lynxproaudio.com\/es\/wp-json\/wp\/v2\/comments?post=23086"}],"version-history":[{"count":0,"href":"https:\/\/pre.lynxproaudio.com\/es\/wp-json\/wp\/v2\/pages\/23086\/revisions"}],"up":[{"embeddable":true,"href":"https:\/\/pre.lynxproaudio.com\/es\/wp-json\/wp\/v2\/pages\/22882"}],"wp:featuredmedia":[{"embeddable":true,"href":"https:\/\/pre.lynxproaudio.com\/es\/wp-json\/wp\/v2\/media\/23096"}],"wp:attachment":[{"href":"https:\/\/pre.lynxproaudio.com\/es\/wp-json\/wp\/v2\/media?parent=23086"}],"wp:term":[{"taxonomy":"categoria-pagina","embeddable":true,"href":"https:\/\/pre.lynxproaudio.com\/es\/wp-json\/wp\/v2\/categoria-pagina?post=23086"}],"curies":[{"name":"wp","href":"https:\/\/api.w.org\/{rel}","templated":true}]}}