{"id":23075,"date":"2026-02-23T13:29:23","date_gmt":"2026-02-23T12:29:23","guid":{"rendered":"http:\/\/lynxproaudio.loading.net\/?page_id=23075"},"modified":"2026-03-16T11:16:12","modified_gmt":"2026-03-16T10:16:12","slug":"recintos-deportivos","status":"publish","type":"page","link":"https:\/\/pre.lynxproaudio.com\/es\/referencias\/recintos-deportivos\/","title":{"rendered":"Recintos deportivos"},"content":{"rendered":"\t\t<div data-elementor-type=\"wp-page\" data-elementor-id=\"23075\" class=\"elementor elementor-23075 elementor-23074\" data-elementor-post-type=\"page\">\n\t\t\t\t<div class=\"elementor-element elementor-element-082553a e-con-full cabecera-serie e-flex wcf-starter-animations-none e-con e-parent\" data-id=\"082553a\" data-element_type=\"container\" data-e-type=\"container\" data-settings=\"{&quot;wcf_enable_cursor_hover_effect_text&quot;:&quot;View&quot;,&quot;background_background&quot;:&quot;classic&quot;,&quot;wcf-animation&quot;:&quot;none&quot;,&quot;wcf_enable_horizontal_scroll&quot;:&quot;no&quot;}\">\n\t\t\t\t<\/div>\n\t\t<div class=\"elementor-element elementor-element-95df945 e-flex e-con-boxed wcf-starter-animations-none e-con e-parent\" data-id=\"95df945\" data-element_type=\"container\" data-e-type=\"container\" data-settings=\"{&quot;wcf_enable_cursor_hover_effect_text&quot;:&quot;View&quot;,&quot;wcf-animation&quot;:&quot;none&quot;,&quot;wcf_enable_horizontal_scroll&quot;:&quot;no&quot;}\">\n\t\t\t\t\t<div class=\"e-con-inner\">\n\t\t<div class=\"elementor-element elementor-element-1005176 e-con-full e-flex wcf-starter-animations-none e-con e-child\" data-id=\"1005176\" data-element_type=\"container\" data-e-type=\"container\" data-settings=\"{&quot;wcf_enable_cursor_hover_effect_text&quot;:&quot;View&quot;,&quot;wcf-animation&quot;:&quot;none&quot;,&quot;wcf_enable_horizontal_scroll&quot;:&quot;no&quot;}\">\n\t\t\t\t<div class=\"elementor-element elementor-element-58f8664 elementor-widget-mobile__width-inherit wcf-t-animation-text_move wcf-starter-animations-none elementor-widget elementor-widget-wcf--title\" data-id=\"58f8664\" data-element_type=\"widget\" data-e-type=\"widget\" data-settings=\"{&quot;text_transform_origin&quot;:&quot;top center -50&quot;,&quot;wcf_text_animation&quot;:&quot;text_move&quot;,&quot;wcf_starter_animations&quot;:&quot;none&quot;,&quot;wcf_anim_duration&quot;:1000,&quot;wcf_anim_delay&quot;:0,&quot;wcf_anim_ease&quot;:&quot;ease&quot;,&quot;aae_text_trigger&quot;:&quot;on_scroll&quot;,&quot;text_delay&quot;:0.15,&quot;text_duration&quot;:1,&quot;text_stagger&quot;:0.02,&quot;text_rotation_di&quot;:&quot;x&quot;,&quot;text_rotation&quot;:&quot;-80&quot;,&quot;wcf-animation&quot;:&quot;none&quot;}\" data-widget_type=\"wcf--title.default\">\n\t\t\t\t<div class=\"elementor-widget-container\">\n\t\t\t\t\t<h1 class=\"wcf--title\">Recintos deportivos<\/h1>\t\t\t\t<\/div>\n\t\t\t\t<\/div>\n\t\t\t\t<\/div>\n\t\t\t\t\t<\/div>\n\t\t\t\t<\/div>\n\t\t<div class=\"elementor-element elementor-element-289ae7e3 e-flex e-con-boxed wcf-starter-animations-none e-con e-parent\" data-id=\"289ae7e3\" data-element_type=\"container\" data-e-type=\"container\" data-settings=\"{&quot;wcf_enable_cursor_hover_effect_text&quot;:&quot;View&quot;,&quot;wcf-animation&quot;:&quot;none&quot;,&quot;wcf_enable_horizontal_scroll&quot;:&quot;no&quot;}\">\n\t\t\t\t\t<div class=\"e-con-inner\">\n\t\t\t\t\t<\/div>\n\t\t\t\t<\/div>\n\t\t<div class=\"aae-disable-transition elementor-element elementor-element-ece5bdd e-flex e-con-boxed wcf-starter-animations-none e-con e-parent\" data-id=\"ece5bdd\" data-element_type=\"container\" data-e-type=\"container\" data-settings=\"{&quot;wcf_enable_cursor_hover_effect_text&quot;:&quot;View&quot;,&quot;wcf-animation&quot;:&quot;fade&quot;,&quot;data-duration&quot;:0.75,&quot;fade-offset&quot;:40,&quot;delay&quot;:0.5,&quot;wcf_enable_animation_editor&quot;:&quot;yes&quot;,&quot;aae_method&quot;:&quot;from&quot;,&quot;aae_trigger&quot;:&quot;on_scroll&quot;,&quot;fade-from&quot;:&quot;bottom&quot;,&quot;ease&quot;:&quot;power2.out&quot;,&quot;wcf_enable_horizontal_scroll&quot;:&quot;no&quot;}\">\n\t\t\t\t\t<div class=\"e-con-inner\">\n\t\t\t\t<div class=\"elementor-element elementor-element-853732e wcf--title-underline wcf--image-effect-zoom-in elementor-widget elementor-widget-wcf--posts-pro\" data-id=\"853732e\" data-element_type=\"widget\" data-e-type=\"widget\" data-settings=\"{&quot;show_title_highlight&quot;:&quot;yes&quot;,&quot;highlight_title_length&quot;:5,&quot;wcf-animation&quot;:&quot;none&quot;}\" data-widget_type=\"wcf--posts-pro.default\">\n\t\t\t\t<div class=\"elementor-widget-container\">\n\t\t\t\t\t        <div class=\"wcf__posts-pro layout-normal\">        <div class=\"wcf-posts\">\r\n\t\t        <article class=\"wcf-post post-27992 post type-post status-publish format-standard has-post-thumbnail hentry category-recintos-deportivos tag-serie-cxa\">\r\n\r\n\t\t\t\t\t<div class=\"thumb wcf--format-\">\r\n\t\t\t<a href=\"https:\/\/pre.lynxproaudio.com\/es\/el-sonido-en-el-coventina-luxury-houseboat\/\">\r\n\t\t\t\t<img fetchpriority=\"high\" decoding=\"async\" width=\"768\" height=\"458\" src=\"https:\/\/pre.lynxproaudio.com\/wp-content\/uploads\/2026\/03\/12-1-980x585-1-1-768x458.webp\" class=\"attachment-medium_large size-medium_large wp-image-28005\" alt=\"\" srcset=\"https:\/\/pre.lynxproaudio.com\/wp-content\/uploads\/2026\/03\/12-1-980x585-1-1-768x458.webp 768w, https:\/\/pre.lynxproaudio.com\/wp-content\/uploads\/2026\/03\/12-1-980x585-1-1-300x179.webp 300w, https:\/\/pre.lynxproaudio.com\/wp-content\/uploads\/2026\/03\/12-1-980x585-1-1-610x364.webp 610w, https:\/\/pre.lynxproaudio.com\/wp-content\/uploads\/2026\/03\/12-1-980x585-1-1.webp 980w\" sizes=\"(max-width: 768px) 100vw, 768px\" \/>\t\t\t<\/a>\r\n\t\t\t\t\t<\/div>\r\n\t\t\t<h3 class=\"wcf-post-title\">\r\n\t\t\t<a href=\"https:\/\/pre.lynxproaudio.com\/es\/el-sonido-en-el-coventina-luxury-houseboat\/\">\r\n\t\t\t\t<span class=\"highlight\">El Sonido en el Coventina<\/span> Luxury Houseboat\t\t\t<\/a>\r\n\t\t<\/h3>\r\n\t\t\t<div class=\"wcf-post-excerpt\">\r\n\t\t\t<p>Integraci\u00f3n AV en el Coventina Luxury Houseboat: c\u00f3mo el procesamiento DSP y los sistemas de grado marino de Lynx Pro Audio garantizan fidelidad en entornos de alta salinidad.<\/p>\n\t\t<\/div>\r\n\t        <\/article>\r\n\t\t        <article class=\"wcf-post post-18045 post type-post status-publish format-standard has-post-thumbnail hentry category-recintos-deportivos tag-hr-series tag-serie-cxa tag-serie-hr\">\r\n\r\n\t\t\t\t\t<div class=\"thumb wcf--format-\">\r\n\t\t\t<a href=\"https:\/\/pre.lynxproaudio.com\/es\/lynx-pro-audio-en-el-pabellon-ciutat-de-castello\/\">\r\n\t\t\t\t<img decoding=\"async\" width=\"768\" height=\"512\" src=\"https:\/\/pre.lynxproaudio.com\/wp-content\/uploads\/2025\/12\/Pabellon-Castellon_-scaled-1-768x512.webp\" class=\"attachment-medium_large size-medium_large wp-image-24834\" alt=\"Pabellon-Castellon_Lynx Pro Audio\" srcset=\"https:\/\/pre.lynxproaudio.com\/wp-content\/uploads\/2025\/12\/Pabellon-Castellon_-scaled-1-768x512.webp 768w, https:\/\/pre.lynxproaudio.com\/wp-content\/uploads\/2025\/12\/Pabellon-Castellon_-scaled-1-300x200.webp 300w, https:\/\/pre.lynxproaudio.com\/wp-content\/uploads\/2025\/12\/Pabellon-Castellon_-scaled-1-1024x683.webp 1024w, https:\/\/pre.lynxproaudio.com\/wp-content\/uploads\/2025\/12\/Pabellon-Castellon_-scaled-1-1536x1024.webp 1536w, https:\/\/pre.lynxproaudio.com\/wp-content\/uploads\/2025\/12\/Pabellon-Castellon_-scaled-1-2048x1366.webp 2048w\" sizes=\"(max-width: 768px) 100vw, 768px\" \/>\t\t\t<\/a>\r\n\t\t\t\t\t<\/div>\r\n\t\t\t<h3 class=\"wcf-post-title\">\r\n\t\t\t<a href=\"https:\/\/pre.lynxproaudio.com\/es\/lynx-pro-audio-en-el-pabellon-ciutat-de-castello\/\">\r\n\t\t\t\t<span class=\"highlight\">Lynx Pro Audio en el<\/span> Pabell\u00f3n Ciutat de Castell\u00f3\t\t\t<\/a>\r\n\t\t<\/h3>\r\n\t\t\t<div class=\"wcf-post-excerpt\">\r\n\t\t\t<p>El Pabell\u00f3n Ciutat de Castell\u00f3 asegura una ac\u00fastica gracias a la tecnolog\u00eda de Lynx Pro Audio. Descubre los detalles de esta instalaci\u00f3n.<\/p>\n\t\t<\/div>\r\n\t        <\/article>\r\n\t\t        <article class=\"wcf-post post-17978 post type-post status-publish format-standard has-post-thumbnail hentry category-instalaciones category-nuestros-clientes category-recintos-deportivos tag-serie-gxr\">\r\n\r\n\t\t\t\t\t<div class=\"thumb wcf--format-\">\r\n\t\t\t<a href=\"https:\/\/pre.lynxproaudio.com\/es\/instalacion-en-el-gimnasio-del-centro-olimpico-de-pekin\/\">\r\n\t\t\t\t<img decoding=\"async\" width=\"768\" height=\"432\" src=\"https:\/\/pre.lynxproaudio.com\/wp-content\/uploads\/2020\/06\/Lynx-Pro-Audio-National-Olympic-Stadium-Beijing-01-768x432.jpg\" class=\"attachment-medium_large size-medium_large wp-image-17713\" alt=\"\" srcset=\"https:\/\/pre.lynxproaudio.com\/wp-content\/uploads\/2020\/06\/Lynx-Pro-Audio-National-Olympic-Stadium-Beijing-01-768x432.jpg 768w, https:\/\/pre.lynxproaudio.com\/wp-content\/uploads\/2020\/06\/Lynx-Pro-Audio-National-Olympic-Stadium-Beijing-01-300x169.jpg 300w, https:\/\/pre.lynxproaudio.com\/wp-content\/uploads\/2020\/06\/Lynx-Pro-Audio-National-Olympic-Stadium-Beijing-01-1024x576.jpg 1024w, https:\/\/pre.lynxproaudio.com\/wp-content\/uploads\/2020\/06\/Lynx-Pro-Audio-National-Olympic-Stadium-Beijing-01.jpg 1080w\" sizes=\"(max-width: 768px) 100vw, 768px\" \/>\t\t\t<\/a>\r\n\t\t\t\t\t<\/div>\r\n\t\t\t<h3 class=\"wcf-post-title\">\r\n\t\t\t<a href=\"https:\/\/pre.lynxproaudio.com\/es\/instalacion-en-el-gimnasio-del-centro-olimpico-de-pekin\/\">\r\n\t\t\t\t<span class=\"highlight\">Instalaci\u00f3n en el Gimnasio del<\/span> Centro Ol\u00edmpico de Pek\u00edn\t\t\t<\/a>\r\n\t\t<\/h3>\r\n\t\t\t<div class=\"wcf-post-excerpt\">\r\n\t\t\t<p>El Gimnasio del Centro Deportivo Ol\u00edmpico (\u5965\u4f53\u4e2d\u5fc3\u4f53\u80b2\u9986) se sit\u00faa en el norte de Beijing, entre el Parque Ol\u00edmpico, el Bosque Ol\u00edmpico y la Villa Ol\u00edmpica. En el evento se instalaron\t\t<\/div>\r\n\t        <\/article>\r\n\t\t        <article class=\"wcf-post post-17972 post type-post status-publish format-standard has-post-thumbnail hentry category-instalaciones category-noticias category-nuestros-clientes category-recintos-deportivos tag-serie-gxr tag-serie-lx\">\r\n\r\n\t\t\t\t\t<div class=\"thumb wcf--format-\">\r\n\t\t\t<a href=\"https:\/\/pre.lynxproaudio.com\/es\/complejo-deportivo-shanghai-oriental-sports-center\/\">\r\n\t\t\t\t<img loading=\"lazy\" decoding=\"async\" width=\"768\" height=\"499\" src=\"https:\/\/pre.lynxproaudio.com\/wp-content\/uploads\/2019\/10\/LynxProAudio-stadium-installation-shanghai-oriental-sports-center-portada-768x499.jpg\" class=\"attachment-medium_large size-medium_large wp-image-17703\" alt=\"\" srcset=\"https:\/\/pre.lynxproaudio.com\/wp-content\/uploads\/2019\/10\/LynxProAudio-stadium-installation-shanghai-oriental-sports-center-portada-768x499.jpg 768w, https:\/\/pre.lynxproaudio.com\/wp-content\/uploads\/2019\/10\/LynxProAudio-stadium-installation-shanghai-oriental-sports-center-portada-300x195.jpg 300w, https:\/\/pre.lynxproaudio.com\/wp-content\/uploads\/2019\/10\/LynxProAudio-stadium-installation-shanghai-oriental-sports-center-portada.jpg 1011w\" sizes=\"(max-width: 768px) 100vw, 768px\" \/>\t\t\t<\/a>\r\n\t\t\t\t\t<\/div>\r\n\t\t\t<h3 class=\"wcf-post-title\">\r\n\t\t\t<a href=\"https:\/\/pre.lynxproaudio.com\/es\/complejo-deportivo-shanghai-oriental-sports-center\/\">\r\n\t\t\t\t<span class=\"highlight\">Complejo deportivo Shanghai Oriental Sports<\/span> Center\t\t\t<\/a>\r\n\t\t<\/h3>\r\n\t\t\t<div class=\"wcf-post-excerpt\">\r\n\t\t\t<p>El Super Penguin Celebrity Game 2019 se celebr\u00f3 con \u00e9xito en Shanghai de la mano de Tencent Sports, una de las plataformas deportivas de transmisi\u00f3n en vivo m\u00e1s poderosas de\t\t<\/div>\r\n\t        <\/article>\r\n\t\t        <article class=\"wcf-post post-17962 post type-post status-publish format-standard has-post-thumbnail hentry category-instalaciones category-noticias category-nuestros-clientes category-recintos-deportivos tag-serie-qb\">\r\n\r\n\t\t\t\t\t<div class=\"thumb wcf--format-\">\r\n\t\t\t<a href=\"https:\/\/pre.lynxproaudio.com\/es\/urban-planet-sonido-lynx-pro-audio\/\">\r\n\t\t\t\t<img loading=\"lazy\" decoding=\"async\" width=\"768\" height=\"512\" src=\"https:\/\/pre.lynxproaudio.com\/wp-content\/uploads\/2019\/07\/Urban_planet_lynxproaudio-15-768x512.jpg\" class=\"attachment-medium_large size-medium_large wp-image-17688\" alt=\"\" srcset=\"https:\/\/pre.lynxproaudio.com\/wp-content\/uploads\/2019\/07\/Urban_planet_lynxproaudio-15-768x512.jpg 768w, https:\/\/pre.lynxproaudio.com\/wp-content\/uploads\/2019\/07\/Urban_planet_lynxproaudio-15-300x200.jpg 300w, https:\/\/pre.lynxproaudio.com\/wp-content\/uploads\/2019\/07\/Urban_planet_lynxproaudio-15-1024x683.jpg 1024w, https:\/\/pre.lynxproaudio.com\/wp-content\/uploads\/2019\/07\/Urban_planet_lynxproaudio-15.jpg 1440w\" sizes=\"(max-width: 768px) 100vw, 768px\" \/>\t\t\t<\/a>\r\n\t\t\t\t\t<\/div>\r\n\t\t\t<h3 class=\"wcf-post-title\">\r\n\t\t\t<a href=\"https:\/\/pre.lynxproaudio.com\/es\/urban-planet-sonido-lynx-pro-audio\/\">\r\n\t\t\t\t<span class=\"highlight\">Urban Planet Jump, la mejor<\/span> experiencia de salto con el mejor sonido\t\t\t<\/a>\r\n\t\t<\/h3>\r\n\t\t\t<div class=\"wcf-post-excerpt\">\r\n\t\t\t<p>Urban Planet Jump es un parque de trampolines gestionado y dise\u00f1ado por especialistas deportivos. En sus instalaciones se puede encontrar un mar de camas el\u00e1sticas y una amplia gama de\t\t<\/div>\r\n\t        <\/article>\r\n\t\t        <article class=\"wcf-post post-17933 post type-post status-publish format-standard has-post-thumbnail hentry category-instalaciones category-nuestros-clientes category-recintos-deportivos tag-serie-gxr\">\r\n\r\n\t\t\t\t\t<div class=\"thumb wcf--format-\">\r\n\t\t\t<a href=\"https:\/\/pre.lynxproaudio.com\/es\/road-fc-corea-del-sur\/\">\r\n\t\t\t\t<img loading=\"lazy\" decoding=\"async\" width=\"768\" height=\"432\" src=\"https:\/\/pre.lynxproaudio.com\/wp-content\/uploads\/2018\/11\/roadfc-2018-8-768x432.jpg\" class=\"attachment-medium_large size-medium_large wp-image-17655\" alt=\"\" srcset=\"https:\/\/pre.lynxproaudio.com\/wp-content\/uploads\/2018\/11\/roadfc-2018-8-768x432.jpg 768w, https:\/\/pre.lynxproaudio.com\/wp-content\/uploads\/2018\/11\/roadfc-2018-8-300x169.jpg 300w, https:\/\/pre.lynxproaudio.com\/wp-content\/uploads\/2018\/11\/roadfc-2018-8.jpg 1000w\" sizes=\"(max-width: 768px) 100vw, 768px\" \/>\t\t\t<\/a>\r\n\t\t\t\t\t<\/div>\r\n\t\t\t<h3 class=\"wcf-post-title\">\r\n\t\t\t<a href=\"https:\/\/pre.lynxproaudio.com\/es\/road-fc-corea-del-sur\/\">\r\n\t\t\t\t<span class=\"highlight\">Road Fighting Championship en Daejeun,<\/span> Corea del Sur\t\t\t<\/a>\r\n\t\t<\/h3>\r\n\t\t\t<div class=\"wcf-post-excerpt\">\r\n\t\t\t<p>El s\u00e1bado 3 de noviembre tuvo lugar el Road Fighting Championship (Road FC), un campeonato surcoreano basado en artes marciales mixtas (MMA).\u00a0Este a\u00f1o el evento se ha celebrado en la\t\t<\/div>\r\n\t        <\/article>\r\n\t\t        <article class=\"wcf-post post-17960 post type-post status-publish format-standard has-post-thumbnail hentry category-instalaciones category-noticias category-nuestros-clientes category-recintos-deportivos tag-serie-cxa tag-serie-qb\">\r\n\r\n\t\t\t\t\t<div class=\"thumb wcf--format-\">\r\n\t\t\t<a href=\"https:\/\/pre.lynxproaudio.com\/es\/alqueria-basket-valencia-club-basket\/\">\r\n\t\t\t\t<img loading=\"lazy\" decoding=\"async\" width=\"768\" height=\"512\" src=\"https:\/\/pre.lynxproaudio.com\/wp-content\/uploads\/2017\/11\/Lynx-Pro-Audio-Alqueria-Basket-1-768x512.jpg\" class=\"attachment-medium_large size-medium_large wp-image-17684\" alt=\"\" srcset=\"https:\/\/pre.lynxproaudio.com\/wp-content\/uploads\/2017\/11\/Lynx-Pro-Audio-Alqueria-Basket-1-768x512.jpg 768w, https:\/\/pre.lynxproaudio.com\/wp-content\/uploads\/2017\/11\/Lynx-Pro-Audio-Alqueria-Basket-1-300x200.jpg 300w, https:\/\/pre.lynxproaudio.com\/wp-content\/uploads\/2017\/11\/Lynx-Pro-Audio-Alqueria-Basket-1.jpg 1000w\" sizes=\"(max-width: 768px) 100vw, 768px\" \/>\t\t\t<\/a>\r\n\t\t\t\t\t<\/div>\r\n\t\t\t<h3 class=\"wcf-post-title\">\r\n\t\t\t<a href=\"https:\/\/pre.lynxproaudio.com\/es\/alqueria-basket-valencia-club-basket\/\">\r\n\t\t\t\t<span class=\"highlight\">L&#8217;Alqueria del Basket del Valencia<\/span> Club de Basket\t\t\t<\/a>\r\n\t\t<\/h3>\r\n\t\t\t<div class=\"wcf-post-excerpt\">\r\n\t\t\t<p>Junto al pabell\u00f3n de la Fuente de San Luis, en Valencia (Espa\u00f1a), se levanta la instalaci\u00f3n m\u00e1s grande de Europa para un equipo juvenil de baloncesto: \u00abL&#8217;Alqueria del Basket\u00bb. Este\t\t<\/div>\r\n\t        <\/article>\r\n\t\t        <article class=\"wcf-post post-17917 post type-post status-publish format-standard has-post-thumbnail hentry category-instalaciones category-noticias category-recintos-deportivos tag-serie-cxa tag-serie-lx\">\r\n\r\n\t\t\t\t\t<div class=\"thumb wcf--format-\">\r\n\t\t\t<a href=\"https:\/\/pre.lynxproaudio.com\/es\/lynx-el-sonido-de-la-victoria\/\">\r\n\t\t\t\t<img loading=\"lazy\" decoding=\"async\" width=\"768\" height=\"512\" src=\"https:\/\/pre.lynxproaudio.com\/wp-content\/uploads\/2017\/07\/lynx_font_san-lluis-valencia_basket-768x512.jpg\" class=\"attachment-medium_large size-medium_large wp-image-17626\" alt=\"Valencia Basket arena | Lynx Pro Audio\" srcset=\"https:\/\/pre.lynxproaudio.com\/wp-content\/uploads\/2017\/07\/lynx_font_san-lluis-valencia_basket-768x512.jpg 768w, https:\/\/pre.lynxproaudio.com\/wp-content\/uploads\/2017\/07\/lynx_font_san-lluis-valencia_basket-300x200.jpg 300w, https:\/\/pre.lynxproaudio.com\/wp-content\/uploads\/2017\/07\/lynx_font_san-lluis-valencia_basket-1024x683.jpg 1024w, https:\/\/pre.lynxproaudio.com\/wp-content\/uploads\/2017\/07\/lynx_font_san-lluis-valencia_basket-1536x1024.jpg 1536w, https:\/\/pre.lynxproaudio.com\/wp-content\/uploads\/2017\/07\/lynx_font_san-lluis-valencia_basket.jpg 1920w\" sizes=\"(max-width: 768px) 100vw, 768px\" \/>\t\t\t<\/a>\r\n\t\t\t\t\t<\/div>\r\n\t\t\t<h3 class=\"wcf-post-title\">\r\n\t\t\t<a href=\"https:\/\/pre.lynxproaudio.com\/es\/lynx-el-sonido-de-la-victoria\/\">\r\n\t\t\t\t<span class=\"highlight\">LYNX: El sonido de la<\/span> victoria\t\t\t<\/a>\r\n\t\t<\/h3>\r\n\t\t\t<div class=\"wcf-post-excerpt\">\r\n\t\t\t<p>El pasado 16 de junio el Valencia Basket gan\u00f3 su primera Liga ACB y los sistemas Lynx Pro Audio fueron testigos directos de este gran \u00e9xito deportivo del club. El\t\t<\/div>\r\n\t        <\/article>\r\n\t\t        <article class=\"wcf-post post-17959 post type-post status-publish format-standard has-post-thumbnail hentry category-instalaciones category-noticias category-nuestros-clientes category-recintos-deportivos tag-serie-adp\">\r\n\r\n\t\t\t\t\t<div class=\"thumb wcf--format-\">\r\n\t\t\t<a href=\"https:\/\/pre.lynxproaudio.com\/es\/polideportivo-vechtehalle-alemania\/\">\r\n\t\t\t\t<img loading=\"lazy\" decoding=\"async\" width=\"768\" height=\"292\" src=\"https:\/\/pre.lynxproaudio.com\/wp-content\/uploads\/2016\/07\/multisports-vechtehalle-768x292.jpg\" class=\"attachment-medium_large size-medium_large wp-image-17682\" alt=\"\" srcset=\"https:\/\/pre.lynxproaudio.com\/wp-content\/uploads\/2016\/07\/multisports-vechtehalle-768x292.jpg 768w, https:\/\/pre.lynxproaudio.com\/wp-content\/uploads\/2016\/07\/multisports-vechtehalle-300x114.jpg 300w, https:\/\/pre.lynxproaudio.com\/wp-content\/uploads\/2016\/07\/multisports-vechtehalle-1024x390.jpg 1024w, https:\/\/pre.lynxproaudio.com\/wp-content\/uploads\/2016\/07\/multisports-vechtehalle.jpg 1334w\" sizes=\"(max-width: 768px) 100vw, 768px\" \/>\t\t\t<\/a>\r\n\t\t\t\t\t<\/div>\r\n\t\t\t<h3 class=\"wcf-post-title\">\r\n\t\t\t<a href=\"https:\/\/pre.lynxproaudio.com\/es\/polideportivo-vechtehalle-alemania\/\">\r\n\t\t\t\t<span class=\"highlight\">Centro Polideportivo Vechtehalle en Sch\u00fcttorf,<\/span> Alemania\t\t\t<\/a>\r\n\t\t<\/h3>\r\n\t\t\t<div class=\"wcf-post-excerpt\">\r\n\t\t\t<p>Centro polideportivo Vechtehalle, sede del Club de Voleibol Sch\u00fcttorf. El estadio, que es administrado por el ayuntamiento de Sch\u00fcttorf, tiene una capacidad de 5.000 espectadores. Cuenta con una tribuna cubierta\t\t<\/div>\r\n\t        <\/article>\r\n\t\t<\/div>\t\t\t\t<div class=\"load-more-anchor\" data-page=\"1\" data-max-page=\"2\" data-next-page=\"https:\/\/pre.lynxproaudio.com\/es\/wp-json\/wp\/v2\/pages\/23075\/page\/2\/\"><\/div>\r\n\r\n\t\t\t\t\r\n\t\t\t\t<button class=\"wcf-post-load-more\" data-type=\"load_on_click\">\r\n\t\t\t\t\t\t\t\t\t\t\t<span class=\"load-more-spinner eicon-animation-spin\">\r\n\t\t\t\t\t\t\t<svg aria-hidden=\"true\" class=\"e-font-icon-svg e-fas-spinner\" viewBox=\"0 0 512 512\" xmlns=\"http:\/\/www.w3.org\/2000\/svg\"><path d=\"M304 48c0 26.51-21.49 48-48 48s-48-21.49-48-48 21.49-48 48-48 48 21.49 48 48zm-48 368c-26.51 0-48 21.49-48 48s21.49 48 48 48 48-21.49 48-48-21.49-48-48-48zm208-208c-26.51 0-48 21.49-48 48s21.49 48 48 48 48-21.49 48-48-21.49-48-48-48zM96 256c0-26.51-21.49-48-48-48S0 229.49 0 256s21.49 48 48 48 48-21.49 48-48zm12.922 99.078c-26.51 0-48 21.49-48 48s21.49 48 48 48 48-21.49 48-48c0-26.509-21.491-48-48-48zm294.156 0c-26.51 0-48 21.49-48 48s21.49 48 48 48 48-21.49 48-48c0-26.509-21.49-48-48-48zM108.922 60.922c-26.51 0-48 21.49-48 48s21.49 48 48 48 48-21.49 48-48-21.491-48-48-48z\"><\/path><\/svg>\t\t\t\t\t\t<\/span>\r\n\t\t\t\t\t\t\t\t\t\t<span class=\"load-more-text\">\r\n\t\t\t\t\t\tCargar m\u00e1s\t\t\t\t\t\t\t\t\t\t\t<\/span>\r\n\t\t\t\t<\/button>\r\n\t\t\t<\/div>\t\t\t\t<\/div>\n\t\t\t\t<\/div>\n\t\t\t\t\t<\/div>\n\t\t\t\t<\/div>\n\t\t\t\t<\/div>\n\t\t","protected":false},"excerpt":{"rendered":"","protected":false},"author":10,"featured_media":23080,"parent":22882,"menu_order":0,"comment_status":"closed","ping_status":"closed","template":"elementor_header_footer","meta":{"_acf_changed":false,"footnotes":""},"categoria-pagina":[],"class_list":["post-23075","page","type-page","status-publish","has-post-thumbnail","hentry"],"acf":[],"_links":{"self":[{"href":"https:\/\/pre.lynxproaudio.com\/es\/wp-json\/wp\/v2\/pages\/23075","targetHints":{"allow":["GET"]}}],"collection":[{"href":"https:\/\/pre.lynxproaudio.com\/es\/wp-json\/wp\/v2\/pages"}],"about":[{"href":"https:\/\/pre.lynxproaudio.com\/es\/wp-json\/wp\/v2\/types\/page"}],"author":[{"embeddable":true,"href":"https:\/\/pre.lynxproaudio.com\/es\/wp-json\/wp\/v2\/users\/10"}],"replies":[{"embeddable":true,"href":"https:\/\/pre.lynxproaudio.com\/es\/wp-json\/wp\/v2\/comments?post=23075"}],"version-history":[{"count":0,"href":"https:\/\/pre.lynxproaudio.com\/es\/wp-json\/wp\/v2\/pages\/23075\/revisions"}],"up":[{"embeddable":true,"href":"https:\/\/pre.lynxproaudio.com\/es\/wp-json\/wp\/v2\/pages\/22882"}],"wp:featuredmedia":[{"embeddable":true,"href":"https:\/\/pre.lynxproaudio.com\/es\/wp-json\/wp\/v2\/media\/23080"}],"wp:attachment":[{"href":"https:\/\/pre.lynxproaudio.com\/es\/wp-json\/wp\/v2\/media?parent=23075"}],"wp:term":[{"taxonomy":"categoria-pagina","embeddable":true,"href":"https:\/\/pre.lynxproaudio.com\/es\/wp-json\/wp\/v2\/categoria-pagina?post=23075"}],"curies":[{"name":"wp","href":"https:\/\/api.w.org\/{rel}","templated":true}]}}