{"id":22657,"date":"2026-02-20T13:16:24","date_gmt":"2026-02-20T12:16:24","guid":{"rendered":"http:\/\/lynxproaudio.loading.net\/news\/"},"modified":"2026-03-27T14:30:15","modified_gmt":"2026-03-27T13:30:15","slug":"noticias","status":"publish","type":"page","link":"https:\/\/pre.lynxproaudio.com\/es\/noticias\/","title":{"rendered":"Noticias"},"content":{"rendered":"\t\t<div data-elementor-type=\"wp-page\" data-elementor-id=\"22657\" class=\"elementor elementor-22657 elementor-22630\" data-elementor-post-type=\"page\">\n\t\t\t\t<div class=\"elementor-element elementor-element-7b5af78 e-flex e-con-boxed wcf-starter-animations-none e-con e-parent\" data-id=\"7b5af78\" data-element_type=\"container\" data-e-type=\"container\" data-settings=\"{&quot;wcf_enable_cursor_hover_effect_text&quot;:&quot;View&quot;,&quot;wcf-animation&quot;:&quot;none&quot;,&quot;wcf_enable_horizontal_scroll&quot;:&quot;no&quot;}\">\n\t\t\t\t\t<div class=\"e-con-inner\">\n\t\t<div class=\"elementor-element elementor-element-430b610 e-con-full e-flex wcf-starter-animations-none e-con e-child\" data-id=\"430b610\" data-element_type=\"container\" data-e-type=\"container\" data-settings=\"{&quot;wcf_enable_cursor_hover_effect_text&quot;:&quot;View&quot;,&quot;wcf-animation&quot;:&quot;none&quot;,&quot;wcf_enable_horizontal_scroll&quot;:&quot;no&quot;}\">\n\t\t\t\t<div class=\"elementor-element elementor-element-b4aa98d elementor-widget-mobile__width-inherit wcf-t-animation-text_move wcf-starter-animations-none elementor-widget elementor-widget-wcf--title\" data-id=\"b4aa98d\" data-element_type=\"widget\" data-e-type=\"widget\" data-settings=\"{&quot;text_transform_origin&quot;:&quot;top center -50&quot;,&quot;wcf_text_animation&quot;:&quot;text_move&quot;,&quot;wcf_starter_animations&quot;:&quot;none&quot;,&quot;wcf_anim_duration&quot;:1000,&quot;wcf_anim_delay&quot;:0,&quot;wcf_anim_ease&quot;:&quot;ease&quot;,&quot;aae_text_trigger&quot;:&quot;on_scroll&quot;,&quot;text_delay&quot;:0.15,&quot;text_duration&quot;:1,&quot;text_stagger&quot;:0.02,&quot;text_rotation_di&quot;:&quot;x&quot;,&quot;text_rotation&quot;:&quot;-80&quot;,&quot;wcf-animation&quot;:&quot;none&quot;}\" data-widget_type=\"wcf--title.default\">\n\t\t\t\t<div class=\"elementor-widget-container\">\n\t\t\t\t\t<h1 class=\"wcf--title\">Noticias<\/h1>\t\t\t\t<\/div>\n\t\t\t\t<\/div>\n\t\t\t\t<\/div>\n\t\t\t\t\t<\/div>\n\t\t\t\t<\/div>\n\t\t<div class=\"elementor-element elementor-element-289ae7e3 e-flex e-con-boxed wcf-starter-animations-none e-con e-parent\" data-id=\"289ae7e3\" data-element_type=\"container\" data-e-type=\"container\" data-settings=\"{&quot;wcf_enable_cursor_hover_effect_text&quot;:&quot;View&quot;,&quot;wcf-animation&quot;:&quot;none&quot;,&quot;wcf_enable_horizontal_scroll&quot;:&quot;no&quot;}\">\n\t\t\t\t\t<div class=\"e-con-inner\">\n\t\t\t\t<div class=\"elementor-element elementor-element-3bb73624 wcf-starter-animations-none wcf-t-animation-none elementor-widget elementor-widget-text-editor\" data-id=\"3bb73624\" data-element_type=\"widget\" data-e-type=\"widget\" data-settings=\"{&quot;wcf_starter_animations&quot;:&quot;none&quot;,&quot;wcf_anim_duration&quot;:1000,&quot;wcf_anim_delay&quot;:0,&quot;wcf_anim_ease&quot;:&quot;ease&quot;,&quot;wcf_text_animation&quot;:&quot;none&quot;,&quot;wcf-animation&quot;:&quot;none&quot;}\" data-widget_type=\"text-editor.default\">\n\t\t\t\t\t\t\t\t\t&nbsp;\r\n\r\n&nbsp;\t\t\t\t\t\t\t\t<\/div>\n\t\t\t\t\t<\/div>\n\t\t\t\t<\/div>\n\t\t<div class=\"aae-disable-transition elementor-element elementor-element-ece5bdd e-flex e-con-boxed wcf-starter-animations-none e-con e-parent\" data-id=\"ece5bdd\" data-element_type=\"container\" data-e-type=\"container\" data-settings=\"{&quot;wcf_enable_cursor_hover_effect_text&quot;:&quot;View&quot;,&quot;wcf-animation&quot;:&quot;fade&quot;,&quot;data-duration&quot;:0.75,&quot;fade-offset&quot;:40,&quot;delay&quot;:0.5,&quot;wcf_enable_animation_editor&quot;:&quot;yes&quot;,&quot;aae_method&quot;:&quot;from&quot;,&quot;aae_trigger&quot;:&quot;on_scroll&quot;,&quot;fade-from&quot;:&quot;bottom&quot;,&quot;ease&quot;:&quot;power2.out&quot;,&quot;wcf_enable_horizontal_scroll&quot;:&quot;no&quot;}\">\n\t\t\t\t\t<div class=\"e-con-inner\">\n\t\t\t\t<div class=\"elementor-element elementor-element-853732e wcf--title-underline wcf--image-effect-zoom-in elementor-widget elementor-widget-wcf--posts-pro\" data-id=\"853732e\" data-element_type=\"widget\" data-e-type=\"widget\" data-settings=\"{&quot;show_title_highlight&quot;:&quot;yes&quot;,&quot;highlight_title_length&quot;:5,&quot;wcf-animation&quot;:&quot;none&quot;}\" data-widget_type=\"wcf--posts-pro.default\">\n\t\t\t\t<div class=\"elementor-widget-container\">\n\t\t\t\t\t        <div class=\"wcf__posts-pro layout-normal\">        <div class=\"wcf-posts\">\r\n\t\t        <article class=\"wcf-post post-27808 post type-post status-publish format-standard has-post-thumbnail hentry category-discotecas-y-bares category-instalaciones category-restaurantes tag-bs-series tag-hr-series tag-mh-series tag-serie-bs tag-serie-hr tag-serie-mh\">\r\n\r\n\t\t\t\t\t<div class=\"thumb wcf--format-\">\r\n\t\t\t<a href=\"https:\/\/pre.lynxproaudio.com\/es\/sonorizacion-de-alegal-story-valencia\/\">\r\n\t\t\t\t<img fetchpriority=\"high\" decoding=\"async\" width=\"768\" height=\"502\" src=\"https:\/\/pre.lynxproaudio.com\/wp-content\/uploads\/2026\/03\/Alegal-web-6-768x502.webp\" class=\"attachment-medium_large size-medium_large wp-image-27816\" alt=\"\" srcset=\"https:\/\/pre.lynxproaudio.com\/wp-content\/uploads\/2026\/03\/Alegal-web-6-768x502.webp 768w, https:\/\/pre.lynxproaudio.com\/wp-content\/uploads\/2026\/03\/Alegal-web-6-300x196.webp 300w, https:\/\/pre.lynxproaudio.com\/wp-content\/uploads\/2026\/03\/Alegal-web-6-610x399.webp 610w, https:\/\/pre.lynxproaudio.com\/wp-content\/uploads\/2026\/03\/Alegal-web-6.webp 886w\" sizes=\"(max-width: 768px) 100vw, 768px\" \/>\t\t\t<\/a>\r\n\t\t\t\t\t<\/div>\r\n\t\t\t<h3 class=\"wcf-post-title\">\r\n\t\t\t<a href=\"https:\/\/pre.lynxproaudio.com\/es\/sonorizacion-de-alegal-story-valencia\/\">\r\n\t\t\t\t<span class=\"highlight\">Sonorizaci\u00f3n de Alegal Story Valencia<\/span> \t\t\t<\/a>\r\n\t\t<\/h3>\r\n\t\t\t<div class=\"wcf-post-excerpt\">\r\n\t\t\t<p>An\u00e1lisis t\u00e9cnico de la instalaci\u00f3n en Alegal Story (antiguos Cines Arag\u00f3n). Lynx Pro Audio, junto a Elemtec Audiovisuales y Conexativa, consolidan la arquitectura sonora de este espacio dual.<\/p>\n\t\t<\/div>\r\n\t        <\/article>\r\n\t\t        <article class=\"wcf-post post-28065 post type-post status-publish format-standard has-post-thumbnail hentry category-discotecas-y-bares category-instalaciones tag-bs-series tag-hr-series tag-mh-series tag-serie-bs tag-serie-hr tag-serie-mh\">\r\n\r\n\t\t\t\t\t<div class=\"thumb wcf--format-\">\r\n\t\t\t<a href=\"https:\/\/pre.lynxproaudio.com\/es\/lynx-pro-audio-sponsor-oficial-de-pacalculate\/\">\r\n\t\t\t\t<img decoding=\"async\" width=\"768\" height=\"480\" src=\"https:\/\/pre.lynxproaudio.com\/wp-content\/uploads\/2026\/03\/Lynx-Pro-Audio-PACalculate-EN-1080x675-1-768x480.webp\" class=\"attachment-medium_large size-medium_large wp-image-28081\" alt=\"\" srcset=\"https:\/\/pre.lynxproaudio.com\/wp-content\/uploads\/2026\/03\/Lynx-Pro-Audio-PACalculate-EN-1080x675-1-768x480.webp 768w, https:\/\/pre.lynxproaudio.com\/wp-content\/uploads\/2026\/03\/Lynx-Pro-Audio-PACalculate-EN-1080x675-1-300x188.webp 300w, https:\/\/pre.lynxproaudio.com\/wp-content\/uploads\/2026\/03\/Lynx-Pro-Audio-PACalculate-EN-1080x675-1-1024x640.webp 1024w, https:\/\/pre.lynxproaudio.com\/wp-content\/uploads\/2026\/03\/Lynx-Pro-Audio-PACalculate-EN-1080x675-1-610x381.webp 610w, https:\/\/pre.lynxproaudio.com\/wp-content\/uploads\/2026\/03\/Lynx-Pro-Audio-PACalculate-EN-1080x675-1.webp 1080w\" sizes=\"(max-width: 768px) 100vw, 768px\" \/>\t\t\t<\/a>\r\n\t\t\t\t\t<\/div>\r\n\t\t\t<h3 class=\"wcf-post-title\">\r\n\t\t\t<a href=\"https:\/\/pre.lynxproaudio.com\/es\/lynx-pro-audio-sponsor-oficial-de-pacalculate\/\">\r\n\t\t\t\t<span class=\"highlight\">Lynx Pro Audio: Sponsor oficial<\/span> de PAcalculate\t\t\t<\/a>\r\n\t\t<\/h3>\r\n\t\t\t<div class=\"wcf-post-excerpt\">\r\n\t\t\t<p>Lynx Pro Audio anuncia su incorporaci\u00f3n como colaborador oficial de PAcalculate, la herramienta de referencia para el c\u00e1lculo electroac\u00fastico.<\/p>\n\t\t<\/div>\r\n\t        <\/article>\r\n\t\t        <article class=\"wcf-post post-27992 post type-post status-publish format-standard has-post-thumbnail hentry category-recintos-deportivos tag-serie-cxa\">\r\n\r\n\t\t\t\t\t<div class=\"thumb wcf--format-\">\r\n\t\t\t<a href=\"https:\/\/pre.lynxproaudio.com\/es\/el-sonido-en-el-coventina-luxury-houseboat\/\">\r\n\t\t\t\t<img decoding=\"async\" width=\"768\" height=\"458\" src=\"https:\/\/pre.lynxproaudio.com\/wp-content\/uploads\/2026\/03\/12-1-980x585-1-1-768x458.webp\" class=\"attachment-medium_large size-medium_large wp-image-28005\" alt=\"\" srcset=\"https:\/\/pre.lynxproaudio.com\/wp-content\/uploads\/2026\/03\/12-1-980x585-1-1-768x458.webp 768w, https:\/\/pre.lynxproaudio.com\/wp-content\/uploads\/2026\/03\/12-1-980x585-1-1-300x179.webp 300w, https:\/\/pre.lynxproaudio.com\/wp-content\/uploads\/2026\/03\/12-1-980x585-1-1-610x364.webp 610w, https:\/\/pre.lynxproaudio.com\/wp-content\/uploads\/2026\/03\/12-1-980x585-1-1.webp 980w\" sizes=\"(max-width: 768px) 100vw, 768px\" \/>\t\t\t<\/a>\r\n\t\t\t\t\t<\/div>\r\n\t\t\t<h3 class=\"wcf-post-title\">\r\n\t\t\t<a href=\"https:\/\/pre.lynxproaudio.com\/es\/el-sonido-en-el-coventina-luxury-houseboat\/\">\r\n\t\t\t\t<span class=\"highlight\">El Sonido en el Coventina<\/span> Luxury Houseboat\t\t\t<\/a>\r\n\t\t<\/h3>\r\n\t\t\t<div class=\"wcf-post-excerpt\">\r\n\t\t\t<p>Integraci\u00f3n AV en el Coventina Luxury Houseboat: c\u00f3mo el procesamiento DSP y los sistemas de grado marino de Lynx Pro Audio garantizan fidelidad en entornos de alta salinidad.<\/p>\n\t\t<\/div>\r\n\t        <\/article>\r\n\t\t        <article class=\"wcf-post post-18043 post type-post status-publish format-standard has-post-thumbnail hentry category-discotecas-y-bares category-instalaciones tag-bs-series tag-mh-series tag-serie-bs tag-serie-hr tag-serie-mh\">\r\n\r\n\t\t\t\t\t<div class=\"thumb wcf--format-\">\r\n\t\t\t<a href=\"https:\/\/pre.lynxproaudio.com\/es\/audio-profesional-para-hosteleria-14-gradi-lounge-bar-milan\/\">\r\n\t\t\t\t<img loading=\"lazy\" decoding=\"async\" width=\"768\" height=\"1024\" src=\"https:\/\/pre.lynxproaudio.com\/wp-content\/uploads\/2025\/12\/IMG_2047-scaled-1-1-768x1024.webp\" class=\"attachment-medium_large size-medium_large wp-image-27979\" alt=\"\" srcset=\"https:\/\/pre.lynxproaudio.com\/wp-content\/uploads\/2025\/12\/IMG_2047-scaled-1-1-768x1024.webp 768w, https:\/\/pre.lynxproaudio.com\/wp-content\/uploads\/2025\/12\/IMG_2047-scaled-1-1-225x300.webp 225w, https:\/\/pre.lynxproaudio.com\/wp-content\/uploads\/2025\/12\/IMG_2047-scaled-1-1-1152x1536.webp 1152w, https:\/\/pre.lynxproaudio.com\/wp-content\/uploads\/2025\/12\/IMG_2047-scaled-1-1-1536x2048.webp 1536w, https:\/\/pre.lynxproaudio.com\/wp-content\/uploads\/2025\/12\/IMG_2047-scaled-1-1-610x813.webp 610w, https:\/\/pre.lynxproaudio.com\/wp-content\/uploads\/2025\/12\/IMG_2047-scaled-1-1.webp 1920w\" sizes=\"(max-width: 768px) 100vw, 768px\" \/>\t\t\t<\/a>\r\n\t\t\t\t\t<\/div>\r\n\t\t\t<h3 class=\"wcf-post-title\">\r\n\t\t\t<a href=\"https:\/\/pre.lynxproaudio.com\/es\/audio-profesional-para-hosteleria-14-gradi-lounge-bar-milan\/\">\r\n\t\t\t\t<span class=\"highlight\">Audio profesional para hosteler\u00eda: 14<\/span> Gradi Lounge Bar, Mil\u00e1n\t\t\t<\/a>\r\n\t\t<\/h3>\r\n\t\t\t<div class=\"wcf-post-excerpt\">\r\n\t\t\t<p>Instalaci\u00f3n de audio Lynx Pro Audio en 14 Gradi Lounge Bar, Mil\u00e1n. Soluci\u00f3n completa para  para m\u00fasica en vivo y DJ sessions.<\/p>\n\t\t<\/div>\r\n\t        <\/article>\r\n\t\t        <article class=\"wcf-post post-18045 post type-post status-publish format-standard has-post-thumbnail hentry category-recintos-deportivos tag-hr-series tag-serie-cxa tag-serie-hr\">\r\n\r\n\t\t\t\t\t<div class=\"thumb wcf--format-\">\r\n\t\t\t<a href=\"https:\/\/pre.lynxproaudio.com\/es\/lynx-pro-audio-en-el-pabellon-ciutat-de-castello\/\">\r\n\t\t\t\t<img loading=\"lazy\" decoding=\"async\" width=\"768\" height=\"512\" src=\"https:\/\/pre.lynxproaudio.com\/wp-content\/uploads\/2025\/12\/Pabellon-Castellon_-scaled-1-768x512.webp\" class=\"attachment-medium_large size-medium_large wp-image-24834\" alt=\"Pabellon-Castellon_Lynx Pro Audio\" srcset=\"https:\/\/pre.lynxproaudio.com\/wp-content\/uploads\/2025\/12\/Pabellon-Castellon_-scaled-1-768x512.webp 768w, https:\/\/pre.lynxproaudio.com\/wp-content\/uploads\/2025\/12\/Pabellon-Castellon_-scaled-1-300x200.webp 300w, https:\/\/pre.lynxproaudio.com\/wp-content\/uploads\/2025\/12\/Pabellon-Castellon_-scaled-1-1024x683.webp 1024w, https:\/\/pre.lynxproaudio.com\/wp-content\/uploads\/2025\/12\/Pabellon-Castellon_-scaled-1-1536x1024.webp 1536w, https:\/\/pre.lynxproaudio.com\/wp-content\/uploads\/2025\/12\/Pabellon-Castellon_-scaled-1-2048x1366.webp 2048w\" sizes=\"(max-width: 768px) 100vw, 768px\" \/>\t\t\t<\/a>\r\n\t\t\t\t\t<\/div>\r\n\t\t\t<h3 class=\"wcf-post-title\">\r\n\t\t\t<a href=\"https:\/\/pre.lynxproaudio.com\/es\/lynx-pro-audio-en-el-pabellon-ciutat-de-castello\/\">\r\n\t\t\t\t<span class=\"highlight\">Lynx Pro Audio en el<\/span> Pabell\u00f3n Ciutat de Castell\u00f3\t\t\t<\/a>\r\n\t\t<\/h3>\r\n\t\t\t<div class=\"wcf-post-excerpt\">\r\n\t\t\t<p>El Pabell\u00f3n Ciutat de Castell\u00f3 asegura una ac\u00fastica gracias a la tecnolog\u00eda de Lynx Pro Audio. Descubre los detalles de esta instalaci\u00f3n.<\/p>\n\t\t<\/div>\r\n\t        <\/article>\r\n\t\t        <article class=\"wcf-post post-18042 post type-post status-publish format-standard has-post-thumbnail hentry category-discotecas-y-bares category-instalaciones tag-bs-series tag-hr-series\">\r\n\r\n\t\t\t\t\t<div class=\"thumb wcf--format-\">\r\n\t\t\t<a href=\"https:\/\/pre.lynxproaudio.com\/es\/todos-restaurant-es\/\">\r\n\t\t\t\t<img loading=\"lazy\" decoding=\"async\" width=\"768\" height=\"512\" src=\"https:\/\/pre.lynxproaudio.com\/wp-content\/uploads\/2025\/11\/A7401593-scaled-1-768x512.webp\" class=\"attachment-medium_large size-medium_large wp-image-24832\" alt=\"\" srcset=\"https:\/\/pre.lynxproaudio.com\/wp-content\/uploads\/2025\/11\/A7401593-scaled-1-768x512.webp 768w, https:\/\/pre.lynxproaudio.com\/wp-content\/uploads\/2025\/11\/A7401593-scaled-1-300x200.webp 300w, https:\/\/pre.lynxproaudio.com\/wp-content\/uploads\/2025\/11\/A7401593-scaled-1-1024x683.webp 1024w, https:\/\/pre.lynxproaudio.com\/wp-content\/uploads\/2025\/11\/A7401593-scaled-1-1536x1024.webp 1536w, https:\/\/pre.lynxproaudio.com\/wp-content\/uploads\/2025\/11\/A7401593-scaled-1-2048x1366.webp 2048w\" sizes=\"(max-width: 768px) 100vw, 768px\" \/>\t\t\t<\/a>\r\n\t\t\t\t\t<\/div>\r\n\t\t\t<h3 class=\"wcf-post-title\">\r\n\t\t\t<a href=\"https:\/\/pre.lynxproaudio.com\/es\/todos-restaurant-es\/\">\r\n\t\t\t\t<span class=\"highlight\">El secreto de la ac\u00fastica<\/span> en TODOS Restaurant, Gwalior (India)\t\t\t<\/a>\r\n\t\t<\/h3>\r\n\t\t\t<div class=\"wcf-post-excerpt\">\r\n\t\t\t<p>Soluci\u00f3n ac\u00fastica profesional en TODOS Restaurant (Gwalior). La clave del \u00e9xito en audio: control de directividad y recintos Marine Grade.<\/p>\n\t\t<\/div>\r\n\t        <\/article>\r\n\t\t        <article class=\"wcf-post post-18041 post type-post status-publish format-standard has-post-thumbnail hentry category-noticias tag-fuente-puntual tag-serie-cls tag-serie-laia\">\r\n\r\n\t\t\t\t\t<div class=\"thumb wcf--format-\">\r\n\t\t\t<a href=\"https:\/\/pre.lynxproaudio.com\/es\/sistemas-refuerzo-sonoro\/\">\r\n\t\t\t\t<img loading=\"lazy\" decoding=\"async\" width=\"768\" height=\"1024\" src=\"https:\/\/pre.lynxproaudio.com\/wp-content\/uploads\/2025\/10\/IMG_0855-scaled-1-768x1024.webp\" class=\"attachment-medium_large size-medium_large wp-image-22658\" alt=\"BS-10 de Lynx Pro Audio\" srcset=\"https:\/\/pre.lynxproaudio.com\/wp-content\/uploads\/2025\/10\/IMG_0855-scaled-1-768x1024.webp 768w, https:\/\/pre.lynxproaudio.com\/wp-content\/uploads\/2025\/10\/IMG_0855-scaled-1-225x300.webp 225w, https:\/\/pre.lynxproaudio.com\/wp-content\/uploads\/2025\/10\/IMG_0855-scaled-1-1152x1536.webp 1152w, https:\/\/pre.lynxproaudio.com\/wp-content\/uploads\/2025\/10\/IMG_0855-scaled-1-1536x2048.webp 1536w, https:\/\/pre.lynxproaudio.com\/wp-content\/uploads\/2025\/10\/IMG_0855-scaled-1.webp 1920w\" sizes=\"(max-width: 768px) 100vw, 768px\" \/>\t\t\t<\/a>\r\n\t\t\t\t\t<\/div>\r\n\t\t\t<h3 class=\"wcf-post-title\">\r\n\t\t\t<a href=\"https:\/\/pre.lynxproaudio.com\/es\/sistemas-refuerzo-sonoro\/\">\r\n\t\t\t\t<span class=\"highlight\">Sistemas de refuerzo sonoro: Point<\/span> Source y Line Array\t\t\t<\/a>\r\n\t\t<\/h3>\r\n\t\t\t<div class=\"wcf-post-excerpt\">\r\n\t\t\t<p>En refuerzo sonoro profesional, elegir entre Line Array y Point Source depende del entorno ac\u00fastico y del dise\u00f1o adecuado del sistema.<\/p>\n\t\t<\/div>\r\n\t        <\/article>\r\n\t\t        <article class=\"wcf-post post-18040 post type-post status-publish format-standard has-post-thumbnail hentry category-discotecas-y-bares category-instalaciones tag-bs-series tag-serie-bs\">\r\n\r\n\t\t\t\t\t<div class=\"thumb wcf--format-\">\r\n\t\t\t<a href=\"https:\/\/pre.lynxproaudio.com\/es\/cee-rooftop\/\">\r\n\t\t\t\t<img loading=\"lazy\" decoding=\"async\" width=\"768\" height=\"512\" src=\"https:\/\/pre.lynxproaudio.com\/wp-content\/uploads\/2025\/10\/IMG-20250812-WA0017-scaled-1-768x512.jpg\" class=\"attachment-medium_large size-medium_large wp-image-22659\" alt=\"\" srcset=\"https:\/\/pre.lynxproaudio.com\/wp-content\/uploads\/2025\/10\/IMG-20250812-WA0017-scaled-1-768x512.jpg 768w, https:\/\/pre.lynxproaudio.com\/wp-content\/uploads\/2025\/10\/IMG-20250812-WA0017-scaled-1-300x200.jpg 300w, https:\/\/pre.lynxproaudio.com\/wp-content\/uploads\/2025\/10\/IMG-20250812-WA0017-scaled-1-1024x682.jpg 1024w, https:\/\/pre.lynxproaudio.com\/wp-content\/uploads\/2025\/10\/IMG-20250812-WA0017-scaled-1-1536x1024.jpg 1536w, https:\/\/pre.lynxproaudio.com\/wp-content\/uploads\/2025\/10\/IMG-20250812-WA0017-scaled-1-2048x1365.jpg 2048w\" sizes=\"(max-width: 768px) 100vw, 768px\" \/>\t\t\t<\/a>\r\n\t\t\t\t\t<\/div>\r\n\t\t\t<h3 class=\"wcf-post-title\">\r\n\t\t\t<a href=\"https:\/\/pre.lynxproaudio.com\/es\/cee-rooftop\/\">\r\n\t\t\t\t<span class=\"highlight\">Sistema de sonido profesional en<\/span> Cee Rooftop, Beirut\t\t\t<\/a>\r\n\t\t<\/h3>\r\n\t\t\t<div class=\"wcf-post-excerpt\">\r\n\t\t\t<p>Cee Rooftop en Beirut destaca por su sistema de sonido profesional con altavoces BS-12 y subgraves BS-118 de Lynx Pro Audio.<\/p>\n\t\t<\/div>\r\n\t        <\/article>\r\n\t\t        <article class=\"wcf-post post-18039 post type-post status-publish format-standard has-post-thumbnail hentry category-discotecas-y-bares tag-bs-series\">\r\n\r\n\t\t\t\t\t<div class=\"thumb wcf--format-\">\r\n\t\t\t<a href=\"https:\/\/pre.lynxproaudio.com\/es\/soult-beach-club\/\">\r\n\t\t\t\t<img loading=\"lazy\" decoding=\"async\" width=\"768\" height=\"512\" src=\"https:\/\/pre.lynxproaudio.com\/wp-content\/uploads\/2025\/09\/IMG-20250822-WA0020-scaled-1-768x512.webp\" class=\"attachment-medium_large size-medium_large wp-image-22660\" alt=\"Soult Beach Beirut By Lynx Pro Audio\" srcset=\"https:\/\/pre.lynxproaudio.com\/wp-content\/uploads\/2025\/09\/IMG-20250822-WA0020-scaled-1-768x512.webp 768w, https:\/\/pre.lynxproaudio.com\/wp-content\/uploads\/2025\/09\/IMG-20250822-WA0020-scaled-1-300x200.webp 300w, https:\/\/pre.lynxproaudio.com\/wp-content\/uploads\/2025\/09\/IMG-20250822-WA0020-scaled-1-1024x683.webp 1024w, https:\/\/pre.lynxproaudio.com\/wp-content\/uploads\/2025\/09\/IMG-20250822-WA0020-scaled-1-1536x1024.webp 1536w, https:\/\/pre.lynxproaudio.com\/wp-content\/uploads\/2025\/09\/IMG-20250822-WA0020-scaled-1-2048x1366.webp 2048w\" sizes=\"(max-width: 768px) 100vw, 768px\" \/>\t\t\t<\/a>\r\n\t\t\t\t\t<\/div>\r\n\t\t\t<h3 class=\"wcf-post-title\">\r\n\t\t\t<a href=\"https:\/\/pre.lynxproaudio.com\/es\/soult-beach-club\/\">\r\n\t\t\t\t<span class=\"highlight\">Soult Beach Club apuesta por<\/span> el sonido profesional de Lynx\t\t\t<\/a>\r\n\t\t<\/h3>\r\n\t\t\t<div class=\"wcf-post-excerpt\">\r\n\t\t\t<p>Soult Beach Club instal\u00f3 el sistema Lynx Pro Audio con la serie BS, que incluye altavoces BS-15 y subwoofers BS-118.<\/p>\n\t\t<\/div>\r\n\t        <\/article>\r\n\t\t<\/div>\t\t\t\t<div class=\"load-more-anchor\" data-page=\"1\" data-max-page=\"16\" data-next-page=\"https:\/\/pre.lynxproaudio.com\/es\/wp-json\/wp\/v2\/pages\/22657\/page\/2\/\"><\/div>\r\n\r\n\t\t\t\t\r\n\t\t\t\t<button class=\"wcf-post-load-more\" data-type=\"load_on_click\">\r\n\t\t\t\t\t\t\t\t\t\t\t<span class=\"load-more-spinner eicon-animation-spin\">\r\n\t\t\t\t\t\t\t<svg aria-hidden=\"true\" class=\"e-font-icon-svg e-fas-spinner\" viewBox=\"0 0 512 512\" xmlns=\"http:\/\/www.w3.org\/2000\/svg\"><path d=\"M304 48c0 26.51-21.49 48-48 48s-48-21.49-48-48 21.49-48 48-48 48 21.49 48 48zm-48 368c-26.51 0-48 21.49-48 48s21.49 48 48 48 48-21.49 48-48-21.49-48-48-48zm208-208c-26.51 0-48 21.49-48 48s21.49 48 48 48 48-21.49 48-48-21.49-48-48-48zM96 256c0-26.51-21.49-48-48-48S0 229.49 0 256s21.49 48 48 48 48-21.49 48-48zm12.922 99.078c-26.51 0-48 21.49-48 48s21.49 48 48 48 48-21.49 48-48c0-26.509-21.491-48-48-48zm294.156 0c-26.51 0-48 21.49-48 48s21.49 48 48 48 48-21.49 48-48c0-26.509-21.49-48-48-48zM108.922 60.922c-26.51 0-48 21.49-48 48s21.49 48 48 48 48-21.49 48-48-21.491-48-48-48z\"><\/path><\/svg>\t\t\t\t\t\t<\/span>\r\n\t\t\t\t\t\t\t\t\t\t<span class=\"load-more-text\">\r\n\t\t\t\t\t\tCargar m\u00e1s\t\t\t\t\t\t\t\t\t\t\t<\/span>\r\n\t\t\t\t<\/button>\r\n\t\t\t<\/div>\t\t\t\t<\/div>\n\t\t\t\t<\/div>\n\t\t\t\t\t<\/div>\n\t\t\t\t<\/div>\n\t\t\t\t<\/div>\n\t\t","protected":false},"excerpt":{"rendered":"<p>Noticias&nbsp; &nbsp; Sonorizaci\u00f3n de Alegal Story Valencia An\u00e1lisis t\u00e9cnico de la instalaci\u00f3n en Alegal Story (antiguos Cines Arag\u00f3n). Lynx Pro Audio, junto a Elemtec Audiovisuales y Conexativa, consolidan la arquitectura sonora de este espacio dual. Lynx Pro Audio: Sponsor oficial de PAcalculate Lynx Pro Audio anuncia su incorporaci\u00f3n como colaborador oficial de PAcalculate, la herramienta [&hellip;]<\/p>\n","protected":false},"author":6,"featured_media":0,"parent":0,"menu_order":0,"comment_status":"closed","ping_status":"closed","template":"elementor_header_footer","meta":{"_acf_changed":false,"footnotes":""},"categoria-pagina":[],"class_list":["post-22657","page","type-page","status-publish","hentry"],"acf":[],"_links":{"self":[{"href":"https:\/\/pre.lynxproaudio.com\/es\/wp-json\/wp\/v2\/pages\/22657","targetHints":{"allow":["GET"]}}],"collection":[{"href":"https:\/\/pre.lynxproaudio.com\/es\/wp-json\/wp\/v2\/pages"}],"about":[{"href":"https:\/\/pre.lynxproaudio.com\/es\/wp-json\/wp\/v2\/types\/page"}],"author":[{"embeddable":true,"href":"https:\/\/pre.lynxproaudio.com\/es\/wp-json\/wp\/v2\/users\/6"}],"replies":[{"embeddable":true,"href":"https:\/\/pre.lynxproaudio.com\/es\/wp-json\/wp\/v2\/comments?post=22657"}],"version-history":[{"count":0,"href":"https:\/\/pre.lynxproaudio.com\/es\/wp-json\/wp\/v2\/pages\/22657\/revisions"}],"wp:attachment":[{"href":"https:\/\/pre.lynxproaudio.com\/es\/wp-json\/wp\/v2\/media?parent=22657"}],"wp:term":[{"taxonomy":"categoria-pagina","embeddable":true,"href":"https:\/\/pre.lynxproaudio.com\/es\/wp-json\/wp\/v2\/categoria-pagina?post=22657"}],"curies":[{"name":"wp","href":"https:\/\/api.w.org\/{rel}","templated":true}]}}