{"id":20823,"date":"2026-01-22T14:35:11","date_gmt":"2026-01-22T13:35:11","guid":{"rendered":"http:\/\/lynxproaudio.loading.net\/landing-sat-form\/"},"modified":"2026-04-22T14:19:55","modified_gmt":"2026-04-22T12:19:55","slug":"formulario-sat","status":"publish","type":"page","link":"https:\/\/pre.lynxproaudio.com\/es\/formulario-sat\/","title":{"rendered":"Formulario SAT"},"content":{"rendered":"\t\t<div data-elementor-type=\"wp-page\" data-elementor-id=\"20823\" class=\"elementor elementor-20823 elementor-19947\" data-elementor-post-type=\"page\">\n\t\t\t\t<div class=\"elementor-element elementor-element-63597c66 e-flex e-con-boxed wcf-starter-animations-none e-con e-parent\" data-id=\"63597c66\" data-element_type=\"container\" data-e-type=\"container\" data-settings=\"{&quot;wcf_enable_cursor_hover_effect_text&quot;:&quot;View&quot;,&quot;wcf-animation&quot;:&quot;none&quot;,&quot;wcf_enable_horizontal_scroll&quot;:&quot;no&quot;}\">\n\t\t\t\t\t<div class=\"e-con-inner\">\n\t\t<div class=\"elementor-element elementor-element-960f696 e-con-full e-flex wcf-starter-animations-none e-con e-child\" data-id=\"960f696\" data-element_type=\"container\" data-e-type=\"container\" data-settings=\"{&quot;wcf_enable_cursor_hover_effect_text&quot;:&quot;View&quot;,&quot;wcf-animation&quot;:&quot;none&quot;,&quot;wcf_enable_horizontal_scroll&quot;:&quot;no&quot;}\">\n\t\t\t\t<div class=\"elementor-element elementor-element-36b10c0 elementor-widget-laptop__width-initial elementor-widget-mobile__width-inherit wcf-t-animation-text_move wcf-starter-animations-none elementor-widget elementor-widget-wcf--title\" data-id=\"36b10c0\" data-element_type=\"widget\" data-e-type=\"widget\" data-settings=\"{&quot;text_transform_origin&quot;:&quot;top center -50&quot;,&quot;wcf_text_animation&quot;:&quot;text_move&quot;,&quot;wcf_starter_animations&quot;:&quot;none&quot;,&quot;wcf_anim_duration&quot;:1000,&quot;wcf_anim_delay&quot;:0,&quot;wcf_anim_ease&quot;:&quot;ease&quot;,&quot;aae_text_trigger&quot;:&quot;on_scroll&quot;,&quot;text_delay&quot;:0.15,&quot;text_duration&quot;:1,&quot;text_stagger&quot;:0.02,&quot;text_rotation_di&quot;:&quot;x&quot;,&quot;text_rotation&quot;:&quot;-80&quot;,&quot;wcf-animation&quot;:&quot;none&quot;}\" data-widget_type=\"wcf--title.default\">\n\t\t\t\t<div class=\"elementor-widget-container\">\n\t\t\t\t\t<h1 class=\"wcf--title\">\nContacta con nosotros<\/h1>\t\t\t\t<\/div>\n\t\t\t\t<\/div>\n\t\t\t\t<\/div>\n\t\t<div class=\"elementor-element elementor-element-741a9a83 e-con-full e-flex wcf-starter-animations-none e-con e-child\" data-id=\"741a9a83\" data-element_type=\"container\" data-e-type=\"container\" data-settings=\"{&quot;wcf_enable_cursor_hover_effect_text&quot;:&quot;View&quot;,&quot;wcf-animation&quot;:&quot;none&quot;,&quot;wcf_enable_horizontal_scroll&quot;:&quot;no&quot;}\">\n\t\t<div class=\"elementor-element elementor-element-2fb37eed e-con-full e-flex wcf-starter-animations-none e-con e-child\" data-id=\"2fb37eed\" data-element_type=\"container\" data-e-type=\"container\" data-settings=\"{&quot;wcf_enable_cursor_hover_effect_text&quot;:&quot;View&quot;,&quot;wcf-animation&quot;:&quot;none&quot;,&quot;wcf_enable_horizontal_scroll&quot;:&quot;no&quot;}\">\n\t\t\t\t<div class=\"elementor-element elementor-element-7f8e4304 wcf-t-animation-text_move wcf-starter-animations-none elementor-widget elementor-widget-wcf--text\" data-id=\"7f8e4304\" data-element_type=\"widget\" data-e-type=\"widget\" data-settings=\"{&quot;wcf_text_animation&quot;:&quot;text_move&quot;,&quot;text_transform_origin&quot;:&quot;top center -50&quot;,&quot;wcf_starter_animations&quot;:&quot;none&quot;,&quot;wcf_anim_duration&quot;:1000,&quot;wcf_anim_delay&quot;:0,&quot;wcf_anim_ease&quot;:&quot;ease&quot;,&quot;aae_text_trigger&quot;:&quot;on_scroll&quot;,&quot;text_delay&quot;:0.15,&quot;text_duration&quot;:1,&quot;text_stagger&quot;:0.02,&quot;text_rotation_di&quot;:&quot;x&quot;,&quot;text_rotation&quot;:&quot;-80&quot;,&quot;wcf-animation&quot;:&quot;none&quot;}\" data-widget_type=\"wcf--text.default\">\n\t\t\t\t<div class=\"elementor-widget-container\">\n\t\t\t\t\t<div class=\"wcf--text\"><p id=\"tw-target-text\" class=\"tw-data-text tw-text-large tw-ta\" dir=\"ltr\" role=\"text\" data-placeholder=\"Traducci\u00f3n\" data-ved=\"2ahUKEwjRzKjBvtOSAxWFnycCHZHKIkwQ3ewLegQIBBAW\" aria-label=\"Texto traducido: En Lynx Pro Audio, entendemos la importancia de contar con un sistema de sonido que funcione a la perfecci\u00f3n en todo momento. Por eso, nuestro equipo de soporte est\u00e1 siempre listo para ayudarte. Ya sea respondiendo preguntas, ofreciendo recomendaciones o ayud\u00e1ndote con cualquier problema t\u00e9cnico, estamos aqu\u00ed para apoyarte en cada paso del proceso.\n\nNuestro objetivo es garantizar que tu experiencia con nuestros productos sea lo m\u00e1s satisfactoria y fluida posible.\"><span class=\"Y2IQFc\" lang=\"es\">En Lynx Pro Audio, entendemos la importancia de contar con un sistema de sonido que funcione a la perfecci\u00f3n en todo momento. Por eso, nuestro equipo de soporte est\u00e1 siempre listo para ayudarte. Ya sea respondiendo preguntas, ofreciendo recomendaciones o ayud\u00e1ndote con cualquier problema t\u00e9cnico, estamos aqu\u00ed para apoyarte en cada paso del proceso.<\/span><\/p><p id=\"tw-target-text\" class=\"tw-data-text tw-text-large tw-ta\" dir=\"ltr\" role=\"text\" data-placeholder=\"Traducci\u00f3n\" data-ved=\"2ahUKEwjRzKjBvtOSAxWFnycCHZHKIkwQ3ewLegQIBBAW\" aria-label=\"Texto traducido: En Lynx Pro Audio, entendemos la importancia de contar con un sistema de sonido que funcione a la perfecci\u00f3n en todo momento. Por eso, nuestro equipo de soporte est\u00e1 siempre listo para ayudarte. Ya sea respondiendo preguntas, ofreciendo recomendaciones o ayud\u00e1ndote con cualquier problema t\u00e9cnico, estamos aqu\u00ed para apoyarte en cada paso del proceso.\n\nNuestro objetivo es garantizar que tu experiencia con nuestros productos sea lo m\u00e1s satisfactoria y fluida posible.\"><span class=\"Y2IQFc\" lang=\"es\">Nuestro objetivo es garantizar que tu experiencia con nuestros productos sea lo m\u00e1s satisfactoria y fluida posible.<\/span><\/p><\/div>\t\t\t\t<\/div>\n\t\t\t\t<\/div>\n\t\t\t\t<\/div>\n\t\t\t\t<\/div>\n\t\t\t\t\t<\/div>\n\t\t\t\t<\/div>\n\t\t<div class=\"elementor-element elementor-element-4dba5d8e e-flex e-con-boxed wcf-starter-animations-none e-con e-parent\" data-id=\"4dba5d8e\" data-element_type=\"container\" data-e-type=\"container\" data-settings=\"{&quot;wcf_enable_cursor_hover_effect_text&quot;:&quot;View&quot;,&quot;wcf-animation&quot;:&quot;none&quot;,&quot;wcf_enable_horizontal_scroll&quot;:&quot;no&quot;}\">\n\t\t\t\t\t<div class=\"e-con-inner\">\n\t\t<div class=\"elementor-element elementor-element-f1a5249 e-con-full e-flex wcf-starter-animations-none e-con e-child\" data-id=\"f1a5249\" data-element_type=\"container\" data-e-type=\"container\" data-settings=\"{&quot;wcf_enable_cursor_hover_effect_text&quot;:&quot;View&quot;,&quot;wcf-animation&quot;:&quot;none&quot;,&quot;wcf_enable_horizontal_scroll&quot;:&quot;no&quot;}\">\n\t\t\t\t<div class=\"elementor-element elementor-element-a357d56 lynx-form-contacto-2 elementor-widget elementor-widget-html\" data-id=\"a357d56\" data-element_type=\"widget\" data-e-type=\"widget\" data-settings=\"{&quot;wcf-animation&quot;:&quot;none&quot;}\" data-widget_type=\"html.default\">\n\t\t\t\t\t<div class=\"_form_114\"><\/div><script src=\"https:\/\/lynxproaudiosl.activehosted.com\/f\/embed.php?id=114\" charset=\"utf-8\"><\/script>\t\t\t\t<\/div>\n\t\t\t\t<\/div>\n\t\t\t\t\t<\/div>\n\t\t\t\t<\/div>\n\t\t\t\t<\/div>\n\t\t","protected":false},"excerpt":{"rendered":"<p>Contacta con nosotros En Lynx Pro Audio, entendemos la importancia de contar con un sistema de sonido que funcione a la perfecci\u00f3n en todo momento. Por eso, nuestro equipo de soporte est\u00e1 siempre listo para ayudarte. Ya sea respondiendo preguntas, ofreciendo recomendaciones o ayud\u00e1ndote con cualquier problema t\u00e9cnico, estamos aqu\u00ed para apoyarte en cada paso [&hellip;]<\/p>\n","protected":false},"author":5,"featured_media":0,"parent":0,"menu_order":0,"comment_status":"closed","ping_status":"closed","template":"elementor_header_footer","meta":{"_acf_changed":false,"footnotes":""},"categoria-pagina":[],"class_list":["post-20823","page","type-page","status-publish","hentry"],"acf":[],"_links":{"self":[{"href":"https:\/\/pre.lynxproaudio.com\/es\/wp-json\/wp\/v2\/pages\/20823","targetHints":{"allow":["GET"]}}],"collection":[{"href":"https:\/\/pre.lynxproaudio.com\/es\/wp-json\/wp\/v2\/pages"}],"about":[{"href":"https:\/\/pre.lynxproaudio.com\/es\/wp-json\/wp\/v2\/types\/page"}],"author":[{"embeddable":true,"href":"https:\/\/pre.lynxproaudio.com\/es\/wp-json\/wp\/v2\/users\/5"}],"replies":[{"embeddable":true,"href":"https:\/\/pre.lynxproaudio.com\/es\/wp-json\/wp\/v2\/comments?post=20823"}],"version-history":[{"count":0,"href":"https:\/\/pre.lynxproaudio.com\/es\/wp-json\/wp\/v2\/pages\/20823\/revisions"}],"wp:attachment":[{"href":"https:\/\/pre.lynxproaudio.com\/es\/wp-json\/wp\/v2\/media?parent=20823"}],"wp:term":[{"taxonomy":"categoria-pagina","embeddable":true,"href":"https:\/\/pre.lynxproaudio.com\/es\/wp-json\/wp\/v2\/categoria-pagina?post=20823"}],"curies":[{"name":"wp","href":"https:\/\/api.w.org\/{rel}","templated":true}]}}