{"id":20780,"date":"2025-10-31T12:54:17","date_gmt":"2025-10-31T11:54:17","guid":{"rendered":"http:\/\/lynxproaudio.loading.net\/contact\/"},"modified":"2026-04-22T13:56:57","modified_gmt":"2026-04-22T11:56:57","slug":"contacto","status":"publish","type":"page","link":"https:\/\/pre.lynxproaudio.com\/es\/contacto\/","title":{"rendered":"Contacto"},"content":{"rendered":"\t\t<div data-elementor-type=\"wp-page\" data-elementor-id=\"20780\" class=\"elementor elementor-20780 elementor-12949\" data-elementor-post-type=\"page\">\n\t\t\t\t<div class=\"elementor-element elementor-element-2dc8a81 e-flex e-con-boxed wcf-starter-animations-none e-con e-parent\" data-id=\"2dc8a81\" data-element_type=\"container\" data-e-type=\"container\" data-settings=\"{&quot;wcf_enable_cursor_hover_effect_text&quot;:&quot;View&quot;,&quot;wcf-animation&quot;:&quot;none&quot;,&quot;wcf_enable_horizontal_scroll&quot;:&quot;no&quot;}\">\n\t\t\t\t\t<div class=\"e-con-inner\">\n\t\t<div class=\"elementor-element elementor-element-b08cd93 e-con-full e-flex wcf-starter-animations-none e-con e-child\" data-id=\"b08cd93\" data-element_type=\"container\" data-e-type=\"container\" data-settings=\"{&quot;wcf_enable_cursor_hover_effect_text&quot;:&quot;View&quot;,&quot;wcf-animation&quot;:&quot;none&quot;,&quot;wcf_enable_horizontal_scroll&quot;:&quot;no&quot;}\">\n\t\t\t\t<div class=\"elementor-element elementor-element-8455f29 elementor-widget-laptop__width-initial elementor-widget-mobile__width-inherit wcf-t-animation-text_move wcf-starter-animations-none elementor-widget elementor-widget-wcf--title\" data-id=\"8455f29\" data-element_type=\"widget\" data-e-type=\"widget\" data-settings=\"{&quot;text_transform_origin&quot;:&quot;top center -50&quot;,&quot;wcf_text_animation&quot;:&quot;text_move&quot;,&quot;wcf_starter_animations&quot;:&quot;none&quot;,&quot;wcf_anim_duration&quot;:1000,&quot;wcf_anim_delay&quot;:0,&quot;wcf_anim_ease&quot;:&quot;ease&quot;,&quot;aae_text_trigger&quot;:&quot;on_scroll&quot;,&quot;text_delay&quot;:0.15,&quot;text_duration&quot;:1,&quot;text_stagger&quot;:0.02,&quot;text_rotation_di&quot;:&quot;x&quot;,&quot;text_rotation&quot;:&quot;-80&quot;,&quot;wcf-animation&quot;:&quot;none&quot;}\" data-widget_type=\"wcf--title.default\">\n\t\t\t\t<div class=\"elementor-widget-container\">\n\t\t\t\t\t<h1 class=\"wcf--title\">Contacto<\/h1>\t\t\t\t<\/div>\n\t\t\t\t<\/div>\n\t\t\t\t<\/div>\n\t\t<div class=\"elementor-element elementor-element-c80907c e-con-full e-flex wcf-starter-animations-none e-con e-child\" data-id=\"c80907c\" data-element_type=\"container\" data-e-type=\"container\" data-settings=\"{&quot;wcf_enable_cursor_hover_effect_text&quot;:&quot;View&quot;,&quot;wcf-animation&quot;:&quot;none&quot;,&quot;wcf_enable_horizontal_scroll&quot;:&quot;no&quot;}\">\n\t\t\t\t<div class=\"elementor-element elementor-element-3d8d173 wcf-t-animation-word wcf-starter-animations-none elementor-widget elementor-widget-wcf--text\" data-id=\"3d8d173\" data-element_type=\"widget\" data-e-type=\"widget\" data-settings=\"{&quot;wcf_text_animation&quot;:&quot;word&quot;,&quot;wcf_text_animation_editor&quot;:&quot;yes&quot;,&quot;wcf_starter_animations&quot;:&quot;none&quot;,&quot;wcf_anim_duration&quot;:1000,&quot;wcf_anim_delay&quot;:0,&quot;wcf_anim_ease&quot;:&quot;ease&quot;,&quot;aae_text_trigger&quot;:&quot;on_scroll&quot;,&quot;text_delay&quot;:0.15,&quot;text_duration&quot;:1,&quot;text_stagger&quot;:0.02,&quot;text_translate_x&quot;:20,&quot;text_translate_y&quot;:0,&quot;wcf-animation&quot;:&quot;none&quot;}\" data-widget_type=\"wcf--text.default\">\n\t\t\t\t<div class=\"elementor-widget-container\">\n\t\t\t\t\t<div class=\"wcf--text\"><p id=\"tw-target-text\" class=\"tw-data-text tw-text-large tw-ta\" dir=\"ltr\" role=\"text\" data-placeholder=\"Traducci\u00f3n\" data-ved=\"2ahUKEwi2jpmAu9GSAxVXLPsDHf_4CHUQ3ewLegQIDBAW\" aria-label=\"Texto traducido: Si compartes nuestra pasi\u00f3n por la m\u00fasica, la alta fidelidad y la tecnolog\u00eda, y te interesa saber m\u00e1s sobre nuestros productos o servicios, no dudes en contactarnos. Estaremos encantados de ayudarte.\"><span class=\"Y2IQFc\" lang=\"es\">Si requiere informaci\u00f3n t\u00e9cnica sobre nuestros sistemas de refuerzo sonoro y tecnolog\u00eda ac\u00fastica, o desea profundizar en las especificaciones de nuestros productos, no dudes en contactarnos. Estaremos encantados de ayudarte.<\/span><\/p><\/div>\t\t\t\t<\/div>\n\t\t\t\t<\/div>\n\t\t\t\t<\/div>\n\t\t\t\t\t<\/div>\n\t\t\t\t<\/div>\n\t\t<div class=\"elementor-element elementor-element-9b0dba6 e-flex e-con-boxed wcf-starter-animations-none e-con e-parent\" data-id=\"9b0dba6\" data-element_type=\"container\" data-e-type=\"container\" data-settings=\"{&quot;wcf_enable_cursor_hover_effect_text&quot;:&quot;View&quot;,&quot;wcf-animation&quot;:&quot;none&quot;,&quot;wcf_enable_horizontal_scroll&quot;:&quot;no&quot;}\">\n\t\t\t\t\t<div class=\"e-con-inner\">\n\t\t<div class=\"elementor-element elementor-element-055ec70 e-con-full e-flex wcf-starter-animations-none e-con e-child\" data-id=\"055ec70\" data-element_type=\"container\" data-e-type=\"container\" data-settings=\"{&quot;wcf_enable_cursor_hover_effect_text&quot;:&quot;View&quot;,&quot;wcf-animation&quot;:&quot;none&quot;,&quot;wcf_enable_horizontal_scroll&quot;:&quot;no&quot;}\">\n\t\t\t\t<div class=\"elementor-element elementor-element-9026478 elementor-widget-mobile__width-inherit wcf-t-animation-char wcf-starter-animations-none elementor-widget elementor-widget-wcf--title\" data-id=\"9026478\" data-element_type=\"widget\" data-e-type=\"widget\" data-settings=\"{&quot;wcf_text_animation&quot;:&quot;char&quot;,&quot;wcf_text_animation_editor&quot;:&quot;yes&quot;,&quot;text_delay&quot;:0.5,&quot;wcf_starter_animations&quot;:&quot;none&quot;,&quot;wcf_anim_duration&quot;:1000,&quot;wcf_anim_delay&quot;:0,&quot;wcf_anim_ease&quot;:&quot;ease&quot;,&quot;aae_text_trigger&quot;:&quot;on_scroll&quot;,&quot;text_duration&quot;:1,&quot;text_stagger&quot;:0.02,&quot;text_translate_x&quot;:20,&quot;text_translate_y&quot;:0,&quot;wcf-animation&quot;:&quot;none&quot;}\" data-widget_type=\"wcf--title.default\">\n\t\t\t\t<div class=\"elementor-widget-container\">\n\t\t\t\t\t<h3 class=\"wcf--title\">Escribe un mensaje y te contactaremos lo antes posible.<\/h3>\t\t\t\t<\/div>\n\t\t\t\t<\/div>\n\t\t\t\t<div class=\"elementor-element elementor-element-5a72ebbf elementor-position-inline-start elementor-view-default elementor-mobile-position-block-start elementor-widget elementor-widget-icon-box\" data-id=\"5a72ebbf\" data-element_type=\"widget\" data-e-type=\"widget\" data-settings=\"{&quot;wcf-animation&quot;:&quot;fade&quot;,&quot;delay&quot;:0.5,&quot;fade-from&quot;:&quot;left&quot;,&quot;wcf_enable_animation_editor&quot;:&quot;yes&quot;,&quot;aae_method&quot;:&quot;from&quot;,&quot;aae_trigger&quot;:&quot;on_scroll&quot;,&quot;data-duration&quot;:1.5,&quot;ease&quot;:&quot;power2.out&quot;,&quot;fade-offset&quot;:50}\" data-widget_type=\"icon-box.default\">\n\t\t\t\t\t\t\t<div class=\"elementor-icon-box-wrapper\">\n\n\t\t\t\t\t\t<div class=\"elementor-icon-box-icon\">\n\t\t\t\t<span  class=\"elementor-icon\">\n\t\t\t\t<svg xmlns=\"http:\/\/www.w3.org\/2000\/svg\" width=\"31.403\" height=\"41.803\" viewBox=\"0 0 31.403 41.803\"><g id=\"Grupo_570\" data-name=\"Grupo 570\" transform=\"translate(0.75 0.75)\"><path id=\"Trazado_407\" data-name=\"Trazado 407\" d=\"M36.9,21.951c0,9.1-11.079,18.774-14.163,21.179a1.276,1.276,0,0,1-1.577,0C18.079,40.725,7,31.052,7,21.951a14.951,14.951,0,0,1,29.9,0Z\" transform=\"translate(-7 -7)\" fill=\"none\" stroke=\"#ff9e1b\" stroke-linecap=\"round\" stroke-linejoin=\"round\" stroke-width=\"1.5\"><\/path><ellipse id=\"Elipse_33\" data-name=\"Elipse 33\" cx=\"7.832\" cy=\"7.832\" rx=\"7.832\" ry=\"7.832\" transform=\"translate(6.953 6.575)\" fill=\"none\" stroke=\"#ff9e1b\" stroke-linecap=\"round\" stroke-linejoin=\"round\" stroke-width=\"1.5\"><\/ellipse><path id=\"Trazado_408\" data-name=\"Trazado 408\" d=\"M29.407,369.18c4.479.611,7.5,1.768,7.5,3.094,0,1.976-6.7,3.575-14.951,3.575S7,374.25,7,372.274c0-1.326,3.016-2.483,7.5-3.094\" transform=\"translate(-7 -335.546)\" fill=\"none\" stroke=\"#ff9e1b\" stroke-linecap=\"round\" stroke-linejoin=\"round\" stroke-width=\"1.5\"><\/path><\/g><\/svg>\t\t\t\t<\/span>\n\t\t\t<\/div>\n\t\t\t\n\t\t\t\t\t\t<div class=\"elementor-icon-box-content\">\n\n\t\t\t\t\n\t\t\t\t\t\t\t\t\t<p class=\"elementor-icon-box-description\">\n\t\t\t\t\t\tCalle 1, Pol. Ind. Picassent<\/br>\n46220 Picassent - Valencia\t\t\t\t\t<\/p>\n\t\t\t\t\n\t\t\t<\/div>\n\t\t\t\n\t\t<\/div>\n\t\t\t\t\t\t<\/div>\n\t\t\t\t<div class=\"elementor-element elementor-element-9f6ae57 elementor-position-inline-start elementor-view-default elementor-mobile-position-block-start elementor-widget elementor-widget-icon-box\" data-id=\"9f6ae57\" data-element_type=\"widget\" data-e-type=\"widget\" data-settings=\"{&quot;wcf-animation&quot;:&quot;fade&quot;,&quot;delay&quot;:0.5,&quot;fade-from&quot;:&quot;left&quot;,&quot;wcf_enable_animation_editor&quot;:&quot;yes&quot;,&quot;aae_method&quot;:&quot;from&quot;,&quot;aae_trigger&quot;:&quot;on_scroll&quot;,&quot;data-duration&quot;:1.5,&quot;ease&quot;:&quot;power2.out&quot;,&quot;fade-offset&quot;:50}\" data-widget_type=\"icon-box.default\">\n\t\t\t\t\t\t\t<div class=\"elementor-icon-box-wrapper\">\n\n\t\t\t\t\t\t<div class=\"elementor-icon-box-icon\">\n\t\t\t\t<span  class=\"elementor-icon\">\n\t\t\t\t<svg xmlns=\"http:\/\/www.w3.org\/2000\/svg\" width=\"36.867\" height=\"36.867\" viewBox=\"0 0 36.867 36.867\"><g id=\"Grupo_569\" data-name=\"Grupo 569\" transform=\"translate(0.882 0.882)\"><path id=\"Trazado_409\" data-name=\"Trazado 409\" d=\"M639.505,56.49a32.571,32.571,0,0,1-5.328-7.113,1.423,1.423,0,0,1,1.189-2.1,3.282,3.282,0,0,0,2.132-.82A4.249,4.249,0,0,0,639,41.938a11.974,11.974,0,0,0-3.512-5.519,3.9,3.9,0,0,0-6.021,0,13.864,13.864,0,0,0-3.011,4.014c-1.505,3.512-.5,10.537,9.032,20.071s16.559,10.537,20.071,9.032a13.864,13.864,0,0,0,4.014-3.011,3.9,3.9,0,0,0,0-6.021,11.974,11.974,0,0,0-5.52-3.512,4.25,4.25,0,0,0-4.516,1.505,3.283,3.283,0,0,0-.82,2.132,1.423,1.423,0,0,1-2.1,1.189A32.568,32.568,0,0,1,639.505,56.49Z\" transform=\"translate(-625.892 -35)\" fill=\"none\" stroke=\"#ff9e1b\" stroke-linecap=\"round\" stroke-linejoin=\"round\" stroke-width=\"1.5\"><\/path><path id=\"Trazado_410\" data-name=\"Trazado 410\" d=\"M828.892,63a13.667,13.667,0,0,1,13.651,13.651\" transform=\"translate(-810.04 -60.4)\" fill=\"none\" stroke=\"#ff9e1b\" stroke-linecap=\"round\" stroke-linejoin=\"round\" stroke-width=\"1.5\"><\/path><path id=\"Trazado_411\" data-name=\"Trazado 411\" d=\"M828.892,105a9.762,9.762,0,0,1,9.751,9.751\" transform=\"translate(-810.04 -98.499)\" fill=\"none\" stroke=\"#ff9e1b\" stroke-linecap=\"round\" stroke-linejoin=\"round\" stroke-width=\"1.5\"><\/path><path id=\"Trazado_412\" data-name=\"Trazado 412\" d=\"M828.892,147a5.851,5.851,0,0,1,5.851,5.85\" transform=\"translate(-810.04 -136.599)\" fill=\"none\" stroke=\"#ff9e1b\" stroke-linecap=\"round\" stroke-linejoin=\"round\" stroke-width=\"1.5\"><\/path><\/g><\/svg>\t\t\t\t<\/span>\n\t\t\t<\/div>\n\t\t\t\n\t\t\t\t\t\t<div class=\"elementor-icon-box-content\">\n\n\t\t\t\t\n\t\t\t\t\t\t\t\t\t<p class=\"elementor-icon-box-description\">\n\t\t\t\t\t\t+34 961 109 601\t\t\t\t\t<\/p>\n\t\t\t\t\n\t\t\t<\/div>\n\t\t\t\n\t\t<\/div>\n\t\t\t\t\t\t<\/div>\n\t\t\t\t<div class=\"elementor-element elementor-element-2799db3 elementor-position-inline-start elementor-view-default elementor-mobile-position-block-start elementor-widget elementor-widget-icon-box\" data-id=\"2799db3\" data-element_type=\"widget\" data-e-type=\"widget\" data-settings=\"{&quot;wcf-animation&quot;:&quot;fade&quot;,&quot;delay&quot;:0.5,&quot;fade-from&quot;:&quot;left&quot;,&quot;wcf_enable_animation_editor&quot;:&quot;yes&quot;,&quot;aae_method&quot;:&quot;from&quot;,&quot;aae_trigger&quot;:&quot;on_scroll&quot;,&quot;data-duration&quot;:1.5,&quot;ease&quot;:&quot;power2.out&quot;,&quot;fade-offset&quot;:50}\" data-widget_type=\"icon-box.default\">\n\t\t\t\t\t\t\t<div class=\"elementor-icon-box-wrapper\">\n\n\t\t\t\t\t\t<div class=\"elementor-icon-box-icon\">\n\t\t\t\t<span  class=\"elementor-icon\">\n\t\t\t\t<svg xmlns=\"http:\/\/www.w3.org\/2000\/svg\" width=\"36.974\" height=\"39.203\" viewBox=\"0 0 36.974 39.203\"><g id=\"Grupo_568\" data-name=\"Grupo 568\" transform=\"translate(0.935 0.75)\"><path id=\"Trazado_416\" data-name=\"Trazado 416\" d=\"M1302.044,189.98l16.635,12.936a1.29,1.29,0,0,0,1.6,0l16.635-12.936\" transform=\"translate(-1301.927 -174.288)\" fill=\"none\" stroke=\"#ff9e1b\" stroke-linecap=\"round\" stroke-linejoin=\"round\" stroke-width=\"1.5\"><\/path><path id=\"Trazado_417\" data-name=\"Trazado 417\" d=\"M1333.287,167.23l2.1,1.632a1.3,1.3,0,0,1,.5,1.023v18.869a2.608,2.608,0,0,1-2.6,2.6h-29.9a2.608,2.608,0,0,1-2.6-2.6V169.884a1.3,1.3,0,0,1,.5-1.023l2.1-1.632\" transform=\"translate(-1300.784 -153.65)\" fill=\"none\" stroke=\"#ff9e1b\" stroke-linecap=\"round\" stroke-linejoin=\"round\" stroke-width=\"1.5\"><\/path><line id=\"L&#xED;nea_54\" data-name=\"L&#xED;nea 54\" x1=\"8.639\" y2=\"6.995\" transform=\"translate(3.212 28.108)\" fill=\"none\" stroke=\"#ff9e1b\" stroke-linecap=\"round\" stroke-linejoin=\"round\" stroke-width=\"1.5\"><\/line><line id=\"L&#xED;nea_55\" data-name=\"L&#xED;nea 55\" x1=\"8.639\" y1=\"6.995\" transform=\"translate(23.253 28.108)\" fill=\"none\" stroke=\"#ff9e1b\" stroke-linecap=\"round\" stroke-linejoin=\"round\" stroke-width=\"1.5\"><\/line><path id=\"Trazado_418\" data-name=\"Trazado 418\" d=\"M1356.784,37.349V22.3a1.3,1.3,0,0,1,1.3-1.3h22.1a1.3,1.3,0,0,1,1.3,1.3V37.355\" transform=\"translate(-1351.583 -21)\" fill=\"none\" stroke=\"#ff9e1b\" stroke-linecap=\"round\" stroke-linejoin=\"round\" stroke-width=\"1.5\"><\/path><line id=\"L&#xED;nea_56\" data-name=\"L&#xED;nea 56\" x1=\"14.217\" transform=\"translate(10.443 5.2)\" fill=\"none\" stroke=\"#ff9e1b\" stroke-linecap=\"round\" stroke-linejoin=\"round\" stroke-width=\"1.5\"><\/line><line id=\"L&#xED;nea_57\" data-name=\"L&#xED;nea 57\" x1=\"14.217\" transform=\"translate(10.443 9.1)\" fill=\"none\" stroke=\"#ff9e1b\" stroke-linecap=\"round\" stroke-linejoin=\"round\" stroke-width=\"1.5\"><\/line><line id=\"L&#xED;nea_58\" data-name=\"L&#xED;nea 58\" x1=\"14.217\" transform=\"translate(10.443 13.001)\" fill=\"none\" stroke=\"#ff9e1b\" stroke-linecap=\"round\" stroke-linejoin=\"round\" stroke-width=\"1.5\"><\/line><line id=\"L&#xED;nea_59\" data-name=\"L&#xED;nea 59\" x1=\"14.217\" transform=\"translate(10.443 16.901)\" fill=\"none\" stroke=\"#ff9e1b\" stroke-linecap=\"round\" stroke-linejoin=\"round\" stroke-width=\"1.5\"><\/line><\/g><\/svg>\t\t\t\t<\/span>\n\t\t\t<\/div>\n\t\t\t\n\t\t\t\t\t\t<div class=\"elementor-icon-box-content\">\n\n\t\t\t\t\n\t\t\t\t\t\t\t\t\t<p class=\"elementor-icon-box-description\">\n\t\t\t\t\t\tinfo@lynxproaudio.com\t\t\t\t\t<\/p>\n\t\t\t\t\n\t\t\t<\/div>\n\t\t\t\n\t\t<\/div>\n\t\t\t\t\t\t<\/div>\n\t\t\t\t<div class=\"elementor-element elementor-element-5542a99 elementor-position-inline-start elementor-view-default elementor-mobile-position-block-start elementor-widget elementor-widget-icon-box\" data-id=\"5542a99\" data-element_type=\"widget\" data-e-type=\"widget\" data-settings=\"{&quot;wcf-animation&quot;:&quot;fade&quot;,&quot;delay&quot;:0.5,&quot;fade-from&quot;:&quot;left&quot;,&quot;wcf_enable_animation_editor&quot;:&quot;yes&quot;,&quot;aae_method&quot;:&quot;from&quot;,&quot;aae_trigger&quot;:&quot;on_scroll&quot;,&quot;data-duration&quot;:1.5,&quot;ease&quot;:&quot;power2.out&quot;,&quot;fade-offset&quot;:50}\" data-widget_type=\"icon-box.default\">\n\t\t\t\t\t\t\t<div class=\"elementor-icon-box-wrapper\">\n\n\t\t\t\t\t\t<div class=\"elementor-icon-box-icon\">\n\t\t\t\t<span  class=\"elementor-icon\">\n\t\t\t\t<svg xmlns=\"http:\/\/www.w3.org\/2000\/svg\" width=\"41.804\" height=\"41.803\" viewBox=\"0 0 41.804 41.803\"><g id=\"Grupo_567\" data-name=\"Grupo 567\" transform=\"translate(0.75 0.75)\"><ellipse id=\"Elipse_34\" data-name=\"Elipse 34\" cx=\"9.101\" cy=\"9.101\" rx=\"9.101\" ry=\"9.101\" transform=\"translate(22.102 22.102)\" fill=\"none\" stroke=\"#ff9e1b\" stroke-linecap=\"round\" stroke-linejoin=\"round\" stroke-width=\"1.5\"><\/ellipse><line id=\"L&#xED;nea_42\" data-name=\"L&#xED;nea 42\" x1=\"14.301\" transform=\"translate(12.351 2.6)\" fill=\"none\" stroke=\"#ff9e1b\" stroke-linecap=\"round\" stroke-linejoin=\"round\" stroke-width=\"1.5\"><\/line><path id=\"Trazado_413\" data-name=\"Trazado 413\" d=\"M1982.827,35h-4.55a2.6,2.6,0,0,0-2.6,2.6V66.2a2.6,2.6,0,0,0,2.6,2.6h18.13\" transform=\"translate(-1975.676 -32.4)\" fill=\"none\" stroke=\"#ff9e1b\" stroke-linecap=\"round\" stroke-linejoin=\"round\" stroke-width=\"1.5\"><\/path><path id=\"Trazado_414\" data-name=\"Trazado 414\" d=\"M2318.676,35h4.55a2.6,2.6,0,0,1,2.6,2.6V54.892\" transform=\"translate(-2286.823 -32.4)\" fill=\"none\" stroke=\"#ff9e1b\" stroke-linecap=\"round\" stroke-linejoin=\"round\" stroke-width=\"1.5\"><\/path><line id=\"L&#xED;nea_43\" data-name=\"L&#xED;nea 43\" x2=\"33.803\" transform=\"translate(2.6 11.701)\" fill=\"none\" stroke=\"#ff9e1b\" stroke-linecap=\"round\" stroke-linejoin=\"round\" stroke-width=\"1.5\"><\/line><line id=\"L&#xED;nea_44\" data-name=\"L&#xED;nea 44\" y2=\"7.801\" transform=\"translate(9.751)\" fill=\"none\" stroke=\"#ff9e1b\" stroke-linecap=\"round\" stroke-linejoin=\"round\" stroke-width=\"1.5\"><\/line><line id=\"L&#xED;nea_45\" data-name=\"L&#xED;nea 45\" x2=\"2.6\" transform=\"translate(8.451 7.801)\" fill=\"none\" stroke=\"#ff9e1b\" stroke-linecap=\"round\" stroke-linejoin=\"round\" stroke-width=\"1.5\"><\/line><line id=\"L&#xED;nea_46\" data-name=\"L&#xED;nea 46\" y2=\"7.801\" transform=\"translate(29.252)\" fill=\"none\" stroke=\"#ff9e1b\" stroke-linecap=\"round\" stroke-linejoin=\"round\" stroke-width=\"1.5\"><\/line><line id=\"L&#xED;nea_47\" data-name=\"L&#xED;nea 47\" x2=\"2.6\" transform=\"translate(27.953 7.801)\" fill=\"none\" stroke=\"#ff9e1b\" stroke-linecap=\"round\" stroke-linejoin=\"round\" stroke-width=\"1.5\"><\/line><line id=\"L&#xED;nea_48\" data-name=\"L&#xED;nea 48\" x2=\"3.9\" transform=\"translate(5.201 19.502)\" fill=\"none\" stroke=\"#ff9e1b\" stroke-linecap=\"round\" stroke-linejoin=\"round\" stroke-width=\"1.5\"><\/line><line id=\"L&#xED;nea_49\" data-name=\"L&#xED;nea 49\" x2=\"3.9\" transform=\"translate(13.651 19.502)\" fill=\"none\" stroke=\"#ff9e1b\" stroke-linecap=\"round\" stroke-linejoin=\"round\" stroke-width=\"1.5\"><\/line><line id=\"L&#xED;nea_50\" data-name=\"L&#xED;nea 50\" x2=\"3.9\" transform=\"translate(22.102 19.502)\" fill=\"none\" stroke=\"#ff9e1b\" stroke-linecap=\"round\" stroke-linejoin=\"round\" stroke-width=\"1.5\"><\/line><line id=\"L&#xED;nea_51\" data-name=\"L&#xED;nea 51\" x2=\"3.9\" transform=\"translate(30.553 19.502)\" fill=\"none\" stroke=\"#ff9e1b\" stroke-linecap=\"round\" stroke-linejoin=\"round\" stroke-width=\"1.5\"><\/line><line id=\"L&#xED;nea_52\" data-name=\"L&#xED;nea 52\" x2=\"3.9\" transform=\"translate(5.201 29.252)\" fill=\"none\" stroke=\"#ff9e1b\" stroke-linecap=\"round\" stroke-linejoin=\"round\" stroke-width=\"1.5\"><\/line><line id=\"L&#xED;nea_53\" data-name=\"L&#xED;nea 53\" x2=\"3.9\" transform=\"translate(13.651 29.252)\" fill=\"none\" stroke=\"#ff9e1b\" stroke-linecap=\"round\" stroke-linejoin=\"round\" stroke-width=\"1.5\"><\/line><path id=\"Trazado_415\" data-name=\"Trazado 415\" d=\"M2311.676,287v5.2l2.6,2.6\" transform=\"translate(-2280.474 -260.998)\" fill=\"none\" stroke=\"#ff9e1b\" stroke-linecap=\"round\" stroke-linejoin=\"round\" stroke-width=\"1.5\"><\/path><\/g><\/svg>\t\t\t\t<\/span>\n\t\t\t<\/div>\n\t\t\t\n\t\t\t\t\t\t<div class=\"elementor-icon-box-content\">\n\n\t\t\t\t\n\t\t\t\t\t\t\t\t\t<p class=\"elementor-icon-box-description\">\n\t\t\t\t\t\tLunes a Jueves: 8:00\u201317:00<br>\nViernes: 8:00\u201314:00\t\t\t\t\t<\/p>\n\t\t\t\t\n\t\t\t<\/div>\n\t\t\t\n\t\t<\/div>\n\t\t\t\t\t\t<\/div>\n\t\t\t\t<\/div>\n\t\t<div class=\"aae-disable-transition elementor-element elementor-element-af7671f e-con-full e-flex wcf-starter-animations-none e-con e-child\" data-id=\"af7671f\" data-element_type=\"container\" data-e-type=\"container\" data-settings=\"{&quot;background_background&quot;:&quot;classic&quot;,&quot;wcf_enable_cursor_hover_effect_text&quot;:&quot;View&quot;,&quot;wcf-animation&quot;:&quot;fade&quot;,&quot;delay&quot;:0.5,&quot;wcf_enable_animation_editor&quot;:&quot;yes&quot;,&quot;aae_method&quot;:&quot;from&quot;,&quot;aae_trigger&quot;:&quot;on_scroll&quot;,&quot;fade-from&quot;:&quot;bottom&quot;,&quot;data-duration&quot;:1.5,&quot;ease&quot;:&quot;power2.out&quot;,&quot;fade-offset&quot;:50,&quot;wcf_enable_horizontal_scroll&quot;:&quot;no&quot;}\">\n\t\t\t\t<div class=\"elementor-element elementor-element-7884cc7 lynx-form-contacto elementor-widget elementor-widget-html\" data-id=\"7884cc7\" data-element_type=\"widget\" data-e-type=\"widget\" data-settings=\"{&quot;wcf-animation&quot;:&quot;none&quot;}\" data-widget_type=\"html.default\">\n\t\t\t\t\t<div class=\"_form_113\"><\/div><script src=\"https:\/\/lynxproaudiosl.activehosted.com\/f\/embed.php?id=113\" charset=\"utf-8\"><\/script>\t\t\t\t<\/div>\n\t\t\t\t<\/div>\n\t\t<div class=\"aae-disable-transition elementor-element elementor-element-dcb135f e-con-full e-flex wcf-starter-animations-none e-con e-child\" data-id=\"dcb135f\" data-element_type=\"container\" data-e-type=\"container\" data-settings=\"{&quot;wcf_enable_cursor_hover_effect_text&quot;:&quot;View&quot;,&quot;wcf-animation&quot;:&quot;fade&quot;,&quot;delay&quot;:0.5,&quot;wcf_enable_animation_editor&quot;:&quot;yes&quot;,&quot;aae_method&quot;:&quot;from&quot;,&quot;aae_trigger&quot;:&quot;on_scroll&quot;,&quot;fade-from&quot;:&quot;bottom&quot;,&quot;data-duration&quot;:1.5,&quot;ease&quot;:&quot;power2.out&quot;,&quot;fade-offset&quot;:50,&quot;wcf_enable_horizontal_scroll&quot;:&quot;no&quot;}\">\n\t\t\t\t<div class=\"elementor-element elementor-element-271fa731 mapa-bn elementor-widget elementor-widget-google_maps\" data-id=\"271fa731\" data-element_type=\"widget\" data-e-type=\"widget\" data-settings=\"{&quot;wcf-animation&quot;:&quot;fade&quot;,&quot;data-duration&quot;:0.75,&quot;fade-offset&quot;:40,&quot;aae_method&quot;:&quot;from&quot;,&quot;aae_trigger&quot;:&quot;on_scroll&quot;,&quot;delay&quot;:0.15,&quot;fade-from&quot;:&quot;bottom&quot;,&quot;ease&quot;:&quot;power2.out&quot;}\" data-widget_type=\"google_maps.default\">\n\t\t\t\t\t\t\t<div class=\"elementor-custom-embed\">\n\t\t\t<iframe loading=\"lazy\"\n\t\t\t\t\tsrc=\"https:\/\/maps.google.com\/maps?q=LYNX%20PRO%20AUDIO%20%7C%20Fabricantes%20de%20sistemas%20de%20sonido%20profesional&#038;t=m&#038;z=12&#038;output=embed&#038;iwloc=near\"\n\t\t\t\t\ttitle=\"LYNX PRO AUDIO | Fabricantes de sistemas de sonido profesional\"\n\t\t\t\t\taria-label=\"LYNX PRO AUDIO | Fabricantes de sistemas de sonido profesional\"\n\t\t\t><\/iframe>\n\t\t<\/div>\n\t\t\t\t\t\t<\/div>\n\t\t\t\t<\/div>\n\t\t\t\t\t<\/div>\n\t\t\t\t<\/div>\n\t\t\t\t<\/div>\n\t\t","protected":false},"excerpt":{"rendered":"<p>Contacto Si requiere informaci\u00f3n t\u00e9cnica sobre nuestros sistemas de refuerzo sonoro y tecnolog\u00eda ac\u00fastica, o desea profundizar en las especificaciones de nuestros productos, no dudes en contactarnos. Estaremos encantados de ayudarte. Escribe un mensaje y te contactaremos lo antes posible. Calle 1, Pol. Ind. Picassent 46220 Picassent &#8211; Valencia +34 961 109 601 info@lynxproaudio.com Lunes [&hellip;]<\/p>\n","protected":false},"author":1,"featured_media":0,"parent":0,"menu_order":0,"comment_status":"closed","ping_status":"closed","template":"elementor_header_footer","meta":{"_acf_changed":false,"footnotes":""},"categoria-pagina":[],"class_list":["post-20780","page","type-page","status-publish","hentry"],"acf":[],"_links":{"self":[{"href":"https:\/\/pre.lynxproaudio.com\/es\/wp-json\/wp\/v2\/pages\/20780","targetHints":{"allow":["GET"]}}],"collection":[{"href":"https:\/\/pre.lynxproaudio.com\/es\/wp-json\/wp\/v2\/pages"}],"about":[{"href":"https:\/\/pre.lynxproaudio.com\/es\/wp-json\/wp\/v2\/types\/page"}],"author":[{"embeddable":true,"href":"https:\/\/pre.lynxproaudio.com\/es\/wp-json\/wp\/v2\/users\/1"}],"replies":[{"embeddable":true,"href":"https:\/\/pre.lynxproaudio.com\/es\/wp-json\/wp\/v2\/comments?post=20780"}],"version-history":[{"count":0,"href":"https:\/\/pre.lynxproaudio.com\/es\/wp-json\/wp\/v2\/pages\/20780\/revisions"}],"wp:attachment":[{"href":"https:\/\/pre.lynxproaudio.com\/es\/wp-json\/wp\/v2\/media?parent=20780"}],"wp:term":[{"taxonomy":"categoria-pagina","embeddable":true,"href":"https:\/\/pre.lynxproaudio.com\/es\/wp-json\/wp\/v2\/categoria-pagina?post=20780"}],"curies":[{"name":"wp","href":"https:\/\/api.w.org\/{rel}","templated":true}]}}