{"id":20586,"date":"2025-12-22T12:37:16","date_gmt":"2025-12-22T11:37:16","guid":{"rendered":"http:\/\/lynxproaudio.loading.net\/line-source\/"},"modified":"2026-04-08T16:18:13","modified_gmt":"2026-04-08T14:18:13","slug":"line-source","status":"publish","type":"page","link":"https:\/\/pre.lynxproaudio.com\/es\/line-source\/","title":{"rendered":"Line Source"},"content":{"rendered":"\t\t<div data-elementor-type=\"wp-page\" data-elementor-id=\"20586\" class=\"elementor elementor-20586 elementor-15840\" data-elementor-post-type=\"page\">\n\t\t\t\t<div class=\"elementor-element elementor-element-1d9560c9 e-con-full e-flex wcf-starter-animations-none e-con e-parent\" data-id=\"1d9560c9\" data-element_type=\"container\" data-e-type=\"container\" data-settings=\"{&quot;wcf_enable_cursor_hover_effect_text&quot;:&quot;View&quot;,&quot;background_background&quot;:&quot;classic&quot;,&quot;wcf-animation&quot;:&quot;none&quot;,&quot;wcf_enable_horizontal_scroll&quot;:&quot;no&quot;}\">\n\t\t\t\t<\/div>\n\t\t<div class=\"elementor-element elementor-element-0da91d3 e-flex e-con-boxed wcf-starter-animations-none e-con e-parent\" data-id=\"0da91d3\" data-element_type=\"container\" data-e-type=\"container\" data-settings=\"{&quot;wcf_enable_cursor_hover_effect_text&quot;:&quot;View&quot;,&quot;wcf-animation&quot;:&quot;none&quot;,&quot;wcf_enable_horizontal_scroll&quot;:&quot;no&quot;}\">\n\t\t\t\t\t<div class=\"e-con-inner\">\n\t\t\t\t<div class=\"elementor-element elementor-element-47a36e9 wcf-starter-animations-none wcf-t-animation-none elementor-widget elementor-widget-text-editor\" data-id=\"47a36e9\" data-element_type=\"widget\" data-e-type=\"widget\" data-settings=\"{&quot;wcf_starter_animations&quot;:&quot;none&quot;,&quot;wcf_anim_duration&quot;:1000,&quot;wcf_anim_delay&quot;:0,&quot;wcf_anim_ease&quot;:&quot;ease&quot;,&quot;wcf_text_animation&quot;:&quot;none&quot;,&quot;wcf-animation&quot;:&quot;none&quot;}\" data-widget_type=\"text-editor.default\">\n\t\t\t\t\t\t\t\t\t\t\t<div class=\"breadcrumbs\" typeof=\"BreadcrumbList\" vocab=\"https:\/\/schema.org\/\">\n\t\t\t<span property=\"itemListElement\" typeof=\"ListItem\"><a property=\"item\" typeof=\"WebPage\" title=\"Ir a Lynx Pro Audio.\" href=\"https:\/\/pre.lynxproaudio.com\/es\/\" class=\"home\" ><span property=\"name\">Lynx Pro Audio<\/span><\/a><meta property=\"position\" content=\"1\"><\/span> &gt; <span property=\"itemListElement\" typeof=\"ListItem\"><a property=\"item\" typeof=\"WebPage\" title=\"Ir a Blog.\" href=\"https:\/\/pre.lynxproaudio.com\/es\/blog\/\" class=\"post-root post post-post\" aria-current=\"page\"><span property=\"name\">Blog<\/span><\/a><meta property=\"position\" content=\"2\"><\/span>\t\t<\/div>\n\t\t\t\t\t\t\t\t\t<\/div>\n\t\t\t\t\t<\/div>\n\t\t\t\t<\/div>\n\t\t<div class=\"elementor-element elementor-element-a0e72aa e-flex e-con-boxed wcf-starter-animations-none e-con e-parent\" data-id=\"a0e72aa\" data-element_type=\"container\" data-e-type=\"container\" data-settings=\"{&quot;wcf_enable_cursor_hover_effect_text&quot;:&quot;View&quot;,&quot;wcf-animation&quot;:&quot;none&quot;,&quot;wcf_enable_horizontal_scroll&quot;:&quot;no&quot;}\">\n\t\t\t\t\t<div class=\"e-con-inner\">\n\t\t<div class=\"elementor-element elementor-element-deae1dd e-con-full e-flex wcf-starter-animations-none e-con e-child\" data-id=\"deae1dd\" data-element_type=\"container\" data-e-type=\"container\" data-settings=\"{&quot;wcf_enable_cursor_hover_effect_text&quot;:&quot;View&quot;,&quot;wcf-animation&quot;:&quot;none&quot;,&quot;wcf_enable_horizontal_scroll&quot;:&quot;no&quot;}\">\n\t\t<div class=\"elementor-element elementor-element-ba1fcd8 e-con-full e-flex wcf-starter-animations-none e-con e-child\" data-id=\"ba1fcd8\" data-element_type=\"container\" data-e-type=\"container\" data-settings=\"{&quot;wcf_enable_cursor_hover_effect_text&quot;:&quot;View&quot;,&quot;wcf-animation&quot;:&quot;none&quot;,&quot;wcf_enable_horizontal_scroll&quot;:&quot;no&quot;}\">\n\t\t\t\t<div class=\"elementor-element elementor-element-57c041e wcf-t-animation-text_move wcf-starter-animations-none elementor-widget elementor-widget-wcf--title\" data-id=\"57c041e\" data-element_type=\"widget\" data-e-type=\"widget\" data-settings=\"{&quot;text_transform_origin&quot;:&quot;top center -50&quot;,&quot;wcf_text_animation&quot;:&quot;text_move&quot;,&quot;wcf_starter_animations&quot;:&quot;none&quot;,&quot;wcf_anim_duration&quot;:1000,&quot;wcf_anim_delay&quot;:0,&quot;wcf_anim_ease&quot;:&quot;ease&quot;,&quot;aae_text_trigger&quot;:&quot;on_scroll&quot;,&quot;text_delay&quot;:0.15,&quot;text_duration&quot;:1,&quot;text_stagger&quot;:0.02,&quot;text_rotation_di&quot;:&quot;x&quot;,&quot;text_rotation&quot;:&quot;-80&quot;,&quot;wcf-animation&quot;:&quot;none&quot;}\" data-widget_type=\"wcf--title.default\">\n\t\t\t\t<div class=\"elementor-widget-container\">\n\t\t\t\t\t<h1 class=\"wcf--title\">Sistemas Line Source\n<\/h1>\t\t\t\t<\/div>\n\t\t\t\t<\/div>\n\t\t\t\t<\/div>\n\t\t<div class=\"elementor-element elementor-element-0825478 e-con-full e-flex wcf-starter-animations-none e-con e-child\" data-id=\"0825478\" data-element_type=\"container\" data-e-type=\"container\" data-settings=\"{&quot;wcf_enable_cursor_hover_effect_text&quot;:&quot;View&quot;,&quot;wcf-animation&quot;:&quot;none&quot;,&quot;wcf_enable_horizontal_scroll&quot;:&quot;no&quot;}\">\n\t\t\t\t<div class=\"elementor-element elementor-element-161c378 wcf-starter-animations-none wcf-t-animation-none elementor-widget elementor-widget-wcf--text\" data-id=\"161c378\" data-element_type=\"widget\" data-e-type=\"widget\" data-settings=\"{&quot;wcf-animation&quot;:&quot;fade&quot;,&quot;delay&quot;:0.5,&quot;wcf_enable_animation_editor&quot;:&quot;yes&quot;,&quot;wcf_starter_animations&quot;:&quot;none&quot;,&quot;wcf_anim_duration&quot;:1000,&quot;wcf_anim_delay&quot;:0,&quot;wcf_anim_ease&quot;:&quot;ease&quot;,&quot;wcf_text_animation&quot;:&quot;none&quot;,&quot;aae_method&quot;:&quot;from&quot;,&quot;aae_trigger&quot;:&quot;on_scroll&quot;,&quot;fade-from&quot;:&quot;bottom&quot;,&quot;data-duration&quot;:1.5,&quot;ease&quot;:&quot;power2.out&quot;,&quot;fade-offset&quot;:50}\" data-widget_type=\"wcf--text.default\">\n\t\t\t\t<div class=\"elementor-widget-container\">\n\t\t\t\t\t<div class=\"wcf--text\"><p>Los sistemas\u00a0<strong data-start=\"502\" data-end=\"517\">Line Source<\/strong>\u00a0de Lynx Pro Audio est\u00e1n dise\u00f1ados para ofrecer una distribuci\u00f3n sonora controlada y uniforme, proporcionando una soluci\u00f3n eficaz para aplicaciones de refuerzo sonoro donde se requiere claridad, consistencia y cobertura precisa. Su arquitectura permite crear configuraciones verticales que mejoran el control de directividad y la proyecci\u00f3n, adapt\u00e1ndose a diferentes entornos y requisitos ac\u00fasticos.<\/p><p data-start=\"918\" data-end=\"1231\">Cada sistema se fabrica siguiendo procesos cuidadosamente supervisados con el objetivo de garantizar estabilidad, fiabilidad y un rendimiento equilibrado. El dise\u00f1o ac\u00fastico y mec\u00e1nico se desarrolla para lograr un comportamiento predecible, manteniendo la coherencia del sonido a lo largo de la zona de cobertura.<\/p><p data-start=\"1233\" data-end=\"1440\">La configuraci\u00f3n y supervisi\u00f3n de los sistemas puede realizarse mediante el\u00a0<a href=\"https:\/\/www.lynxproaudio.com\/es\/soporte\/software\/ocs-online-control-system\/\"><strong>software de control OCS<\/strong><\/a>, que permite monitorizar par\u00e1metros esenciales y ajustar el funcionamiento de forma clara y organizada.<\/p><p data-start=\"1442\" data-end=\"1741\">Los sistemas Line Source de Lynx Pro Audio se emplean en una amplia variedad de aplicaciones, incluyendo\u00a0<strong data-start=\"1546\" data-end=\"1560\">conciertos<\/strong>, eventos en directo, instalaciones fijas, espacios culturales, salas de conferencias, centros educativos y proyectos donde se requiera un sistema compacto con cobertura controlada.<\/p><p data-start=\"1743\" data-end=\"1985\">Lynx Pro Audio contin\u00faa trabajando en soluciones que combinan precisi\u00f3n, fiabilidad y funcionalidad, con el prop\u00f3sito de ofrecer sistemas lineales de refuerzo sonoro capaces de adaptarse a diferentes necesidades de instalaci\u00f3n y sonorizaci\u00f3n.<\/p><\/div>\t\t\t\t<\/div>\n\t\t\t\t<\/div>\n\t\t\t\t<\/div>\n\t\t\t\t<\/div>\n\t\t\t\t\t<\/div>\n\t\t\t\t<\/div>\n\t\t<div class=\"elementor-element elementor-element-c40aba5 e-flex e-con-boxed wcf-starter-animations-none e-con e-parent\" data-id=\"c40aba5\" data-element_type=\"container\" data-e-type=\"container\" data-settings=\"{&quot;background_background&quot;:&quot;classic&quot;,&quot;wcf_enable_cursor_hover_effect_text&quot;:&quot;View&quot;,&quot;wcf-animation&quot;:&quot;none&quot;,&quot;wcf_enable_horizontal_scroll&quot;:&quot;no&quot;}\">\n\t\t\t\t\t<div class=\"e-con-inner\">\n\t\t\t\t<div class=\"elementor-element elementor-element-5607eb8 elementor-widget__width-inherit elementor-grid-laptop-1 elementor-grid-tablet-1 elementor-grid-1 elementor-widget elementor-widget-loop-grid\" data-id=\"5607eb8\" data-element_type=\"widget\" data-e-type=\"widget\" data-settings=\"{&quot;template_id&quot;:23915,&quot;columns_laptop&quot;:1,&quot;columns_tablet&quot;:1,&quot;row_gap&quot;:{&quot;unit&quot;:&quot;px&quot;,&quot;size&quot;:50,&quot;sizes&quot;:[]},&quot;row_gap_tablet&quot;:{&quot;unit&quot;:&quot;px&quot;,&quot;size&quot;:80,&quot;sizes&quot;:[]},&quot;columns&quot;:1,&quot;_skin&quot;:&quot;post&quot;,&quot;edit_handle_selector&quot;:&quot;[data-elementor-type=\\&quot;loop-item\\&quot;]&quot;,&quot;row_gap_laptop&quot;:{&quot;unit&quot;:&quot;px&quot;,&quot;size&quot;:&quot;&quot;,&quot;sizes&quot;:[]},&quot;row_gap_tablet_extra&quot;:{&quot;unit&quot;:&quot;px&quot;,&quot;size&quot;:&quot;&quot;,&quot;sizes&quot;:[]},&quot;row_gap_mobile_extra&quot;:{&quot;unit&quot;:&quot;px&quot;,&quot;size&quot;:&quot;&quot;,&quot;sizes&quot;:[]},&quot;row_gap_mobile&quot;:{&quot;unit&quot;:&quot;px&quot;,&quot;size&quot;:&quot;&quot;,&quot;sizes&quot;:[]},&quot;wcf-animation&quot;:&quot;none&quot;}\" data-widget_type=\"loop-grid.post\">\n\t\t\t\t<div class=\"elementor-widget-container\">\n\t\t\t\t\t\t\t<div class=\"elementor-loop-container elementor-grid\" role=\"list\">\n\t\t<style id=\"loop-23915\">.elementor-23915 .elementor-element.elementor-element-ea471e4{--display:flex;--gap:15px 15px;--row-gap:15px;--column-gap:15px;}.elementor-23915 .elementor-element.elementor-element-d8a2428{--display:flex;}.elementor-widget-image .widget-image-caption{color:var( --e-global-color-text );font-family:var( --e-global-typography-text-font-family ), Sans-serif;font-weight:var( --e-global-typography-text-font-weight );}.elementor-23915 .elementor-element.elementor-element-145f592{--wcf-duration:1000ms;--wcf-delay:0ms;--wcf-ease:ease;background-color:#FFFFFF;border-radius:10px 10px 10px 10px;}.elementor-23915 .elementor-element.elementor-element-145f592 img{height:345px;object-fit:scale-down;object-position:center center;border-radius:10px 10px 10px 10px;}.elementor-23915 .elementor-element.elementor-element-ae04d47{--display:flex;}.elementor-23915 .elementor-element.elementor-element-961f22e{text-align:center;--wcf-duration:1000ms;--wcf-delay:0ms;--wcf-ease:ease;}.elementor-23915 .elementor-element.elementor-element-961f22e .wcf--title{color:#FFFFFF;font-family:\"Akkurat\", Sans-serif;font-size:22px;font-weight:400;line-height:1.4em;}.elementor-23915 .elementor-element.elementor-element-961f22e .wcf--title .highlight{color:var( --e-global-color-primary );}.elementor-23915 .elementor-element.elementor-element-961f22e > .elementor-widget-container{padding:0px 0px 0px 0px;}.elementor-23915 .elementor-element.elementor-element-6fcc822{text-align:center;--wcf-duration:1000ms;--wcf-delay:0ms;--wcf-ease:ease;}.elementor-23915 .elementor-element.elementor-element-6fcc822 .wcf--text{color:var( --e-global-color-accent );}.elementor-23915 .elementor-element.elementor-element-6fcc822 .wcf--text, .elementor-23915 .elementor-element.elementor-element-6fcc822 .wcf--text *{font-family:\"Inter\", Sans-serif;font-size:15px;font-weight:400;}.elementor-23915 .elementor-element.elementor-element-85bd193{--display:flex;--flex-direction:row;--container-widget-width:initial;--container-widget-height:100%;--container-widget-flex-grow:1;--container-widget-align-self:stretch;--flex-wrap-mobile:wrap;--justify-content:center;--gap:15px 15px;--row-gap:15px;--column-gap:15px;}.elementor-widget-button .elementor-button{font-family:var( --e-global-typography-accent-font-family ), Sans-serif;font-weight:var( --e-global-typography-accent-font-weight );background-color:var( --e-global-color-accent );}.elementor-23915 .elementor-element.elementor-element-4c3f6a5 .elementor-button{font-family:\"Inter\", Sans-serif;font-size:15px;font-weight:400;letter-spacing:2px;fill:var( --e-global-color-primary );color:var( --e-global-color-primary );background-color:#61CE7000;border-style:solid;border-width:2px 2px 2px 2px;border-color:var( --e-global-color-primary );border-radius:200px 200px 200px 200px;}.elementor-23915 .elementor-element.elementor-element-4c3f6a5{padding:0px 0px 0px 0px;}.elementor-23915 .elementor-element.elementor-element-d3c104f .elementor-button{font-family:\"Inter\", Sans-serif;font-size:15px;font-weight:400;letter-spacing:2px;fill:var( --e-global-color-primary );color:var( --e-global-color-primary );background-color:#61CE7000;border-style:solid;border-width:2px 2px 2px 2px;border-color:var( --e-global-color-primary );border-radius:200px 200px 200px 200px;}.elementor-23915 .elementor-element.elementor-element-d3c104f{padding:0px 0px 0px 0px;}@media(max-width:1366px){.elementor-23915 .elementor-element.elementor-element-961f22e .wcf--title{font-size:50px;}.elementor-23915 .elementor-element.elementor-element-961f22e{width:initial;max-width:initial;}}@media(max-width:1024px){.elementor-23915 .elementor-element.elementor-element-961f22e .wcf--title{font-size:46px;}}@media(max-width:880px){.elementor-23915 .elementor-element.elementor-element-961f22e .wcf--title{font-size:36px;}}@media(max-width:767px){.elementor-23915 .elementor-element.elementor-element-961f22e .wcf--title{font-size:30px;}}\/* Start custom CSS for wcf--title, class: .elementor-element-961f22e *\/.elementor-23915 .elementor-element.elementor-element-961f22e img {\r\n    margin-bottom: -5px;\r\n}\r\n\r\n@media only screen and (min-width: 1025px) and (max-width: 1366px) {\r\n    .elementor-23915 .elementor-element.elementor-element-961f22e .title-icon {\r\n    width: 45px;\r\n}\r\n}\r\n\r\n@media only screen and (min-width: 881px) and (max-width: 1024px) {\r\n    .elementor-23915 .elementor-element.elementor-element-961f22e .title-icon {\r\n    width: 42px;\r\n}\r\n}\r\n\r\n@media only screen and (min-width: 768px) and (max-width: 880px) {\r\n    .elementor-23915 .elementor-element.elementor-element-961f22e .title-icon {\r\n    width: 38px;\r\n}\r\n}\r\n\r\n@media (max-width: 767px) {\r\n    .elementor-23915 .elementor-element.elementor-element-961f22e .title-icon {\r\n    width: 32px;\r\n}\r\n}\/* End custom CSS *\/<\/style>\t\t<div data-elementor-type=\"loop-item\" data-elementor-id=\"23915\" class=\"elementor elementor-23915 elementor-14803 elementor-14803 e-loop-item e-loop-item-12890 post-12890 producto type-producto status-publish has-post-thumbnail hentry categoria-line-source categoria-serie-cxa tipo-activo\" data-elementor-post-type=\"elementor_library\" data-custom-edit-handle=\"1\">\n\t\t\t<div class=\"elementor-element elementor-element-ea471e4 e-flex e-con-boxed wcf-starter-animations-none e-con e-child\" data-id=\"ea471e4\" data-element_type=\"container\" data-e-type=\"container\" data-settings=\"{&quot;wcf_enable_cursor_hover_effect_text&quot;:&quot;View&quot;,&quot;wcf-animation&quot;:&quot;none&quot;,&quot;wcf_enable_horizontal_scroll&quot;:&quot;no&quot;}\">\n\t\t\t\t\t<div class=\"e-con-inner\">\n\t\t<a class=\"elementor-element elementor-element-d8a2428 e-con-full e-flex wcf-starter-animations-none e-con e-child\" data-id=\"d8a2428\" data-element_type=\"container\" data-e-type=\"container\" data-settings=\"{&quot;wcf_enable_cursor_hover_effect_text&quot;:&quot;View&quot;,&quot;wcf-animation&quot;:&quot;none&quot;,&quot;wcf_enable_horizontal_scroll&quot;:&quot;no&quot;}\" href=\"https:\/\/pre.lynxproaudio.com\/es\/producto\/cxa-12\/\">\n\t\t\t\t<div class=\"elementor-element elementor-element-145f592 wcf-starter-animations-none elementor-widget elementor-widget-image\" data-id=\"145f592\" data-element_type=\"widget\" data-e-type=\"widget\" data-settings=\"{&quot;wcf-image-animation&quot;:&quot;reveal&quot;,&quot;wcf_img_animation_editor&quot;:&quot;yes&quot;,&quot;aae_a_start_from&quot;:&quot;bottom&quot;,&quot;wcf_starter_animations&quot;:&quot;none&quot;,&quot;wcf_anim_duration&quot;:1000,&quot;wcf_anim_delay&quot;:0,&quot;wcf_anim_ease&quot;:&quot;ease&quot;,&quot;wcf-animation-start&quot;:&quot;top center&quot;,&quot;image-ease&quot;:&quot;power2.out&quot;,&quot;wcf-animation&quot;:&quot;none&quot;}\" data-widget_type=\"image.default\">\n\t\t\t\t\t\t\t\t\t\t\t\t\t\t\t<img loading=\"lazy\" decoding=\"async\" width=\"1000\" height=\"700\" src=\"https:\/\/pre.lynxproaudio.com\/wp-content\/uploads\/2025\/10\/0005_CXA-12-Frontal-2000px.jpg\" class=\"attachment-full size-full wp-image-26029\" alt=\"\" srcset=\"https:\/\/pre.lynxproaudio.com\/wp-content\/uploads\/2025\/10\/0005_CXA-12-Frontal-2000px.jpg 1000w, https:\/\/pre.lynxproaudio.com\/wp-content\/uploads\/2025\/10\/0005_CXA-12-Frontal-2000px-300x210.jpg 300w, https:\/\/pre.lynxproaudio.com\/wp-content\/uploads\/2025\/10\/0005_CXA-12-Frontal-2000px-768x538.jpg 768w, https:\/\/pre.lynxproaudio.com\/wp-content\/uploads\/2025\/10\/0005_CXA-12-Frontal-2000px-610x427.jpg 610w\" sizes=\"(max-width: 1000px) 100vw, 1000px\" \/>\t\t\t\t\t\t\t\t\t\t\t\t\t\t\t<\/div>\n\t\t\t\t<\/a>\n\t\t<div class=\"elementor-element elementor-element-ae04d47 e-con-full e-flex wcf-starter-animations-none e-con e-child\" data-id=\"ae04d47\" data-element_type=\"container\" data-e-type=\"container\" data-settings=\"{&quot;wcf_enable_cursor_hover_effect_text&quot;:&quot;View&quot;,&quot;wcf-animation&quot;:&quot;none&quot;,&quot;wcf_enable_horizontal_scroll&quot;:&quot;no&quot;}\">\n\t\t\t\t<div class=\"elementor-element elementor-element-961f22e elementor-widget-laptop__width-initial wcf-t-animation-text_move wcf-starter-animations-none elementor-widget elementor-widget-wcf--title\" data-id=\"961f22e\" data-element_type=\"widget\" data-e-type=\"widget\" data-settings=\"{&quot;text_transform_origin&quot;:&quot;top center -50&quot;,&quot;wcf_text_animation&quot;:&quot;text_move&quot;,&quot;aae_text_trigger&quot;:&quot;on_page_load&quot;,&quot;wcf_starter_animations&quot;:&quot;none&quot;,&quot;wcf_anim_duration&quot;:1000,&quot;wcf_anim_delay&quot;:0,&quot;wcf_anim_ease&quot;:&quot;ease&quot;,&quot;text_delay&quot;:0.15,&quot;text_duration&quot;:1,&quot;text_stagger&quot;:0.02,&quot;text_rotation_di&quot;:&quot;x&quot;,&quot;text_rotation&quot;:&quot;-80&quot;,&quot;wcf-animation&quot;:&quot;none&quot;}\" data-widget_type=\"wcf--title.default\">\n\t\t\t\t<div class=\"elementor-widget-container\">\n\t\t\t\t\t<h4 class=\"wcf--title\">CXA-12<\/h4>\t\t\t\t<\/div>\n\t\t\t\t<\/div>\n\t\t\t\t<div class=\"elementor-element elementor-element-6fcc822 wcf-t-animation-text_move wcf-starter-animations-none elementor-widget elementor-widget-wcf--text\" data-id=\"6fcc822\" data-element_type=\"widget\" data-e-type=\"widget\" data-settings=\"{&quot;wcf_text_animation&quot;:&quot;text_move&quot;,&quot;text_transform_origin&quot;:&quot;top center -50&quot;,&quot;aae_text_trigger&quot;:&quot;on_page_load&quot;,&quot;wcf_starter_animations&quot;:&quot;none&quot;,&quot;wcf_anim_duration&quot;:1000,&quot;wcf_anim_delay&quot;:0,&quot;wcf_anim_ease&quot;:&quot;ease&quot;,&quot;text_delay&quot;:0.15,&quot;text_duration&quot;:1,&quot;text_stagger&quot;:0.02,&quot;text_rotation_di&quot;:&quot;x&quot;,&quot;text_rotation&quot;:&quot;-80&quot;,&quot;wcf-animation&quot;:&quot;none&quot;}\" data-widget_type=\"wcf--text.default\">\n\t\t\t\t<div class=\"elementor-widget-container\">\n\t\t\t\t\t<div class=\"wcf--text\">1 altavoz de 12\u201d con gu\u00eda de ondas multidriver, 1400 W, 128 dB SPL<\/div>\t\t\t\t<\/div>\n\t\t\t\t<\/div>\n\t\t\t\t<\/div>\n\t\t<div class=\"elementor-element elementor-element-85bd193 e-con-full e-flex wcf-starter-animations-none e-con e-child\" data-id=\"85bd193\" data-element_type=\"container\" data-e-type=\"container\" data-settings=\"{&quot;wcf_enable_cursor_hover_effect_text&quot;:&quot;View&quot;,&quot;wcf-animation&quot;:&quot;none&quot;,&quot;wcf_enable_horizontal_scroll&quot;:&quot;no&quot;}\">\n\t\t\t\t<div class=\"elementor-element elementor-element-4c3f6a5 elementor-align-center boton-activo elementor-widget elementor-widget-button\" data-id=\"4c3f6a5\" data-element_type=\"widget\" data-e-type=\"widget\" data-settings=\"{&quot;wcf-animation&quot;:&quot;fade&quot;,&quot;wcf_enable_animation_editor&quot;:&quot;yes&quot;,&quot;delay&quot;:0.4,&quot;aae_trigger&quot;:&quot;on_page_load&quot;,&quot;aae_method&quot;:&quot;from&quot;,&quot;fade-from&quot;:&quot;bottom&quot;,&quot;data-duration&quot;:1.5,&quot;ease&quot;:&quot;power2.out&quot;,&quot;fade-offset&quot;:50}\" data-widget_type=\"button.default\">\n\t\t\t\t\t\t\t\t\t\t<a class=\"elementor-button elementor-button-link elementor-size-sm\" href=\"https:\/\/pre.lynxproaudio.com\/es\/producto\/cxa-12\/\">\n\t\t\t\t\t\t<span class=\"elementor-button-content-wrapper\">\n\t\t\t\t\t\t\t\t\t<span class=\"elementor-button-text\">ACTIVO<\/span>\n\t\t\t\t\t<\/span>\n\t\t\t\t\t<\/a>\n\t\t\t\t\t\t\t\t<\/div>\n\t\t\t\t<div class=\"elementor-element elementor-element-d3c104f elementor-align-center boton-pasivo elementor-widget elementor-widget-button\" data-id=\"d3c104f\" data-element_type=\"widget\" data-e-type=\"widget\" data-settings=\"{&quot;wcf-animation&quot;:&quot;fade&quot;,&quot;wcf_enable_animation_editor&quot;:&quot;yes&quot;,&quot;delay&quot;:0.4,&quot;aae_trigger&quot;:&quot;on_page_load&quot;,&quot;aae_method&quot;:&quot;from&quot;,&quot;fade-from&quot;:&quot;bottom&quot;,&quot;data-duration&quot;:1.5,&quot;ease&quot;:&quot;power2.out&quot;,&quot;fade-offset&quot;:50}\" data-widget_type=\"button.default\">\n\t\t\t\t\t\t\t\t\t\t<a class=\"elementor-button elementor-button-link elementor-size-sm\" href=\"https:\/\/pre.lynxproaudio.com\/es\/producto\/cxa-12p\/\">\n\t\t\t\t\t\t<span class=\"elementor-button-content-wrapper\">\n\t\t\t\t\t\t\t\t\t<span class=\"elementor-button-text\">PASIVO<\/span>\n\t\t\t\t\t<\/span>\n\t\t\t\t\t<\/a>\n\t\t\t\t\t\t\t\t<\/div>\n\t\t\t\t<\/div>\n\t\t\t\t\t<\/div>\n\t\t\t\t<\/div>\n\t\t\t\t<\/div>\n\t\t\t\t<\/div>\n\t\t\n\t\t\t\t\t\t<\/div>\n\t\t\t\t<\/div>\n\t\t\t\t\t<\/div>\n\t\t\t\t<\/div>\n\t\t\t\t<\/div>\n\t\t","protected":false},"excerpt":{"rendered":"<p>Sistemas Line Source Los sistemas\u00a0Line Source\u00a0de Lynx Pro Audio est\u00e1n dise\u00f1ados para ofrecer una distribuci\u00f3n sonora controlada y uniforme, proporcionando una soluci\u00f3n eficaz para aplicaciones de refuerzo sonoro donde se requiere claridad, consistencia y cobertura precisa. Su arquitectura permite crear configuraciones verticales que mejoran el control de directividad y la proyecci\u00f3n, adapt\u00e1ndose a diferentes entornos [&hellip;]<\/p>\n","protected":false},"author":1,"featured_media":0,"parent":0,"menu_order":0,"comment_status":"closed","ping_status":"closed","template":"elementor_header_footer","meta":{"_acf_changed":false,"footnotes":""},"categoria-pagina":[],"class_list":["post-20586","page","type-page","status-publish","hentry"],"acf":[],"_links":{"self":[{"href":"https:\/\/pre.lynxproaudio.com\/es\/wp-json\/wp\/v2\/pages\/20586","targetHints":{"allow":["GET"]}}],"collection":[{"href":"https:\/\/pre.lynxproaudio.com\/es\/wp-json\/wp\/v2\/pages"}],"about":[{"href":"https:\/\/pre.lynxproaudio.com\/es\/wp-json\/wp\/v2\/types\/page"}],"author":[{"embeddable":true,"href":"https:\/\/pre.lynxproaudio.com\/es\/wp-json\/wp\/v2\/users\/1"}],"replies":[{"embeddable":true,"href":"https:\/\/pre.lynxproaudio.com\/es\/wp-json\/wp\/v2\/comments?post=20586"}],"version-history":[{"count":0,"href":"https:\/\/pre.lynxproaudio.com\/es\/wp-json\/wp\/v2\/pages\/20586\/revisions"}],"wp:attachment":[{"href":"https:\/\/pre.lynxproaudio.com\/es\/wp-json\/wp\/v2\/media?parent=20586"}],"wp:term":[{"taxonomy":"categoria-pagina","embeddable":true,"href":"https:\/\/pre.lynxproaudio.com\/es\/wp-json\/wp\/v2\/categoria-pagina?post=20586"}],"curies":[{"name":"wp","href":"https:\/\/api.w.org\/{rel}","templated":true}]}}